{"id":993,"date":"2022-03-04T14:24:59","date_gmt":"2022-03-04T12:24:59","guid":{"rendered":"https:\/\/purjehduskurssi.com\/?page_id=993"},"modified":"2023-10-06T09:14:46","modified_gmt":"2023-10-06T06:14:46","slug":"retkipurjehdukset-2","status":"publish","type":"page","link":"https:\/\/purjehduskurssi.com\/en\/retkipurjehdukset-2\/","title":{"rendered":"Sailing trips"},"content":{"rendered":"<style>.kb-row-layout-wrap.wp-block-kadence-rowlayout.kb-row-layout-id993_89f9af-b3{margin-bottom:50px;}.kb-row-layout-id993_89f9af-b3 > .kt-row-column-wrap{align-content:center;}:where(.kb-row-layout-id993_89f9af-b3 > .kt-row-column-wrap) > .wp-block-kadence-column{justify-content:center;}.kb-row-layout-id993_89f9af-b3 > .kt-row-column-wrap{column-gap:var(--global-kb-gap-md, 2rem);row-gap:var(--global-kb-gap-md, 2rem);max-width:var( --global-content-width, 935px );padding-left:var(--global-content-edge-padding);padding-right:var(--global-content-edge-padding);padding-top:25px;padding-right:70px;padding-bottom:25px;padding-left:70px;min-height:400px;grid-template-columns:minmax(0, 1fr);}.kb-row-layout-id993_89f9af-b3{background-image:url('https:\/\/purjehduskurssi.com\/wp-content\/uploads\/2022\/03\/IMG-20210918-WA0040.jpg');background-size:cover;background-position:79% 53%;background-attachment:scroll;background-repeat:no-repeat;}.kb-row-layout-id993_89f9af-b3 > .kt-row-layout-overlay{opacity:0.06;background-color:var(--global-palette1, #3182CE);}.kb-row-layout-id993_89f9af-b3 .kt-row-layout-bottom-sep{height:100px;}.kb-row-layout-id993_89f9af-b3 .kt-row-layout-bottom-sep svg{width:100%;}.kb-row-layout-id993_89f9af-b3 .kt-row-layout-bottom-sep svg{fill:var(--global-palette8, #F7FAFC)!important;}@media all and (max-width: 1024px){.kb-row-layout-id993_89f9af-b3 > .kt-row-column-wrap{grid-template-columns:minmax(0, 1fr);}}@media all and (max-width: 1024px){.kb-row-layout-id993_89f9af-b3 .kt-row-layout-bottom-sep{height:px;}}@media all and (max-width: 1024px){.kb-row-layout-id993_89f9af-b3 .kt-row-layout-bottom-sep svg{width:%;}}@media all and (max-width: 767px){.kb-row-layout-id993_89f9af-b3 > .kt-row-column-wrap{padding-right:30px;padding-left:30px;grid-template-columns:minmax(0, 1fr);}.kb-row-layout-id993_89f9af-b3 .kt-row-layout-bottom-sep{height:px;}.kb-row-layout-id993_89f9af-b3 .kt-row-layout-bottom-sep svg{width:%;}}<\/style><div class=\"kb-row-layout-wrap kb-row-layout-id993_89f9af-b3 alignnone kt-row-has-bg wp-block-kadence-rowlayout\"><div class=\"kt-row-layout-overlay kt-row-overlay-normal\"><\/div><div class=\"kt-row-layout-bottom-sep kt-row-sep-type-mtns\"><svg viewBox=\"0 0 1000 100\" preserveAspectRatio=\"none\"><path d=\"M1000,50l-182.69,-45.286l-292.031,61.197l-190.875,-41.075l-143.748,28.794l-190.656,-23.63l0,70l1000,0l0,-50Z\" style=\"opacity: 0.4\" \/><path d=\"M1000,57l-152.781,-22.589l-214.383,19.81l-159.318,-21.471l-177.44,25.875l-192.722,5.627l-103.356,-27.275l0,63.023l1000,0l0,-43Z\" \/><\/svg><\/div><div class=\"kt-row-column-wrap kt-has-1-columns kt-row-layout-equal kt-tab-layout-inherit kt-mobile-layout-row kt-row-valign-middle kb-theme-content-width\">\n<style>.kadence-column993_9094c4-ec > .kt-inside-inner-col{display:flex;}.kadence-column993_9094c4-ec > .kt-inside-inner-col,.kadence-column993_9094c4-ec > .kt-inside-inner-col:before{border-top-left-radius:0px;border-top-right-radius:0px;border-bottom-right-radius:0px;border-bottom-left-radius:0px;}.kadence-column993_9094c4-ec > .kt-inside-inner-col{column-gap:var(--global-kb-gap-sm, 1rem);}.kadence-column993_9094c4-ec > .kt-inside-inner-col{flex-direction:column;justify-content:center;}.kadence-column993_9094c4-ec > .kt-inside-inner-col > .aligncenter{width:100%;}.kt-row-column-wrap > .kadence-column993_9094c4-ec{align-self:center;}.kt-inner-column-height-full:not(.kt-has-1-columns) > .wp-block-kadence-column.kadence-column993_9094c4-ec{align-self:auto;}.kt-inner-column-height-full:not(.kt-has-1-columns) > .wp-block-kadence-column.kadence-column993_9094c4-ec > .kt-inside-inner-col{flex-direction:column;justify-content:center;}.kadence-column993_9094c4-ec > .kt-inside-inner-col:before{opacity:0.3;}.kadence-column993_9094c4-ec{position:relative;}@media all and (max-width: 1024px){.kt-row-column-wrap > .kadence-column993_9094c4-ec{align-self:center;}}@media all and (max-width: 1024px){.kt-inner-column-height-full:not(.kt-has-1-columns) > .wp-block-kadence-column.kadence-column993_9094c4-ec{align-self:auto;}}@media all and (max-width: 1024px){.kt-inner-column-height-full:not(.kt-has-1-columns) > .wp-block-kadence-column.kadence-column993_9094c4-ec > .kt-inside-inner-col{flex-direction:column;justify-content:center;}}@media all and (max-width: 1024px){.kadence-column993_9094c4-ec > .kt-inside-inner-col{flex-direction:column;justify-content:center;}}@media all and (max-width: 767px){.kt-row-column-wrap > .kadence-column993_9094c4-ec{align-self:center;}.kt-inner-column-height-full:not(.kt-has-1-columns) > .wp-block-kadence-column.kadence-column993_9094c4-ec{align-self:auto;}.kt-inner-column-height-full:not(.kt-has-1-columns) > .wp-block-kadence-column.kadence-column993_9094c4-ec > .kt-inside-inner-col{flex-direction:column;justify-content:center;}.kadence-column993_9094c4-ec > .kt-inside-inner-col{flex-direction:column;justify-content:center;}}<\/style>\n<div class=\"wp-block-kadence-column kadence-column993_9094c4-ec inner-column-1\"><div class=\"kt-inside-inner-col\"><h1 class=\"has-text-align-center wp-block-post-title has-text-color has-theme-palette-9-color\">Retkipurjehdukset<\/h1><\/div><\/div>\n\n<\/div><\/div>\n\n<style>.kb-row-layout-id993_0aec0f-1c > .kt-row-column-wrap{align-content:start;}:where(.kb-row-layout-id993_0aec0f-1c > .kt-row-column-wrap) > .wp-block-kadence-column{justify-content:start;}.kb-row-layout-id993_0aec0f-1c > .kt-row-column-wrap{column-gap:var(--global-kb-gap-md, 2rem);row-gap:var(--global-kb-gap-md, 2rem);max-width:900px;margin-left:auto;margin-right:auto;padding-top:25px;padding-right:70px;padding-bottom:100px;padding-left:70px;grid-template-columns:minmax(0, 1fr);}.kb-row-layout-id993_0aec0f-1c > .kt-row-layout-overlay{opacity:0.30;}.kb-row-layout-id993_0aec0f-1c .kt-row-layout-bottom-sep{height:100px;}.kb-row-layout-id993_0aec0f-1c .kt-row-layout-bottom-sep svg{width:100%;}.kb-row-layout-id993_0aec0f-1c .kt-row-layout-bottom-sep svg{fill:var(--global-palette1, #3182CE)!important;}@media all and (max-width: 1024px){.kb-row-layout-id993_0aec0f-1c > .kt-row-column-wrap{grid-template-columns:minmax(0, 1fr);}}@media all and (max-width: 1024px){.kb-row-layout-id993_0aec0f-1c .kt-row-layout-bottom-sep{height:px;}}@media all and (max-width: 1024px){.kb-row-layout-id993_0aec0f-1c .kt-row-layout-bottom-sep svg{width:%;}}@media all and (max-width: 767px){.kb-row-layout-id993_0aec0f-1c > .kt-row-column-wrap{padding-right:30px;padding-left:30px;grid-template-columns:minmax(0, 1fr);}.kb-row-layout-id993_0aec0f-1c .kt-row-layout-bottom-sep{height:px;}.kb-row-layout-id993_0aec0f-1c .kt-row-layout-bottom-sep svg{width:%;}}<\/style><div class=\"kb-row-layout-wrap kb-row-layout-id993_0aec0f-1c alignnone wp-block-kadence-rowlayout\"><div class=\"kt-row-layout-bottom-sep kt-row-sep-type-mtns\"><svg viewBox=\"0 0 1000 100\" preserveAspectRatio=\"none\"><path d=\"M1000,50l-182.69,-45.286l-292.031,61.197l-190.875,-41.075l-143.748,28.794l-190.656,-23.63l0,70l1000,0l0,-50Z\" style=\"opacity: 0.4\" \/><path d=\"M1000,57l-152.781,-22.589l-214.383,19.81l-159.318,-21.471l-177.44,25.875l-192.722,5.627l-103.356,-27.275l0,63.023l1000,0l0,-43Z\" \/><\/svg><\/div><div class=\"kt-row-column-wrap kt-has-1-columns kt-row-layout-equal kt-tab-layout-inherit kt-mobile-layout-row kt-row-valign-top\">\n<style>.kadence-column993_59c786-e5 > .kt-inside-inner-col,.kadence-column993_59c786-e5 > .kt-inside-inner-col:before{border-top-left-radius:0px;border-top-right-radius:0px;border-bottom-right-radius:0px;border-bottom-left-radius:0px;}.kadence-column993_59c786-e5 > .kt-inside-inner-col{column-gap:var(--global-kb-gap-sm, 1rem);}.kadence-column993_59c786-e5 > .kt-inside-inner-col{flex-direction:column;}.kadence-column993_59c786-e5 > .kt-inside-inner-col > .aligncenter{width:100%;}.kadence-column993_59c786-e5 > .kt-inside-inner-col:before{opacity:0.3;}.kadence-column993_59c786-e5{position:relative;}@media all and (max-width: 1024px){.kadence-column993_59c786-e5 > .kt-inside-inner-col{flex-direction:column;justify-content:center;}}@media all and (max-width: 767px){.kadence-column993_59c786-e5 > .kt-inside-inner-col{flex-direction:column;justify-content:center;}}<\/style>\n<div class=\"wp-block-kadence-column kadence-column993_59c786-e5 inner-column-1\"><div class=\"kt-inside-inner-col\">\n<p>Retkipurjehduksille voi osallistua kuka tahansa purjehduksesta kiinnostunut ilman ennakkovaatimuksia. Retkipurjehdukset sopivat hyvin my\u00f6s kurssin k\u00e4yneille lis\u00e4harjoitteluun. Purjehduksilla kaikki saavat osallistua sek\u00e4 purjehdukseen ett\u00e4 kaikkiin veneess\u00e4 el\u00e4miseen liittyviin askareisiin.&nbsp;<\/p>\n\n\n\n<p>V\u00e4hint\u00e4\u00e4n nelj\u00e4 p\u00e4iv\u00e4\u00e4 kest\u00e4vien retkien yhteydess\u00e4 voi suorittaa my\u00f6s purjehtija- tai saaristop\u00e4\u00e4llikk\u00f6kurssin.&nbsp;<\/p>\n\n\n<style>.wp-block-kadence-advancedheading.kt-adv-heading993_c6a9cb-2b, .wp-block-kadence-advancedheading.kt-adv-heading993_c6a9cb-2b[data-kb-block=\"kb-adv-heading993_c6a9cb-2b\"]{font-style:normal;}.wp-block-kadence-advancedheading.kt-adv-heading993_c6a9cb-2b mark.kt-highlight, .wp-block-kadence-advancedheading.kt-adv-heading993_c6a9cb-2b[data-kb-block=\"kb-adv-heading993_c6a9cb-2b\"] mark.kt-highlight{font-style:normal;color:#f76a0c;-webkit-box-decoration-break:clone;box-decoration-break:clone;padding-top:0px;padding-right:0px;padding-bottom:0px;padding-left:0px;}.wp-block-kadence-advancedheading.kt-adv-heading993_c6a9cb-2b img.kb-inline-image, .wp-block-kadence-advancedheading.kt-adv-heading993_c6a9cb-2b[data-kb-block=\"kb-adv-heading993_c6a9cb-2b\"] img.kb-inline-image{width:150px;vertical-align:baseline;}<\/style>\n<h6 class=\"kt-adv-heading993_c6a9cb-2b wp-block-kadence-advancedheading\" data-kb-block=\"kb-adv-heading993_c6a9cb-2b\">Hintaan sis\u00e4ltyy<\/h6>\n\n\n\n<p>Retkipurjehdusten hintaan sis\u00e4ltyy veneen kulut, veneiss\u00e4 peitot ja vuodevaatteet y\u00f6pymiseen ja opastus purjehdukseen. Kurssipaikkoihin sis\u00e4ltyy koulutus ja retken yhteydess\u00e4 k\u00e4sitelt\u00e4v\u00e4t teorian perusteet sek\u00e4 oppikirjat. <\/p>\n\n\n\n<ul class=\"has-small-font-size wp-block-list\">\n<li><mark style=\"background-color:rgba(0, 0, 0, 0)\" class=\"has-inline-color has-theme-palette-1-color\">Laajempaa perusteiden k\u00e4sittely\u00e4 haluaville suosittelemme erillist\u00e4 teoriakurssia<\/mark> (65e).<\/li>\n<\/ul>\n\n\n<style>.wp-block-kadence-advancedheading.kt-adv-heading993_a355a6-db, .wp-block-kadence-advancedheading.kt-adv-heading993_a355a6-db[data-kb-block=\"kb-adv-heading993_a355a6-db\"]{font-style:normal;}.wp-block-kadence-advancedheading.kt-adv-heading993_a355a6-db mark.kt-highlight, .wp-block-kadence-advancedheading.kt-adv-heading993_a355a6-db[data-kb-block=\"kb-adv-heading993_a355a6-db\"] mark.kt-highlight{font-style:normal;color:#f76a0c;-webkit-box-decoration-break:clone;box-decoration-break:clone;padding-top:0px;padding-right:0px;padding-bottom:0px;padding-left:0px;}.wp-block-kadence-advancedheading.kt-adv-heading993_a355a6-db img.kb-inline-image, .wp-block-kadence-advancedheading.kt-adv-heading993_a355a6-db[data-kb-block=\"kb-adv-heading993_a355a6-db\"] img.kb-inline-image{width:150px;vertical-align:baseline;}<\/style>\n<h6 class=\"kt-adv-heading993_a355a6-db wp-block-kadence-advancedheading\" data-kb-block=\"kb-adv-heading993_a355a6-db\">Oppimateriaali<\/h6>\n\n\n\n<p>Purjehtijakurssin oppimateriaalina k\u00e4ytet\u00e4\u00e4n Poryn julkaisemaa kirjaa <strong>Purjehtimaan<\/strong>. Saaristo- ja rannikkop\u00e4\u00e4llikk\u00f6kursseilla k\u00e4ytet\u00e4\u00e4n Poryn kirjaa <strong>Purjeveneen p\u00e4\u00e4llik\u00f6ksi<\/strong>. P\u00e4\u00e4llikk\u00f6kursseihin sis\u00e4ltyy erillinen satamaharjoittelu, jollei harjoituksia voida sis\u00e4llytt\u00e4\u00e4 retkeen.<\/p>\n\n\n<style>.wp-block-kadence-advancedheading.kt-adv-heading993_63789d-55, .wp-block-kadence-advancedheading.kt-adv-heading993_63789d-55[data-kb-block=\"kb-adv-heading993_63789d-55\"]{font-style:normal;}.wp-block-kadence-advancedheading.kt-adv-heading993_63789d-55 mark.kt-highlight, .wp-block-kadence-advancedheading.kt-adv-heading993_63789d-55[data-kb-block=\"kb-adv-heading993_63789d-55\"] mark.kt-highlight{font-style:normal;color:#f76a0c;-webkit-box-decoration-break:clone;box-decoration-break:clone;padding-top:0px;padding-right:0px;padding-bottom:0px;padding-left:0px;}.wp-block-kadence-advancedheading.kt-adv-heading993_63789d-55 img.kb-inline-image, .wp-block-kadence-advancedheading.kt-adv-heading993_63789d-55[data-kb-block=\"kb-adv-heading993_63789d-55\"] img.kb-inline-image{width:150px;vertical-align:baseline;}<\/style>\n<h6 class=\"kt-adv-heading993_63789d-55 wp-block-kadence-advancedheading\" data-kb-block=\"kb-adv-heading993_63789d-55\">Venekassa<\/h6>\n\n\n\n<p>Veneruokailut ja satamamaksut hoidetaan venekassa -periaatteella, eli kokonaiskustannukset jaetaan tasapuolisesti osallistujille. <\/p>\n<\/div><\/div>\n\n<\/div><\/div>\n\n<style>.kb-row-layout-id993_185582-f3 > .kt-row-column-wrap{align-content:start;}:where(.kb-row-layout-id993_185582-f3 > .kt-row-column-wrap) > .wp-block-kadence-column{justify-content:start;}.kb-row-layout-id993_185582-f3 > .kt-row-column-wrap{column-gap:var(--global-kb-gap-md, 2rem);row-gap:var(--global-kb-gap-md, 2rem);max-width:900px;margin-left:auto;margin-right:auto;padding-top:25px;padding-right:70px;padding-bottom:100px;padding-left:70px;grid-template-columns:minmax(0, 1fr);}.kb-row-layout-id993_185582-f3 > .kt-row-layout-overlay{opacity:0.30;}.kb-row-layout-id993_185582-f3 .kt-row-layout-bottom-sep{height:100px;}.kb-row-layout-id993_185582-f3 .kt-row-layout-bottom-sep svg{width:100%;}.kb-row-layout-id993_185582-f3 .kt-row-layout-bottom-sep svg{fill:var(--global-palette2, #2B6CB0)!important;}.kb-row-layout-id993_185582-f3 .kt-row-layout-top-sep{height:100px;}.kb-row-layout-id993_185582-f3 .kt-row-layout-top-sep svg{width:100%;}.kb-row-layout-id993_185582-f3 .kt-row-layout-top-sep svg{fill:#ffffff!important;}@media all and (max-width: 1024px){.kb-row-layout-id993_185582-f3 > .kt-row-column-wrap{grid-template-columns:minmax(0, 1fr);}}@media all and (max-width: 1024px){.kb-row-layout-id993_185582-f3 .kt-row-layout-bottom-sep{height:px;}}@media all and (max-width: 1024px){.kb-row-layout-id993_185582-f3 .kt-row-layout-bottom-sep svg{width:%;}}@media all and (max-width: 767px){.kb-row-layout-id993_185582-f3 > .kt-row-column-wrap{padding-right:30px;padding-left:30px;grid-template-columns:minmax(0, 1fr);}.kb-row-layout-id993_185582-f3 .kt-row-layout-bottom-sep{height:px;}.kb-row-layout-id993_185582-f3 .kt-row-layout-bottom-sep svg{width:%;}}<\/style><div class=\"kb-row-layout-wrap kb-row-layout-id993_185582-f3 alignnone has-theme-palette1-background-color kt-row-has-bg wp-block-kadence-rowlayout\"><div class=\"kt-row-layout-bottom-sep kt-row-sep-type-mtns\"><svg viewBox=\"0 0 1000 100\" preserveAspectRatio=\"none\"><path d=\"M1000,50l-182.69,-45.286l-292.031,61.197l-190.875,-41.075l-143.748,28.794l-190.656,-23.63l0,70l1000,0l0,-50Z\" style=\"opacity: 0.4\" \/><path d=\"M1000,57l-152.781,-22.589l-214.383,19.81l-159.318,-21.471l-177.44,25.875l-192.722,5.627l-103.356,-27.275l0,63.023l1000,0l0,-43Z\" \/><\/svg><\/div><div class=\"kt-row-column-wrap kt-has-1-columns kt-row-layout-equal kt-tab-layout-inherit kt-mobile-layout-row kt-row-valign-top\">\n<style>.kadence-column993_0829f3-42 > .kt-inside-inner-col,.kadence-column993_0829f3-42 > .kt-inside-inner-col:before{border-top-left-radius:0px;border-top-right-radius:0px;border-bottom-right-radius:0px;border-bottom-left-radius:0px;}.kadence-column993_0829f3-42 > .kt-inside-inner-col{column-gap:var(--global-kb-gap-sm, 1rem);}.kadence-column993_0829f3-42 > .kt-inside-inner-col{flex-direction:column;}.kadence-column993_0829f3-42 > .kt-inside-inner-col > .aligncenter{width:100%;}.kadence-column993_0829f3-42 > .kt-inside-inner-col:before{opacity:0.3;}.kadence-column993_0829f3-42{position:relative;}@media all and (max-width: 1024px){.kadence-column993_0829f3-42 > .kt-inside-inner-col{flex-direction:column;justify-content:center;}}@media all and (max-width: 767px){.kadence-column993_0829f3-42 > .kt-inside-inner-col{flex-direction:column;justify-content:center;}}<\/style>\n<div class=\"wp-block-kadence-column kadence-column993_0829f3-42 inner-column-1\"><div class=\"kt-inside-inner-col\"><style>.wp-block-kadence-advancedheading.kt-adv-heading993_aaa81d-31, .wp-block-kadence-advancedheading.kt-adv-heading993_aaa81d-31[data-kb-block=\"kb-adv-heading993_aaa81d-31\"]{font-style:normal;}.wp-block-kadence-advancedheading.kt-adv-heading993_aaa81d-31 mark.kt-highlight, .wp-block-kadence-advancedheading.kt-adv-heading993_aaa81d-31[data-kb-block=\"kb-adv-heading993_aaa81d-31\"] mark.kt-highlight{font-style:normal;color:#f76a0c;-webkit-box-decoration-break:clone;box-decoration-break:clone;padding-top:0px;padding-right:0px;padding-bottom:0px;padding-left:0px;}.wp-block-kadence-advancedheading.kt-adv-heading993_aaa81d-31 img.kb-inline-image, .wp-block-kadence-advancedheading.kt-adv-heading993_aaa81d-31[data-kb-block=\"kb-adv-heading993_aaa81d-31\"] img.kb-inline-image{width:150px;vertical-align:baseline;}<\/style>\n<h3 class=\"kt-adv-heading993_aaa81d-31 wp-block-kadence-advancedheading has-theme-palette-9-color has-text-color\" data-kb-block=\"kb-adv-heading993_aaa81d-31\">Lis\u00e4tietoja ja varaus<\/h3>\n\n\n<style>.kb-posts-id-993_614dfb-40 .kb-post-list-item{display:grid;}<\/style><p>No posts<\/p>\n\n\n<p><\/p>\n<\/div><\/div>\n\n<\/div><\/div>","protected":false},"excerpt":{"rendered":"<p>Retkipurjehduksille voi osallistua kuka tahansa purjehduksesta kiinnostunut ilman ennakkovaatimuksia. Retkipurjehdukset sopivat hyvin my\u00f6s kurssin k\u00e4yneille lis\u00e4harjoitteluun. Purjehduksilla kaikki saavat osallistua sek\u00e4 purjehdukseen ett\u00e4 kaikkiin veneess\u00e4 el\u00e4miseen liittyviin askareisiin.&nbsp; V\u00e4hint\u00e4\u00e4n nelj\u00e4 p\u00e4iv\u00e4\u00e4 kest\u00e4vien retkien yhteydess\u00e4 voi suorittaa my\u00f6s purjehtija- tai saaristop\u00e4\u00e4llikk\u00f6kurssin.&nbsp; Hintaan sis\u00e4ltyy Retkipurjehdusten hintaan sis\u00e4ltyy veneen kulut, veneiss\u00e4 peitot ja vuodevaatteet y\u00f6pymiseen ja opastus purjehdukseen&#8230;.<\/p>","protected":false},"author":2,"featured_media":0,"parent":0,"menu_order":0,"comment_status":"closed","ping_status":"closed","template":"","meta":{"_kad_post_transparent":"","_kad_post_title":"hide","_kad_post_layout":"","_kad_post_sidebar_id":"","_kad_post_content_style":"","_kad_post_vertical_padding":"","_kad_post_feature":"","_kad_post_feature_position":"","_kad_post_header":false,"_kad_post_footer":false,"_kad_post_classname":"","footnotes":""},"class_list":["post-993","page","type-page","status-publish","hentry"],"_links":{"self":[{"href":"https:\/\/purjehduskurssi.com\/en\/wp-json\/wp\/v2\/pages\/993","targetHints":{"allow":["GET"]}}],"collection":[{"href":"https:\/\/purjehduskurssi.com\/en\/wp-json\/wp\/v2\/pages"}],"about":[{"href":"https:\/\/purjehduskurssi.com\/en\/wp-json\/wp\/v2\/types\/page"}],"author":[{"embeddable":true,"href":"https:\/\/purjehduskurssi.com\/en\/wp-json\/wp\/v2\/users\/2"}],"replies":[{"embeddable":true,"href":"https:\/\/purjehduskurssi.com\/en\/wp-json\/wp\/v2\/comments?post=993"}],"version-history":[{"count":21,"href":"https:\/\/purjehduskurssi.com\/en\/wp-json\/wp\/v2\/pages\/993\/revisions"}],"predecessor-version":[{"id":3968,"href":"https:\/\/purjehduskurssi.com\/en\/wp-json\/wp\/v2\/pages\/993\/revisions\/3968"}],"wp:attachment":[{"href":"https:\/\/purjehduskurssi.com\/en\/wp-json\/wp\/v2\/media?parent=993"}],"curies":[{"name":"wp","href":"https:\/\/api.w.org\/{rel}","templated":true}]}}