{"id":825,"date":"2022-02-15T18:12:22","date_gmt":"2022-02-15T16:12:22","guid":{"rendered":"https:\/\/purjehduskurssi.com\/?page_id=825"},"modified":"2024-04-23T23:50:55","modified_gmt":"2024-04-23T20:50:55","slug":"purjehduskoulu","status":"publish","type":"page","link":"https:\/\/purjehduskurssi.com\/en\/purjehduskoulu\/","title":{"rendered":"Sailing School"},"content":{"rendered":"<style>.kb-row-layout-wrap.wp-block-kadence-rowlayout.kb-row-layout-id825_5a3d9c-99{margin-bottom:50px;}.kb-row-layout-id825_5a3d9c-99 > .kt-row-column-wrap{align-content:center;}:where(.kb-row-layout-id825_5a3d9c-99 > .kt-row-column-wrap) > .wp-block-kadence-column{justify-content:center;}.kb-row-layout-id825_5a3d9c-99 > .kt-row-column-wrap{column-gap:var(--global-kb-gap-md, 2rem);row-gap:var(--global-kb-gap-md, 2rem);max-width:var( --global-content-width, 935px );padding-left:var(--global-content-edge-padding);padding-right:var(--global-content-edge-padding);padding-top:243px;padding-right:70px;padding-bottom:210px;padding-left:70px;min-height:450px;grid-template-columns:minmax(0, 1fr);}.kb-row-layout-id825_5a3d9c-99{background-image:url('https:\/\/purjehduskurssi.com\/wp-content\/uploads\/2022\/03\/jaakko-1.jpg');background-size:cover;background-position:70% 59%;background-attachment:scroll;background-repeat:no-repeat;}.kb-row-layout-id825_5a3d9c-99 > .kt-row-layout-overlay{opacity:0.29;background:radial-gradient(ellipse at center center,var(--global-palette3,#222222) 0%,rgba(20,39,109,0) 100%);}.kb-row-layout-id825_5a3d9c-99 .kt-row-layout-bottom-sep{height:100px;}.kb-row-layout-id825_5a3d9c-99 .kt-row-layout-bottom-sep svg{width:100%;}.kb-row-layout-id825_5a3d9c-99 .kt-row-layout-bottom-sep svg{fill:var(--global-palette8, #F7FAFC)!important;}@media all and (max-width: 1024px){.kb-row-layout-id825_5a3d9c-99 > .kt-row-column-wrap{grid-template-columns:minmax(0, 1fr);}}@media all and (max-width: 1024px){.kb-row-layout-id825_5a3d9c-99 .kt-row-layout-bottom-sep{height:px;}}@media all and (max-width: 1024px){.kb-row-layout-id825_5a3d9c-99 .kt-row-layout-bottom-sep svg{width:%;}}@media all and (max-width: 767px){.kb-row-layout-id825_5a3d9c-99 > .kt-row-column-wrap{padding-right:30px;padding-left:30px;grid-template-columns:minmax(0, 1fr);}.kb-row-layout-id825_5a3d9c-99 .kt-row-layout-bottom-sep{height:px;}.kb-row-layout-id825_5a3d9c-99 .kt-row-layout-bottom-sep svg{width:%;}}<\/style><div class=\"kb-row-layout-wrap kb-row-layout-id825_5a3d9c-99 alignnone kt-row-has-bg wp-block-kadence-rowlayout\"><div class=\"kt-row-layout-overlay kt-row-overlay-gradient\"><\/div><div class=\"kt-row-layout-bottom-sep kt-row-sep-type-mtns\"><svg viewBox=\"0 0 1000 100\" preserveAspectRatio=\"none\"><path d=\"M1000,50l-182.69,-45.286l-292.031,61.197l-190.875,-41.075l-143.748,28.794l-190.656,-23.63l0,70l1000,0l0,-50Z\" style=\"opacity: 0.4\" \/><path d=\"M1000,57l-152.781,-22.589l-214.383,19.81l-159.318,-21.471l-177.44,25.875l-192.722,5.627l-103.356,-27.275l0,63.023l1000,0l0,-43Z\" \/><\/svg><\/div><div class=\"kt-row-column-wrap kt-has-1-columns kt-row-layout-equal kt-tab-layout-inherit kt-mobile-layout-row kt-row-valign-middle kb-theme-content-width\">\n<style>.kadence-column825_f55204-85 > .kt-inside-inner-col{display:flex;}.kadence-column825_f55204-85 > .kt-inside-inner-col,.kadence-column825_f55204-85 > .kt-inside-inner-col:before{border-top-left-radius:0px;border-top-right-radius:0px;border-bottom-right-radius:0px;border-bottom-left-radius:0px;}.kadence-column825_f55204-85 > .kt-inside-inner-col{column-gap:var(--global-kb-gap-sm, 1rem);}.kadence-column825_f55204-85 > .kt-inside-inner-col{flex-direction:column;justify-content:center;}.kadence-column825_f55204-85 > .kt-inside-inner-col > .aligncenter{width:100%;}.kt-row-column-wrap > .kadence-column825_f55204-85{align-self:center;}.kt-inner-column-height-full:not(.kt-has-1-columns) > .wp-block-kadence-column.kadence-column825_f55204-85{align-self:auto;}.kt-inner-column-height-full:not(.kt-has-1-columns) > .wp-block-kadence-column.kadence-column825_f55204-85 > .kt-inside-inner-col{flex-direction:column;justify-content:center;}.kadence-column825_f55204-85 > .kt-inside-inner-col:before{opacity:0.3;}.kadence-column825_f55204-85{position:relative;}@media all and (max-width: 1024px){.kt-row-column-wrap > .kadence-column825_f55204-85{align-self:center;}}@media all and (max-width: 1024px){.kt-inner-column-height-full:not(.kt-has-1-columns) > .wp-block-kadence-column.kadence-column825_f55204-85{align-self:auto;}}@media all and (max-width: 1024px){.kt-inner-column-height-full:not(.kt-has-1-columns) > .wp-block-kadence-column.kadence-column825_f55204-85 > .kt-inside-inner-col{flex-direction:column;justify-content:center;}}@media all and (max-width: 1024px){.kadence-column825_f55204-85 > .kt-inside-inner-col{flex-direction:column;justify-content:center;}}@media all and (max-width: 767px){.kt-row-column-wrap > .kadence-column825_f55204-85{align-self:center;}.kt-inner-column-height-full:not(.kt-has-1-columns) > .wp-block-kadence-column.kadence-column825_f55204-85{align-self:auto;}.kt-inner-column-height-full:not(.kt-has-1-columns) > .wp-block-kadence-column.kadence-column825_f55204-85 > .kt-inside-inner-col{flex-direction:column;justify-content:center;}.kadence-column825_f55204-85 > .kt-inside-inner-col{flex-direction:column;justify-content:center;}}<\/style>\n<div class=\"wp-block-kadence-column kadence-column825_f55204-85 inner-column-1\"><div class=\"kt-inside-inner-col\"><h1 class=\"has-text-align-center wp-block-post-title has-text-color has-theme-palette-9-color\">Purjehduskoulu<\/h1><\/div><\/div>\n\n<\/div><\/div>\n\n<style>.kb-row-layout-id825_0a2f9f-94 > .kt-row-column-wrap{align-content:start;}:where(.kb-row-layout-id825_0a2f9f-94 > .kt-row-column-wrap) > .wp-block-kadence-column{justify-content:start;}.kb-row-layout-id825_0a2f9f-94 > .kt-row-column-wrap{column-gap:var(--global-kb-gap-md, 2rem);row-gap:var(--global-kb-gap-md, 2rem);max-width:900px;margin-left:auto;margin-right:auto;padding-top:25px;padding-right:70px;padding-bottom:70px;padding-left:70px;grid-template-columns:minmax(0, 1fr);}.kb-row-layout-id825_0a2f9f-94 > .kt-row-layout-overlay{opacity:0.30;}@media all and (max-width: 1024px){.kb-row-layout-id825_0a2f9f-94 > .kt-row-column-wrap{grid-template-columns:minmax(0, 1fr);}}@media all and (max-width: 767px){.kb-row-layout-id825_0a2f9f-94 > .kt-row-column-wrap{padding-right:30px;padding-left:30px;grid-template-columns:minmax(0, 1fr);}}<\/style><div class=\"kb-row-layout-wrap kb-row-layout-id825_0a2f9f-94 alignnone wp-block-kadence-rowlayout\"><div class=\"kt-row-column-wrap kt-has-1-columns kt-row-layout-equal kt-tab-layout-inherit kt-mobile-layout-row kt-row-valign-top\">\n<style>.kadence-column825_250e3b-23 > .kt-inside-inner-col,.kadence-column825_250e3b-23 > .kt-inside-inner-col:before{border-top-left-radius:0px;border-top-right-radius:0px;border-bottom-right-radius:0px;border-bottom-left-radius:0px;}.kadence-column825_250e3b-23 > .kt-inside-inner-col{column-gap:var(--global-kb-gap-sm, 1rem);}.kadence-column825_250e3b-23 > .kt-inside-inner-col{flex-direction:column;}.kadence-column825_250e3b-23 > .kt-inside-inner-col > .aligncenter{width:100%;}.kadence-column825_250e3b-23 > .kt-inside-inner-col:before{opacity:0.3;}.kadence-column825_250e3b-23{position:relative;}@media all and (max-width: 1024px){.kadence-column825_250e3b-23 > .kt-inside-inner-col{flex-direction:column;justify-content:center;}}@media all and (max-width: 767px){.kadence-column825_250e3b-23 > .kt-inside-inner-col{flex-direction:column;justify-content:center;}}<\/style>\n<div class=\"wp-block-kadence-column kadence-column825_250e3b-23 inner-column-1\"><div class=\"kt-inside-inner-col\"><style>.wp-block-kadence-advancedheading.kt-adv-heading825_5a43dd-4a, .wp-block-kadence-advancedheading.kt-adv-heading825_5a43dd-4a[data-kb-block=\"kb-adv-heading825_5a43dd-4a\"]{font-style:normal;}.wp-block-kadence-advancedheading.kt-adv-heading825_5a43dd-4a mark.kt-highlight, .wp-block-kadence-advancedheading.kt-adv-heading825_5a43dd-4a[data-kb-block=\"kb-adv-heading825_5a43dd-4a\"] mark.kt-highlight{font-style:normal;color:#f76a0c;-webkit-box-decoration-break:clone;box-decoration-break:clone;padding-top:0px;padding-right:0px;padding-bottom:0px;padding-left:0px;}.wp-block-kadence-advancedheading.kt-adv-heading825_5a43dd-4a img.kb-inline-image, .wp-block-kadence-advancedheading.kt-adv-heading825_5a43dd-4a[data-kb-block=\"kb-adv-heading825_5a43dd-4a\"] img.kb-inline-image{width:150px;vertical-align:baseline;}<\/style>\n<h2 class=\"kt-adv-heading825_5a43dd-4a wp-block-kadence-advancedheading\" data-kb-block=\"kb-adv-heading825_5a43dd-4a\">Sail First &#8211; aiemmin Sea Lady Sailing<\/h2>\n\n\n\n<p>Sail Firstin kurssit noudattavat Purjehduksenopettajat <a href=\"https:\/\/www.pory.fi\" target=\"_blank\" rel=\"noopener\">Pory ry:n auktorisoitua koulutusj\u00e4rjestelm\u00e4\u00e4<\/a>.&nbsp;<\/p>\n\n\n\n<p>Kouluttajamme ovat purjehduksenopettajat <a href=\"https:\/\/www.pory.fi\/koulut-ja-kouluttajat\/kouluttajaluettelo\/\" target=\"_blank\" rel=\"noopener\">Pory ry:n auktorisoimia<\/a> purjehduskouluttajia.<\/p>\n\n\n\n<p>Purjehduskoulumme toimintaan kuuluu <strong>purjehduskurssien ja -retkien <\/strong>j\u00e4rjest\u00e4minen sek\u00e4 mahdolliset <strong>tilauspurjehdukset<\/strong>. <br><br><strong>Intensiivikurssit<\/strong> (ilman veneell\u00e4 y\u00f6pymist\u00e4) j\u00e4rjestet\u00e4\u00e4n&nbsp;p\u00e4\u00e4s\u00e4\u00e4nt\u00f6isesti Helsingiss\u00e4 (vesill\u00e4 yleens\u00e4 nelj\u00e4n\u00e4 p\u00e4iv\u00e4n\u00e4 sek\u00e4 erillinen teoriap\u00e4iv\u00e4).<br><br><strong>Retkikurssit <\/strong>purjehditaan&nbsp;rannikolla ja Saaristomerell\u00e4 (v\u00e4hint\u00e4\u00e4n 4 p\u00e4iv\u00e4\u00e4). Kursseihin sis\u00e4ltyy runsaasti erilaisia veneenk\u00e4sittelyharjoituksia, jotta miehist\u00f6n turvallinen taitotaso my\u00f6s rantautumisissa&nbsp;ja l\u00e4hd\u00f6iss\u00e4&nbsp;saavutetaan.&nbsp;<\/p>\n\n\n\n<p>Kursseihin kuuluu 8 tuntia teoriaa, joka pidet\u00e4\u00e4n yleens\u00e4 erillisen\u00e4 teoriap\u00e4iv\u00e4n\u00e4 ennen kurssin alkua.<\/p>\n\n\n<style>.wp-block-kadence-advancedheading.kt-adv-heading825_df2654-12, .wp-block-kadence-advancedheading.kt-adv-heading825_df2654-12[data-kb-block=\"kb-adv-heading825_df2654-12\"]{font-style:normal;}.wp-block-kadence-advancedheading.kt-adv-heading825_df2654-12 mark.kt-highlight, .wp-block-kadence-advancedheading.kt-adv-heading825_df2654-12[data-kb-block=\"kb-adv-heading825_df2654-12\"] mark.kt-highlight{font-style:normal;color:#f76a0c;-webkit-box-decoration-break:clone;box-decoration-break:clone;padding-top:0px;padding-right:0px;padding-bottom:0px;padding-left:0px;}.wp-block-kadence-advancedheading.kt-adv-heading825_df2654-12 img.kb-inline-image, .wp-block-kadence-advancedheading.kt-adv-heading825_df2654-12[data-kb-block=\"kb-adv-heading825_df2654-12\"] img.kb-inline-image{width:150px;vertical-align:baseline;}<\/style>\n<h4 class=\"kt-adv-heading825_df2654-12 wp-block-kadence-advancedheading\" data-kb-block=\"kb-adv-heading825_df2654-12\"><a href=\"https:\/\/purjehduskurssi.com\/purjehtijakurssi\/\" data-type=\"page\" data-id=\"816\">Purjehtijakurssi<\/a> <\/h4>\n\n\n<style>.wp-block-kadence-advancedheading.kt-adv-heading825_5fa15d-16, .wp-block-kadence-advancedheading.kt-adv-heading825_5fa15d-16[data-kb-block=\"kb-adv-heading825_5fa15d-16\"]{font-style:normal;}.wp-block-kadence-advancedheading.kt-adv-heading825_5fa15d-16 mark.kt-highlight, .wp-block-kadence-advancedheading.kt-adv-heading825_5fa15d-16[data-kb-block=\"kb-adv-heading825_5fa15d-16\"] mark.kt-highlight{font-style:normal;color:#f76a0c;-webkit-box-decoration-break:clone;box-decoration-break:clone;padding-top:0px;padding-right:0px;padding-bottom:0px;padding-left:0px;}.wp-block-kadence-advancedheading.kt-adv-heading825_5fa15d-16 img.kb-inline-image, .wp-block-kadence-advancedheading.kt-adv-heading825_5fa15d-16[data-kb-block=\"kb-adv-heading825_5fa15d-16\"] img.kb-inline-image{width:150px;vertical-align:baseline;}<\/style>\n<h4 class=\"kt-adv-heading825_5fa15d-16 wp-block-kadence-advancedheading\" data-kb-block=\"kb-adv-heading825_5fa15d-16\"><a href=\"https:\/\/purjehduskurssi.com\/saaristopaallikkokurssi\/\" data-type=\"page\" data-id=\"818\">Saaristop\u00e4\u00e4llikk\u00f6kurssi<\/a> <\/h4>\n\n\n<style>.wp-block-kadence-advancedheading.kt-adv-heading825_4809cb-b3, .wp-block-kadence-advancedheading.kt-adv-heading825_4809cb-b3[data-kb-block=\"kb-adv-heading825_4809cb-b3\"]{font-style:normal;}.wp-block-kadence-advancedheading.kt-adv-heading825_4809cb-b3 mark.kt-highlight, .wp-block-kadence-advancedheading.kt-adv-heading825_4809cb-b3[data-kb-block=\"kb-adv-heading825_4809cb-b3\"] mark.kt-highlight{font-style:normal;color:#f76a0c;-webkit-box-decoration-break:clone;box-decoration-break:clone;padding-top:0px;padding-right:0px;padding-bottom:0px;padding-left:0px;}.wp-block-kadence-advancedheading.kt-adv-heading825_4809cb-b3 img.kb-inline-image, .wp-block-kadence-advancedheading.kt-adv-heading825_4809cb-b3[data-kb-block=\"kb-adv-heading825_4809cb-b3\"] img.kb-inline-image{width:150px;vertical-align:baseline;}<\/style>\n<h4 class=\"kt-adv-heading825_4809cb-b3 wp-block-kadence-advancedheading\" data-kb-block=\"kb-adv-heading825_4809cb-b3\">Rannikkop\u00e4\u00e4llikk\u00f6kurssi<\/h4>\n\n\n\n<p><\/p>\n\n\n\n<p>Veneilysesongin ulkopuolella j\u00e4rjest\u00e4mme <strong>navigointikursseja<\/strong> sek\u00e4 mahdollisuuksien mukaan <strong>purjehduksia V\u00e4limerell\u00e4<\/strong>.<\/p>\n\n\n\n<p>Asiakkaat voivat my\u00f6s tilata <strong>kouluttajan omaan veneeseen<\/strong>, jolloin r\u00e4\u00e4t\u00e4l\u00f6id\u00e4\u00e4n valmennusta veneenk\u00e4sittelyyn omien tarpeiden mukaisesti.<\/p>\n\n\n\n<p>J\u00e4rjest\u00e4mme tilauksesta my\u00f6s <a href=\"https:\/\/www.pory.fi\/tutkinnot\/\" target=\"_blank\" rel=\"noopener\">purjehdustutkintoja<\/a> sek\u00e4 <a href=\"https:\/\/www.navigoinninopettajat.fi\/tutkinnot\/\" target=\"_blank\" rel=\"noopener\">navigointitutkintoja<\/a>.<\/p>\n<\/div><\/div>\n\n<\/div><\/div>\n\n<style>.kb-row-layout-id825_3cb5bb-c2 > .kt-row-column-wrap{align-content:start;}:where(.kb-row-layout-id825_3cb5bb-c2 > .kt-row-column-wrap) > .wp-block-kadence-column{justify-content:start;}.kb-row-layout-id825_3cb5bb-c2 > .kt-row-column-wrap{column-gap:var(--global-kb-gap-md, 2rem);row-gap:var(--global-kb-gap-md, 2rem);max-width:900px;margin-left:auto;margin-right:auto;padding-top:70px;padding-right:70px;padding-bottom:50px;padding-left:70px;grid-template-columns:minmax(0, 1fr);}.kb-row-layout-id825_3cb5bb-c2 > .kt-row-layout-overlay{opacity:0.30;}@media all and (max-width: 1024px){.kb-row-layout-id825_3cb5bb-c2 > .kt-row-column-wrap{grid-template-columns:minmax(0, 1fr);}}@media all and (max-width: 767px){.kb-row-layout-id825_3cb5bb-c2 > .kt-row-column-wrap{padding-right:30px;padding-left:30px;grid-template-columns:minmax(0, 1fr);}}<\/style><div class=\"kb-row-layout-wrap kb-row-layout-id825_3cb5bb-c2 alignnone has-theme-palette1-background-color kt-row-has-bg wp-block-kadence-rowlayout\"><div class=\"kt-row-column-wrap kt-has-1-columns kt-row-layout-equal kt-tab-layout-inherit kt-mobile-layout-row kt-row-valign-top\">\n<style>.kadence-column825_f8be50-65 > .kt-inside-inner-col,.kadence-column825_f8be50-65 > .kt-inside-inner-col:before{border-top-left-radius:0px;border-top-right-radius:0px;border-bottom-right-radius:0px;border-bottom-left-radius:0px;}.kadence-column825_f8be50-65 > .kt-inside-inner-col{column-gap:var(--global-kb-gap-sm, 1rem);}.kadence-column825_f8be50-65 > .kt-inside-inner-col{flex-direction:column;}.kadence-column825_f8be50-65 > .kt-inside-inner-col > .aligncenter{width:100%;}.kadence-column825_f8be50-65 > .kt-inside-inner-col:before{opacity:0.3;}.kadence-column825_f8be50-65{position:relative;}@media all and (max-width: 1024px){.kadence-column825_f8be50-65 > .kt-inside-inner-col{flex-direction:column;justify-content:center;}}@media all and (max-width: 767px){.kadence-column825_f8be50-65 > .kt-inside-inner-col{flex-direction:column;justify-content:center;}}<\/style>\n<div class=\"wp-block-kadence-column kadence-column825_f8be50-65 inner-column-1\"><div class=\"kt-inside-inner-col\"><style>.wp-block-kadence-advancedheading.kt-adv-heading825_727e7a-35, .wp-block-kadence-advancedheading.kt-adv-heading825_727e7a-35[data-kb-block=\"kb-adv-heading825_727e7a-35\"]{margin-bottom:20px;font-style:normal;text-transform:none;}.wp-block-kadence-advancedheading.kt-adv-heading825_727e7a-35 mark.kt-highlight, .wp-block-kadence-advancedheading.kt-adv-heading825_727e7a-35[data-kb-block=\"kb-adv-heading825_727e7a-35\"] mark.kt-highlight{font-style:normal;color:#f76a0c;-webkit-box-decoration-break:clone;box-decoration-break:clone;padding-top:0px;padding-right:0px;padding-bottom:0px;padding-left:0px;}.wp-block-kadence-advancedheading.kt-adv-heading825_727e7a-35 img.kb-inline-image, .wp-block-kadence-advancedheading.kt-adv-heading825_727e7a-35[data-kb-block=\"kb-adv-heading825_727e7a-35\"] img.kb-inline-image{width:150px;vertical-align:baseline;}<\/style>\n<h5 class=\"kt-adv-heading825_727e7a-35 wp-block-kadence-advancedheading has-theme-palette-9-color has-text-color\" data-kb-block=\"kb-adv-heading825_727e7a-35\">Vuodesta 2007<\/h5>\n\n\n\n<p class=\"has-theme-palette-9-color has-text-color\">Sea Lady Sailing on opastanut uusia ja kokeneempiakin purjehtijoita veneilyharrastuksessaan eteenp\u00e4in. <br>Asiantuntevasti, monipuolisesti, hyv\u00e4ntuulisessa seurassa. <\/p>\n\n\n\n<p><mark style=\"background-color:rgba(0, 0, 0, 0)\" class=\"has-inline-color has-theme-palette-9-color\">Koulun nimi juontaa juurensa Sea Lady Sailingin perustajan Jaakko Saatsin aiemmasta veneest\u00e4 Sea Lady.  <\/mark><\/p>\n\n\n<style>.wp-block-kadence-advancedheading.kt-adv-heading825_cb8162-8e, .wp-block-kadence-advancedheading.kt-adv-heading825_cb8162-8e[data-kb-block=\"kb-adv-heading825_cb8162-8e\"]{font-style:normal;}.wp-block-kadence-advancedheading.kt-adv-heading825_cb8162-8e mark.kt-highlight, .wp-block-kadence-advancedheading.kt-adv-heading825_cb8162-8e[data-kb-block=\"kb-adv-heading825_cb8162-8e\"] mark.kt-highlight{font-style:normal;color:#f76a0c;-webkit-box-decoration-break:clone;box-decoration-break:clone;padding-top:0px;padding-right:0px;padding-bottom:0px;padding-left:0px;}.wp-block-kadence-advancedheading.kt-adv-heading825_cb8162-8e img.kb-inline-image, .wp-block-kadence-advancedheading.kt-adv-heading825_cb8162-8e[data-kb-block=\"kb-adv-heading825_cb8162-8e\"] img.kb-inline-image{width:150px;vertical-align:baseline;}<\/style>\n<h5 class=\"kt-adv-heading825_cb8162-8e wp-block-kadence-advancedheading has-theme-palette-7-color has-text-color\" data-kb-block=\"kb-adv-heading825_cb8162-8e\">Vuonna 2021<\/h5>\n\n\n\n<p class=\"has-theme-palette-9-color has-text-color\">Sea Lady Sailing siirtyi Sail FIrst oy:n omistukseen ja p\u00e4\u00e4kouluttajaksi Rio. <\/p>\n\n\n<style>.kb-image825_e7c3d0-7c.kb-image-is-ratio-size, .kb-image825_e7c3d0-7c .kb-image-is-ratio-size{max-width:450px;width:100%;}.wp-block-kadence-column > .kt-inside-inner-col > .kb-image825_e7c3d0-7c.kb-image-is-ratio-size, .wp-block-kadence-column > .kt-inside-inner-col > .kb-image825_e7c3d0-7c .kb-image-is-ratio-size{align-self:unset;}.kb-image825_e7c3d0-7c figure{max-width:450px;}.kb-image825_e7c3d0-7c .image-is-svg, .kb-image825_e7c3d0-7c .image-is-svg img{width:100%;}.kb-image825_e7c3d0-7c .kb-image-has-overlay:after{opacity:0.3;}<\/style>\n<div class=\"wp-block-kadence-image kb-image825_e7c3d0-7c\"><figure class=\"aligncenter size-full\"><img loading=\"lazy\" decoding=\"async\" width=\"979\" height=\"375\" src=\"https:\/\/purjehduskurssi.com\/wp-content\/uploads\/2023\/08\/S1-com-color-1.png\" alt=\"\" class=\"kb-img wp-image-3662\" srcset=\"https:\/\/purjehduskurssi.com\/wp-content\/uploads\/2023\/08\/S1-com-color-1.png 979w, https:\/\/purjehduskurssi.com\/wp-content\/uploads\/2023\/08\/S1-com-color-1-300x115.png 300w, https:\/\/purjehduskurssi.com\/wp-content\/uploads\/2023\/08\/S1-com-color-1-768x294.png 768w, https:\/\/purjehduskurssi.com\/wp-content\/uploads\/2023\/08\/S1-com-color-1-18x7.png 18w\" sizes=\"auto, (max-width: 979px) 100vw, 979px\" \/><\/figure><\/div>\n<\/div><\/div>\n\n<\/div><\/div>\n\n<style>.kb-row-layout-id825_d77ce5-ce > .kt-row-column-wrap{align-content:start;}:where(.kb-row-layout-id825_d77ce5-ce > .kt-row-column-wrap) > .wp-block-kadence-column{justify-content:start;}.kb-row-layout-id825_d77ce5-ce > .kt-row-column-wrap{column-gap:var(--global-kb-gap-md, 2rem);row-gap:var(--global-kb-gap-md, 2rem);max-width:900px;margin-left:auto;margin-right:auto;padding-top:70px;padding-right:70px;padding-bottom:50px;padding-left:70px;grid-template-columns:minmax(0, 1fr);}.kb-row-layout-id825_d77ce5-ce{background-color:#efac24;}.kb-row-layout-id825_d77ce5-ce > .kt-row-layout-overlay{opacity:0.30;}@media all and (max-width: 1024px){.kb-row-layout-id825_d77ce5-ce > .kt-row-column-wrap{grid-template-columns:minmax(0, 1fr);}}@media all and (max-width: 767px){.kb-row-layout-id825_d77ce5-ce > .kt-row-column-wrap{padding-right:30px;padding-left:30px;grid-template-columns:minmax(0, 1fr);}}<\/style><div class=\"kb-row-layout-wrap kb-row-layout-id825_d77ce5-ce alignnone kt-row-has-bg wp-block-kadence-rowlayout\"><div class=\"kt-row-column-wrap kt-has-1-columns kt-row-layout-equal kt-tab-layout-inherit kt-mobile-layout-row kt-row-valign-top\">\n<style>.kadence-column825_3bf417-09 > .kt-inside-inner-col,.kadence-column825_3bf417-09 > .kt-inside-inner-col:before{border-top-left-radius:0px;border-top-right-radius:0px;border-bottom-right-radius:0px;border-bottom-left-radius:0px;}.kadence-column825_3bf417-09 > .kt-inside-inner-col{column-gap:var(--global-kb-gap-sm, 1rem);}.kadence-column825_3bf417-09 > .kt-inside-inner-col{flex-direction:column;}.kadence-column825_3bf417-09 > .kt-inside-inner-col > .aligncenter{width:100%;}.kadence-column825_3bf417-09 > .kt-inside-inner-col:before{opacity:0.3;}.kadence-column825_3bf417-09{position:relative;}@media all and (max-width: 1024px){.kadence-column825_3bf417-09 > .kt-inside-inner-col{flex-direction:column;justify-content:center;}}@media all and (max-width: 767px){.kadence-column825_3bf417-09 > .kt-inside-inner-col{flex-direction:column;justify-content:center;}}<\/style>\n<div class=\"wp-block-kadence-column kadence-column825_3bf417-09 inner-column-1\"><div class=\"kt-inside-inner-col\"><style>.wp-block-kadence-advancedheading.kt-adv-heading825_82b78d-c6, .wp-block-kadence-advancedheading.kt-adv-heading825_82b78d-c6[data-kb-block=\"kb-adv-heading825_82b78d-c6\"]{margin-bottom:20px;font-style:normal;text-transform:none;}.wp-block-kadence-advancedheading.kt-adv-heading825_82b78d-c6 mark.kt-highlight, .wp-block-kadence-advancedheading.kt-adv-heading825_82b78d-c6[data-kb-block=\"kb-adv-heading825_82b78d-c6\"] mark.kt-highlight{font-style:normal;color:#f76a0c;-webkit-box-decoration-break:clone;box-decoration-break:clone;padding-top:0px;padding-right:0px;padding-bottom:0px;padding-left:0px;}.wp-block-kadence-advancedheading.kt-adv-heading825_82b78d-c6 img.kb-inline-image, .wp-block-kadence-advancedheading.kt-adv-heading825_82b78d-c6[data-kb-block=\"kb-adv-heading825_82b78d-c6\"] img.kb-inline-image{width:150px;vertical-align:baseline;}<\/style>\n<h5 class=\"kt-adv-heading825_82b78d-c6 wp-block-kadence-advancedheading has-theme-palette-3-color has-text-color\" data-kb-block=\"kb-adv-heading825_82b78d-c6\">Lady-kurssit<\/h5>\n\n\n\n<p class=\"has-theme-palette-3-color has-text-color\">Ohjelmassamme on my\u00f6s Lady-kursseja, joilla oppilaina on yksinomaan naisia. Muutoin kaikki toimintamme on tarkoitettu kaikille. <\/p>\n<\/div><\/div>\n\n<\/div><\/div>","protected":false},"excerpt":{"rendered":"<p>Sail First &#8211; aiemmin Sea Lady Sailing Sail Firstin kurssit noudattavat Purjehduksenopettajat Pory ry:n auktorisoitua koulutusj\u00e4rjestelm\u00e4\u00e4.&nbsp; Kouluttajamme ovat purjehduksenopettajat Pory ry:n auktorisoimia purjehduskouluttajia. Purjehduskoulumme toimintaan kuuluu purjehduskurssien ja -retkien j\u00e4rjest\u00e4minen sek\u00e4 mahdolliset tilauspurjehdukset. Intensiivikurssit (ilman veneell\u00e4 y\u00f6pymist\u00e4) j\u00e4rjestet\u00e4\u00e4n&nbsp;p\u00e4\u00e4s\u00e4\u00e4nt\u00f6isesti Helsingiss\u00e4 (vesill\u00e4 yleens\u00e4 nelj\u00e4n\u00e4 p\u00e4iv\u00e4n\u00e4 sek\u00e4 erillinen teoriap\u00e4iv\u00e4). Retkikurssit purjehditaan&nbsp;rannikolla ja Saaristomerell\u00e4 (v\u00e4hint\u00e4\u00e4n 4 p\u00e4iv\u00e4\u00e4). Kursseihin sis\u00e4ltyy&#8230;<\/p>","protected":false},"author":1,"featured_media":0,"parent":0,"menu_order":0,"comment_status":"closed","ping_status":"closed","template":"","meta":{"_kad_post_transparent":"","_kad_post_title":"hide","_kad_post_layout":"","_kad_post_sidebar_id":"","_kad_post_content_style":"","_kad_post_vertical_padding":"","_kad_post_feature":"","_kad_post_feature_position":"","_kad_post_header":false,"_kad_post_footer":false,"_kad_post_classname":"","footnotes":""},"class_list":["post-825","page","type-page","status-publish","hentry"],"_links":{"self":[{"href":"https:\/\/purjehduskurssi.com\/en\/wp-json\/wp\/v2\/pages\/825","targetHints":{"allow":["GET"]}}],"collection":[{"href":"https:\/\/purjehduskurssi.com\/en\/wp-json\/wp\/v2\/pages"}],"about":[{"href":"https:\/\/purjehduskurssi.com\/en\/wp-json\/wp\/v2\/types\/page"}],"author":[{"embeddable":true,"href":"https:\/\/purjehduskurssi.com\/en\/wp-json\/wp\/v2\/users\/1"}],"replies":[{"embeddable":true,"href":"https:\/\/purjehduskurssi.com\/en\/wp-json\/wp\/v2\/comments?post=825"}],"version-history":[{"count":57,"href":"https:\/\/purjehduskurssi.com\/en\/wp-json\/wp\/v2\/pages\/825\/revisions"}],"predecessor-version":[{"id":4717,"href":"https:\/\/purjehduskurssi.com\/en\/wp-json\/wp\/v2\/pages\/825\/revisions\/4717"}],"wp:attachment":[{"href":"https:\/\/purjehduskurssi.com\/en\/wp-json\/wp\/v2\/media?parent=825"}],"curies":[{"name":"wp","href":"https:\/\/api.w.org\/{rel}","templated":true}]}}