{"id":56,"date":"2013-12-14T16:36:49","date_gmt":"2013-12-14T16:36:49","guid":{"rendered":"https:\/\/purjehduskurssi.com\/2013\/12\/14\/merisaa\/"},"modified":"2022-03-24T10:29:46","modified_gmt":"2022-03-24T08:29:46","slug":"merisaa","status":"publish","type":"page","link":"https:\/\/purjehduskurssi.com\/en\/merisaa\/","title":{"rendered":"Ohjeet"},"content":{"rendered":"<p>Ohjelmassamme on Lady-kursseja, joilla oppilaina on yksinomaan naisia. N\u00e4m\u00e4 kurssit on merkitty L-kirjaimella tai LADY tunnisteella.<\/p>\n\n\n\n<p>Etusivulla on listattu kursseja, purjehduksia ja kirjoja. Klikkaa saadaksesi lis\u00e4tietoja ja tee avautuvalta sivulta varausutiedustelu tai tilaus. Muista ett\u00e4 voit aina soittaa tai l\u00e4hett\u00e4\u00e4 s\u00e4hk\u00f6postia jos haluat kysy\u00e4 lis\u00e4\u00e4.<\/p>","protected":false},"excerpt":{"rendered":"<p>Ohjelmassamme on Lady-kursseja, joilla oppilaina on yksinomaan naisia. N\u00e4m\u00e4 kurssit on merkitty L-kirjaimella tai LADY tunnisteella. Etusivulla on listattu kursseja, purjehduksia ja kirjoja. Klikkaa saadaksesi lis\u00e4tietoja ja tee avautuvalta sivulta varausutiedustelu tai tilaus. Muista ett\u00e4 voit aina soittaa tai l\u00e4hett\u00e4\u00e4 s\u00e4hk\u00f6postia jos haluat kysy\u00e4 lis\u00e4\u00e4.<\/p>","protected":false},"author":1,"featured_media":0,"parent":0,"menu_order":15,"comment_status":"open","ping_status":"open","template":"","meta":{"_kad_post_transparent":"","_kad_post_title":"show","_kad_post_layout":"normal","_kad_post_sidebar_id":"sidebar-secondary","_kad_post_content_style":"","_kad_post_vertical_padding":"","_kad_post_feature":"","_kad_post_feature_position":"","_kad_post_header":false,"_kad_post_footer":false,"_kad_post_classname":"","footnotes":""},"class_list":["post-56","page","type-page","status-publish","hentry"],"_links":{"self":[{"href":"https:\/\/purjehduskurssi.com\/en\/wp-json\/wp\/v2\/pages\/56","targetHints":{"allow":["GET"]}}],"collection":[{"href":"https:\/\/purjehduskurssi.com\/en\/wp-json\/wp\/v2\/pages"}],"about":[{"href":"https:\/\/purjehduskurssi.com\/en\/wp-json\/wp\/v2\/types\/page"}],"author":[{"embeddable":true,"href":"https:\/\/purjehduskurssi.com\/en\/wp-json\/wp\/v2\/users\/1"}],"replies":[{"embeddable":true,"href":"https:\/\/purjehduskurssi.com\/en\/wp-json\/wp\/v2\/comments?post=56"}],"version-history":[{"count":6,"href":"https:\/\/purjehduskurssi.com\/en\/wp-json\/wp\/v2\/pages\/56\/revisions"}],"predecessor-version":[{"id":1672,"href":"https:\/\/purjehduskurssi.com\/en\/wp-json\/wp\/v2\/pages\/56\/revisions\/1672"}],"wp:attachment":[{"href":"https:\/\/purjehduskurssi.com\/en\/wp-json\/wp\/v2\/media?parent=56"}],"curies":[{"name":"wp","href":"https:\/\/api.w.org\/{rel}","templated":true}]}}