{"id":48,"date":"2013-12-14T16:31:02","date_gmt":"2013-12-14T14:31:02","guid":{"rendered":"https:\/\/purjehduskurssi.com\/2013\/12\/14\/purjeiden-ja-rikin-saato\/"},"modified":"2024-04-22T17:45:36","modified_gmt":"2024-04-22T14:45:36","slug":"veneilykirjat","status":"publish","type":"page","link":"https:\/\/purjehduskurssi.com\/en\/veneilykirjat\/","title":{"rendered":"Books"},"content":{"rendered":"<style>.kb-row-layout-id48_f91895-3f > .kt-row-column-wrap{align-content:start;}:where(.kb-row-layout-id48_f91895-3f > .kt-row-column-wrap) > .wp-block-kadence-column{justify-content:start;}.kb-row-layout-id48_f91895-3f > .kt-row-column-wrap{column-gap:var(--global-kb-gap-md, 2rem);row-gap:var(--global-kb-gap-md, 2rem);max-width:900px;margin-left:auto;margin-right:auto;padding-top:78px;padding-right:70px;padding-bottom:27px;padding-left:70px;grid-template-columns:minmax(0, 1fr);}.kb-row-layout-id48_f91895-3f > .kt-row-layout-overlay{opacity:0.30;}@media all and (max-width: 1024px){.kb-row-layout-id48_f91895-3f > .kt-row-column-wrap{grid-template-columns:minmax(0, 1fr);}}@media all and (max-width: 767px){.kb-row-layout-id48_f91895-3f > .kt-row-column-wrap{padding-right:30px;padding-left:30px;grid-template-columns:minmax(0, 1fr);}}<\/style><div class=\"kb-row-layout-wrap kb-row-layout-id48_f91895-3f alignnone wp-block-kadence-rowlayout\"><div class=\"kt-row-column-wrap kt-has-1-columns kt-row-layout-equal kt-tab-layout-inherit kt-mobile-layout-row kt-row-valign-top\">\n<style>.kadence-column48_2d8325-f5 > .kt-inside-inner-col,.kadence-column48_2d8325-f5 > .kt-inside-inner-col:before{border-top-left-radius:0px;border-top-right-radius:0px;border-bottom-right-radius:0px;border-bottom-left-radius:0px;}.kadence-column48_2d8325-f5 > .kt-inside-inner-col{column-gap:var(--global-kb-gap-sm, 1rem);}.kadence-column48_2d8325-f5 > .kt-inside-inner-col{flex-direction:column;}.kadence-column48_2d8325-f5 > .kt-inside-inner-col > .aligncenter{width:100%;}.kadence-column48_2d8325-f5 > .kt-inside-inner-col:before{opacity:0.3;}.kadence-column48_2d8325-f5{position:relative;}@media all and (max-width: 1024px){.kadence-column48_2d8325-f5 > .kt-inside-inner-col{flex-direction:column;justify-content:center;}}@media all and (max-width: 767px){.kadence-column48_2d8325-f5 > .kt-inside-inner-col{flex-direction:column;justify-content:center;}}<\/style>\n<div class=\"wp-block-kadence-column kadence-column48_2d8325-f5 inner-column-1\"><div class=\"kt-inside-inner-col\"><h1 class=\"has-text-align-center wp-block-post-title has-text-color has-theme-palette-1-color\">Books<\/h1><\/div><\/div>\n\n<\/div><\/div>\n\n<style>.kb-row-layout-id48_51774d-09 > .kt-row-column-wrap{align-content:start;}:where(.kb-row-layout-id48_51774d-09 > .kt-row-column-wrap) > .wp-block-kadence-column{justify-content:start;}.kb-row-layout-id48_51774d-09 > .kt-row-column-wrap{column-gap:var(--global-kb-gap-md, 2rem);row-gap:var(--global-kb-gap-md, 2rem);max-width:900px;margin-left:auto;margin-right:auto;padding-top:78px;padding-right:70px;padding-bottom:27px;padding-left:70px;grid-template-columns:repeat(2, minmax(0, 1fr));}.kb-row-layout-id48_51774d-09 > .kt-row-layout-overlay{opacity:0.30;}@media all and (max-width: 1024px){.kb-row-layout-id48_51774d-09 > .kt-row-column-wrap{grid-template-columns:repeat(2, minmax(0, 1fr));}}@media all and (max-width: 767px){.kb-row-layout-id48_51774d-09 > .kt-row-column-wrap{padding-right:30px;padding-left:30px;grid-template-columns:minmax(0, 1fr);}}<\/style><div class=\"kb-row-layout-wrap kb-row-layout-id48_51774d-09 alignnone wp-block-kadence-rowlayout\"><div class=\"kt-row-column-wrap kt-has-2-columns kt-row-layout-equal kt-tab-layout-inherit kt-mobile-layout-row kt-row-valign-top\">\n<style>.kadence-column48_a2f550-24 > .kt-inside-inner-col,.kadence-column48_a2f550-24 > .kt-inside-inner-col:before{border-top-left-radius:0px;border-top-right-radius:0px;border-bottom-right-radius:0px;border-bottom-left-radius:0px;}.kadence-column48_a2f550-24 > .kt-inside-inner-col{column-gap:var(--global-kb-gap-sm, 1rem);}.kadence-column48_a2f550-24 > .kt-inside-inner-col{flex-direction:column;}.kadence-column48_a2f550-24 > .kt-inside-inner-col > .aligncenter{width:100%;}.kadence-column48_a2f550-24 > .kt-inside-inner-col:before{opacity:0.3;}.kadence-column48_a2f550-24{position:relative;}@media all and (max-width: 1024px){.kadence-column48_a2f550-24 > .kt-inside-inner-col{flex-direction:column;justify-content:center;}}@media all and (max-width: 767px){.kadence-column48_a2f550-24 > .kt-inside-inner-col{flex-direction:column;justify-content:center;}}<\/style>\n<div class=\"wp-block-kadence-column kadence-column48_a2f550-24 inner-column-1\"><div class=\"kt-inside-inner-col\">\n<p>Sea Lady Sailing&nbsp; on julkaissut ja kustantanut k\u00e4yt\u00e4nn\u00f6n purjehdus- ja veneilytaitoja opastavia k\u00e4sikirjoja vuodesta 2013 alkaen.&nbsp;N\u00e4it\u00e4&nbsp; <strong><a href=\"http:\/\/www.dedekam.com\/\" target=\"_blank\" rel=\"noopener\">Ivar Dedekamin<\/a><\/strong> kirjoja on julkaistu jo 21 kielell\u00e4.<\/p>\n\n\n\n<p>The popular book <strong>Purjeiden ja rikin s\u00e4\u00e4t\u00f6<\/strong> is sold out. A renewed and supplemented version of it was published in 2021 <strong>Purjeveneen toiminta, vakavuus ja suoritusarvot<\/strong>.<\/p>\n<\/div><\/div>\n\n\n<style>.kadence-column48_b81920-86 > .kt-inside-inner-col,.kadence-column48_b81920-86 > .kt-inside-inner-col:before{border-top-left-radius:0px;border-top-right-radius:0px;border-bottom-right-radius:0px;border-bottom-left-radius:0px;}.kadence-column48_b81920-86 > .kt-inside-inner-col{column-gap:var(--global-kb-gap-sm, 1rem);}.kadence-column48_b81920-86 > .kt-inside-inner-col{flex-direction:column;}.kadence-column48_b81920-86 > .kt-inside-inner-col > .aligncenter{width:100%;}.kadence-column48_b81920-86 > .kt-inside-inner-col:before{opacity:0.3;}.kadence-column48_b81920-86{position:relative;}@media all and (max-width: 1024px){.kadence-column48_b81920-86 > .kt-inside-inner-col{flex-direction:column;justify-content:center;}}@media all and (max-width: 767px){.kadence-column48_b81920-86 > .kt-inside-inner-col{flex-direction:column;justify-content:center;}}<\/style>\n<div class=\"wp-block-kadence-column kadence-column48_b81920-86\"><div class=\"kt-inside-inner-col\">\n<p><strong>Veneilytaito<\/strong> on erinomainen k\u00e4sikirja veneilyn harrastajille veneen k\u00e4sittelyst\u00e4 ja hallinnasta eri olosuhteissa. <\/p>\n\n\n\n<p><strong>Navigointi<\/strong> on ytimek\u00e4s yleistajuinen k\u00e4sikirja veneilyn navigointimenetelmist\u00e4. <\/p>\n\n\n\n<p>Kirjoja voi tilata meilt\u00e4. Kirjoja myyv\u00e4t my\u00f6s esim. <strong>Marinekauppa <\/strong>ja <strong>Marnela<\/strong> and <strong>Suomen Purjehdus ja Veneily<\/strong> sek\u00e4 useat muut purjehduskoulut. <\/p>\n<\/div><\/div>\n\n<\/div><\/div>\n\n<style>.kb-row-layout-wrap.wp-block-kadence-rowlayout.kb-row-layout-id48_871939-b6{margin-top:0px;margin-bottom:0px;}.kb-row-layout-id48_871939-b6 > .kt-row-column-wrap{align-content:center;}:where(.kb-row-layout-id48_871939-b6 > .kt-row-column-wrap) > .wp-block-kadence-column{justify-content:center;}.kb-row-layout-id48_871939-b6 > .kt-row-column-wrap{column-gap:var(--global-kb-gap-md, 2rem);row-gap:var(--global-kb-gap-md, 2rem);max-width:940px;margin-left:auto;margin-right:auto;padding-top:140px;padding-right:70px;padding-bottom:70px;padding-left:70px;grid-template-columns:minmax(0, 1fr);}.kb-row-layout-id48_871939-b6 > .kt-row-layout-overlay{opacity:0.30;}.kb-row-layout-id48_871939-b6 .kt-row-layout-bottom-sep{height:100px;}.kb-row-layout-id48_871939-b6 .kt-row-layout-bottom-sep svg{width:100%;}.kb-row-layout-id48_871939-b6 .kt-row-layout-bottom-sep svg{fill:var(--global-palette7, #EDF2F7)!important;}.kb-row-layout-id48_871939-b6 .kt-row-layout-top-sep{height:100px;}.kb-row-layout-id48_871939-b6 .kt-row-layout-top-sep svg{width:100%;}.kb-row-layout-id48_871939-b6 .kt-row-layout-top-sep svg{fill:var(--global-palette7, #EDF2F7)!important;}@media all and (max-width: 1024px){.kb-row-layout-id48_871939-b6 > .kt-row-column-wrap{grid-template-columns:minmax(0, 1fr);}}@media all and (max-width: 1024px){.kb-row-layout-id48_871939-b6 .kt-row-layout-bottom-sep{height:px;}}@media all and (max-width: 1024px){.kb-row-layout-id48_871939-b6 .kt-row-layout-bottom-sep svg{width:%;}}@media all and (max-width: 767px){.kb-row-layout-id48_871939-b6 > .kt-row-column-wrap{padding-right:30px;padding-left:30px;grid-template-columns:minmax(0, 1fr);}.kb-row-layout-id48_871939-b6 .kt-row-layout-bottom-sep{height:px;}.kb-row-layout-id48_871939-b6 .kt-row-layout-bottom-sep svg{width:%;}}<\/style><div class=\"kb-row-layout-wrap kb-row-layout-id48_871939-b6 alignnone has-theme-palette1-background-color kt-row-has-bg wp-block-kadence-rowlayout\"><div class=\"kt-row-layout-top-sep kt-row-sep-type-mtns\"><svg viewbox=\"0 0 1000 100\" preserveaspectratio=\"none\"><path d=\"M1000,50l-182.69,-45.286l-292.031,61.197l-190.875,-41.075l-143.748,28.794l-190.656,-23.63l0,70l1000,0l0,-50Z\" style=\"opacity: 0.4\" \/><path d=\"M1000,57l-152.781,-22.589l-214.383,19.81l-159.318,-21.471l-177.44,25.875l-192.722,5.627l-103.356,-27.275l0,63.023l1000,0l0,-43Z\" \/><\/svg><\/div><div class=\"kt-row-column-wrap kt-has-1-columns kt-row-layout-equal kt-tab-layout-inherit kt-mobile-layout-row kt-row-valign-middle\">\n<style>.kadence-column48_1b6c7a-84 > .kt-inside-inner-col,.kadence-column48_1b6c7a-84 > .kt-inside-inner-col:before{border-top-left-radius:0px;border-top-right-radius:0px;border-bottom-right-radius:0px;border-bottom-left-radius:0px;}.kadence-column48_1b6c7a-84 > .kt-inside-inner-col{column-gap:var(--global-kb-gap-sm, 1rem);}.kadence-column48_1b6c7a-84 > .kt-inside-inner-col{flex-direction:column;}.kadence-column48_1b6c7a-84 > .kt-inside-inner-col > .aligncenter{width:100%;}.kadence-column48_1b6c7a-84 > .kt-inside-inner-col:before{opacity:0.3;}.kadence-column48_1b6c7a-84{position:relative;}@media all and (max-width: 1024px){.kadence-column48_1b6c7a-84 > .kt-inside-inner-col{flex-direction:column;justify-content:center;}}@media all and (max-width: 767px){.kadence-column48_1b6c7a-84 > .kt-inside-inner-col{flex-direction:column;justify-content:center;}}<\/style>\n<div class=\"wp-block-kadence-column kadence-column48_1b6c7a-84 inner-column-1\"><div class=\"kt-inside-inner-col\"><style>.kb-posts-id-48_e251e9-e4 .entry.loop-entry .entry-header .entry-title{font-size:12px;line-height:15px;}.kb-posts-id-48_e251e9-e4 .kb-post-list-item{display:grid;}<\/style><ul class=\"wp-block-kadence-posts kb-posts kadence-posts-list kb-posts-id-48_e251e9-e4 content-wrap grid-cols kb-posts-style-boxed grid-sm-col-2 grid-lg-col-3 item-image-style-above\"><li class=\"kb-post-list-item\">\n\t<article class=\"entry content-bg loop-entry post-1563 post type-post status-publish format-standard has-post-thumbnail hentry category-kirja\">\n\t\t\t\t<a aria-hidden=\"true\" tabindex=\"-1\" role=\"presentation\" class=\"post-thumbnail kadence-thumbnail-ratio-3-2\" href=\"https:\/\/purjehduskurssi.com\/en\/purjeveneen-toiminta-ja-rikin-saato\/\" aria-label=\"Purjeveneen toiminta, vakavuus ja suoritusarvot\">\n\t\t\t<div class=\"post-thumbnail-inner\">\n\t\t\t\t<img loading=\"lazy\" decoding=\"async\" width=\"600\" height=\"836\" src=\"https:\/\/purjehduskurssi.com\/wp-content\/uploads\/2022\/03\/image.jpeg\" class=\"attachment-medium_large size-medium_large wp-post-image\" alt=\"Purjeveneen toiminta, vakavuus ja suoritusarvot\" srcset=\"https:\/\/purjehduskurssi.com\/wp-content\/uploads\/2022\/03\/image.jpeg 600w, https:\/\/purjehduskurssi.com\/wp-content\/uploads\/2022\/03\/image-215x300.jpeg 215w, https:\/\/purjehduskurssi.com\/wp-content\/uploads\/2022\/03\/image-9x12.jpeg 9w\" sizes=\"auto, (max-width: 600px) 100vw, 600px\" \/>\t\t\t<\/div>\n\t\t<\/a><!-- .post-thumbnail -->\n\t\t\t\t<div class=\"entry-content-wrap\">\n\t\t\t<header class=\"entry-header\">\n\t<h6 class=\"entry-title\"><a href=\"https:\/\/purjehduskurssi.com\/en\/purjeveneen-toiminta-ja-rikin-saato\/\" rel=\"bookmark\">Purjeveneen toiminta, vakavuus ja suoritusarvot<\/a><\/h6>\t<div class=\"entry-meta entry-meta-divider-dot\">\n\t\t<\/div><!-- .entry-meta -->\n\t<\/header><!-- .entry-header -->\n\t<div class=\"entry-summary\">\n\t\t<p>Hinta 35e (+toim.kulut 7e)<\/p>\n\t<\/div><!-- .entry-summary -->\n\t<footer class=\"entry-footer\">\n\t<\/footer><!-- .entry-footer -->\t\t<\/div>\n\t<\/article>\n<\/li>\n<li class=\"kb-post-list-item\">\n\t<article class=\"entry content-bg loop-entry post-1583 post type-post status-publish format-standard has-post-thumbnail hentry category-kirja\">\n\t\t\t\t<a aria-hidden=\"true\" tabindex=\"-1\" role=\"presentation\" class=\"post-thumbnail kadence-thumbnail-ratio-3-2\" href=\"https:\/\/purjehduskurssi.com\/en\/navigointi-painos-2015\/\" aria-label=\"Navigointi\">\n\t\t\t<div class=\"post-thumbnail-inner\">\n\t\t\t\t<img loading=\"lazy\" decoding=\"async\" width=\"300\" height=\"420\" src=\"https:\/\/purjehduskurssi.com\/wp-content\/uploads\/2022\/03\/Nav_kansi2.jpeg\" class=\"attachment-medium_large size-medium_large wp-post-image\" alt=\"Navigointi\" srcset=\"https:\/\/purjehduskurssi.com\/wp-content\/uploads\/2022\/03\/Nav_kansi2.jpeg 300w, https:\/\/purjehduskurssi.com\/wp-content\/uploads\/2022\/03\/Nav_kansi2-214x300.jpeg 214w, https:\/\/purjehduskurssi.com\/wp-content\/uploads\/2022\/03\/Nav_kansi2-9x12.jpeg 9w\" sizes=\"auto, (max-width: 300px) 100vw, 300px\" \/>\t\t\t<\/div>\n\t\t<\/a><!-- .post-thumbnail -->\n\t\t\t\t<div class=\"entry-content-wrap\">\n\t\t\t<header class=\"entry-header\">\n\t<h6 class=\"entry-title\"><a href=\"https:\/\/purjehduskurssi.com\/en\/navigointi-painos-2015\/\" rel=\"bookmark\">Navigointi<\/a><\/h6>\t<div class=\"entry-meta entry-meta-divider-dot\">\n\t\t<\/div><!-- .entry-meta -->\n\t<\/header><!-- .entry-header -->\n\t<div class=\"entry-summary\">\n\t\t<p>Hinta 14e (+toim.kulut 7e)<\/p>\n\t<\/div><!-- .entry-summary -->\n\t<footer class=\"entry-footer\">\n\t<\/footer><!-- .entry-footer -->\t\t<\/div>\n\t<\/article>\n<\/li>\n<li class=\"kb-post-list-item\">\n\t<article class=\"entry content-bg loop-entry post-1582 post type-post status-publish format-standard has-post-thumbnail hentry category-kirja\">\n\t\t\t\t<a aria-hidden=\"true\" tabindex=\"-1\" role=\"presentation\" class=\"post-thumbnail kadence-thumbnail-ratio-3-2\" href=\"https:\/\/purjehduskurssi.com\/en\/veneilytaito-painos-2014\/\" aria-label=\"Veneilytaito\">\n\t\t\t<div class=\"post-thumbnail-inner\">\n\t\t\t\t<img loading=\"lazy\" decoding=\"async\" width=\"300\" height=\"418\" src=\"https:\/\/purjehduskurssi.com\/wp-content\/uploads\/2022\/03\/Ven_taito_kansi-3.jpeg\" class=\"attachment-medium_large size-medium_large wp-post-image\" alt=\"Veneilytaito\" srcset=\"https:\/\/purjehduskurssi.com\/wp-content\/uploads\/2022\/03\/Ven_taito_kansi-3.jpeg 300w, https:\/\/purjehduskurssi.com\/wp-content\/uploads\/2022\/03\/Ven_taito_kansi-3-215x300.jpeg 215w, https:\/\/purjehduskurssi.com\/wp-content\/uploads\/2022\/03\/Ven_taito_kansi-3-9x12.jpeg 9w\" sizes=\"auto, (max-width: 300px) 100vw, 300px\" \/>\t\t\t<\/div>\n\t\t<\/a><!-- .post-thumbnail -->\n\t\t\t\t<div class=\"entry-content-wrap\">\n\t\t\t<header class=\"entry-header\">\n\t<h6 class=\"entry-title\"><a href=\"https:\/\/purjehduskurssi.com\/en\/veneilytaito-painos-2014\/\" rel=\"bookmark\">Veneilytaito<\/a><\/h6>\t<div class=\"entry-meta entry-meta-divider-dot\">\n\t\t<\/div><!-- .entry-meta -->\n\t<\/header><!-- .entry-header -->\n\t<div class=\"entry-summary\">\n\t\t<p>Hinta 25e (+toim.kulut 7e)<\/p>\n\t<\/div><!-- .entry-summary -->\n\t<footer class=\"entry-footer\">\n\t<\/footer><!-- .entry-footer -->\t\t<\/div>\n\t<\/article>\n<\/li>\n<\/ul><\/div><\/div>\n\n<\/div><\/div>\n\n<style>.kb-row-layout-wrap.wp-block-kadence-rowlayout.kb-row-layout-id48_0191c7-ec{margin-top:0px;margin-bottom:0px;}.kb-row-layout-id48_0191c7-ec > .kt-row-column-wrap{align-content:center;}:where(.kb-row-layout-id48_0191c7-ec > .kt-row-column-wrap) > .wp-block-kadence-column{justify-content:center;}.kb-row-layout-id48_0191c7-ec > .kt-row-column-wrap{column-gap:var(--global-kb-gap-md, 2rem);row-gap:var(--global-kb-gap-md, 2rem);max-width:940px;margin-left:auto;margin-right:auto;padding-top:0px;padding-right:70px;padding-bottom:120px;padding-left:70px;grid-template-columns:minmax(0, 1fr);}.kb-row-layout-id48_0191c7-ec > .kt-row-layout-overlay{opacity:0.30;}.kb-row-layout-id48_0191c7-ec .kt-row-layout-bottom-sep{height:100px;}.kb-row-layout-id48_0191c7-ec .kt-row-layout-bottom-sep svg{width:100%;}.kb-row-layout-id48_0191c7-ec .kt-row-layout-bottom-sep svg{fill:var(--global-palette2, #2B6CB0)!important;}.kb-row-layout-id48_0191c7-ec .kt-row-layout-top-sep{height:100px;}.kb-row-layout-id48_0191c7-ec .kt-row-layout-top-sep svg{width:100%;}.kb-row-layout-id48_0191c7-ec .kt-row-layout-top-sep svg{fill:var(--global-palette7, #EDF2F7)!important;}@media all and (max-width: 1024px){.kb-row-layout-id48_0191c7-ec > .kt-row-column-wrap{grid-template-columns:minmax(0, 1fr);}}@media all and (max-width: 1024px){.kb-row-layout-id48_0191c7-ec .kt-row-layout-bottom-sep{height:px;}}@media all and (max-width: 1024px){.kb-row-layout-id48_0191c7-ec .kt-row-layout-bottom-sep svg{width:%;}}@media all and (max-width: 767px){.kb-row-layout-id48_0191c7-ec > .kt-row-column-wrap{padding-right:30px;padding-left:30px;grid-template-columns:minmax(0, 1fr);}.kb-row-layout-id48_0191c7-ec .kt-row-layout-bottom-sep{height:px;}.kb-row-layout-id48_0191c7-ec .kt-row-layout-bottom-sep svg{width:%;}}<\/style><div class=\"kb-row-layout-wrap kb-row-layout-id48_0191c7-ec alignnone has-theme-palette1-background-color kt-row-has-bg wp-block-kadence-rowlayout\"><div class=\"kt-row-layout-bottom-sep kt-row-sep-type-mtns\"><svg viewbox=\"0 0 1000 100\" preserveaspectratio=\"none\"><path d=\"M1000,50l-182.69,-45.286l-292.031,61.197l-190.875,-41.075l-143.748,28.794l-190.656,-23.63l0,70l1000,0l0,-50Z\" style=\"opacity: 0.4\" \/><path d=\"M1000,57l-152.781,-22.589l-214.383,19.81l-159.318,-21.471l-177.44,25.875l-192.722,5.627l-103.356,-27.275l0,63.023l1000,0l0,-43Z\" \/><\/svg><\/div><div class=\"kt-row-column-wrap kt-has-1-columns kt-row-layout-equal kt-tab-layout-inherit kt-mobile-layout-row kt-row-valign-middle\">\n<style>.kadence-column48_59cd3d-2b > .kt-inside-inner-col,.kadence-column48_59cd3d-2b > .kt-inside-inner-col:before{border-top-left-radius:0px;border-top-right-radius:0px;border-bottom-right-radius:0px;border-bottom-left-radius:0px;}.kadence-column48_59cd3d-2b > .kt-inside-inner-col{column-gap:var(--global-kb-gap-sm, 1rem);}.kadence-column48_59cd3d-2b > .kt-inside-inner-col{flex-direction:column;}.kadence-column48_59cd3d-2b > .kt-inside-inner-col > .aligncenter{width:100%;}.kadence-column48_59cd3d-2b > .kt-inside-inner-col:before{opacity:0.3;}.kadence-column48_59cd3d-2b{position:relative;}@media all and (max-width: 1024px){.kadence-column48_59cd3d-2b > .kt-inside-inner-col{flex-direction:column;justify-content:center;}}@media all and (max-width: 767px){.kadence-column48_59cd3d-2b > .kt-inside-inner-col{flex-direction:column;justify-content:center;}}<\/style>\n<div class=\"wp-block-kadence-column kadence-column48_59cd3d-2b inner-column-1\"><div class=\"kt-inside-inner-col\">\n<p class=\"has-text-align-center has-theme-palette-9-color has-text-color\">Tilatessasi useamman kirjan l\u00e4het\u00e4mme ne yhden kirjan toimituskuluilla. <\/p>\n<\/div><\/div>\n\n<\/div><\/div>\n\n\n<p><\/p>","protected":false},"excerpt":{"rendered":"<p>Sea Lady Sailing&nbsp; on julkaissut ja kustantanut k\u00e4yt\u00e4nn\u00f6n purjehdus- ja veneilytaitoja opastavia k\u00e4sikirjoja vuodesta 2013 alkaen.&nbsp;N\u00e4it\u00e4&nbsp; Ivar Dedekamin kirjoja on julkaistu jo 21 kielell\u00e4. Suosittu kirja Purjeiden ja rikin s\u00e4\u00e4t\u00f6 on loppuunmyyty. Siit\u00e4 julkaistiin vuonna 2021 uudistettu ja t\u00e4ydennetty versio Purjeveneen toiminta, vakavuus ja suoritusarvot. Veneilytaito on erinomainen k\u00e4sikirja veneilyn harrastajille veneen k\u00e4sittelyst\u00e4 ja hallinnasta&#8230;<\/p>","protected":false},"author":1,"featured_media":36,"parent":0,"menu_order":17,"comment_status":"open","ping_status":"closed","template":"","meta":{"_kad_post_transparent":"","_kad_post_title":"hide","_kad_post_layout":"default","_kad_post_sidebar_id":"","_kad_post_content_style":"","_kad_post_vertical_padding":"","_kad_post_feature":"","_kad_post_feature_position":"","_kad_post_header":false,"_kad_post_footer":false,"_kad_post_classname":"","footnotes":""},"class_list":["post-48","page","type-page","status-publish","has-post-thumbnail","hentry"],"_links":{"self":[{"href":"https:\/\/purjehduskurssi.com\/en\/wp-json\/wp\/v2\/pages\/48","targetHints":{"allow":["GET"]}}],"collection":[{"href":"https:\/\/purjehduskurssi.com\/en\/wp-json\/wp\/v2\/pages"}],"about":[{"href":"https:\/\/purjehduskurssi.com\/en\/wp-json\/wp\/v2\/types\/page"}],"author":[{"embeddable":true,"href":"https:\/\/purjehduskurssi.com\/en\/wp-json\/wp\/v2\/users\/1"}],"replies":[{"embeddable":true,"href":"https:\/\/purjehduskurssi.com\/en\/wp-json\/wp\/v2\/comments?post=48"}],"version-history":[{"count":57,"href":"https:\/\/purjehduskurssi.com\/en\/wp-json\/wp\/v2\/pages\/48\/revisions"}],"predecessor-version":[{"id":5520,"href":"https:\/\/purjehduskurssi.com\/en\/wp-json\/wp\/v2\/pages\/48\/revisions\/5520"}],"wp:featuredmedia":[{"embeddable":true,"href":"https:\/\/purjehduskurssi.com\/en\/wp-json\/wp\/v2\/media\/36"}],"wp:attachment":[{"href":"https:\/\/purjehduskurssi.com\/en\/wp-json\/wp\/v2\/media?parent=48"}],"curies":[{"name":"wp","href":"https:\/\/api.w.org\/{rel}","templated":true}]}}