{"id":3514,"date":"2023-08-08T11:07:43","date_gmt":"2023-08-08T08:07:43","guid":{"rendered":"https:\/\/purjehduskurssi.com\/?page_id=3514"},"modified":"2023-08-18T09:11:12","modified_gmt":"2023-08-18T06:11:12","slug":"toimitusehdot","status":"publish","type":"page","link":"https:\/\/purjehduskurssi.com\/en\/toimitusehdot\/","title":{"rendered":"Terms of delivery"},"content":{"rendered":"<ol class=\"wp-block-list\">\n<li><strong>Ordering:<\/strong> You can order the books we publish through our website by filling out the order form. Make sure you provide correct and complete information, including your shipping address and phone number.<\/li>\n\n\n\n<li><strong>Shipping costs:<\/strong> Delivery costs for small deliveries are \u20ac7.<\/li>\n\n\n\n<li><strong>Delivery time:<\/strong> We will try to process your order as quickly as possible.<\/li>\n\n\n\n<li><strong>Notification of damages or deficiencies:<\/strong> Mik\u00e4li vastaanottamasi kirja on vaurioitunut tai tilaus on virheellinen, ilmoitathan siit\u00e4 meille v\u00e4litt\u00f6m\u00e4sti.&nbsp;Palautusoikeus koskee vain viallisia tai virheellisi\u00e4 tuotteita. Otathan yhteytt\u00e4 t\u00e4llaisissa tapauksissa.&nbsp;<\/li>\n\n\n\n<li><strong>Privacy:<\/strong> We handle your personal data confidentially and comply with valid data protection laws.<\/li>\n<\/ol>\n\n\n\n<div class=\"wp-block-buttons is-layout-flex wp-block-buttons-is-layout-flex\">\n<div class=\"wp-block-button\"><a class=\"wp-block-button__link wp-element-button\" href=\"https:\/\/purjehduskurssi.com\/en\/tietosuojakaytanto\/\">Privacy policy<\/a><\/div>\n<\/div>","protected":false},"excerpt":{"rendered":"","protected":false},"author":1,"featured_media":0,"parent":0,"menu_order":0,"comment_status":"closed","ping_status":"closed","template":"","meta":{"_kad_post_transparent":"","_kad_post_title":"","_kad_post_layout":"narrow","_kad_post_sidebar_id":"","_kad_post_content_style":"","_kad_post_vertical_padding":"","_kad_post_feature":"","_kad_post_feature_position":"","_kad_post_header":false,"_kad_post_footer":false,"_kad_post_classname":"","footnotes":""},"class_list":["post-3514","page","type-page","status-publish","hentry"],"_links":{"self":[{"href":"https:\/\/purjehduskurssi.com\/en\/wp-json\/wp\/v2\/pages\/3514","targetHints":{"allow":["GET"]}}],"collection":[{"href":"https:\/\/purjehduskurssi.com\/en\/wp-json\/wp\/v2\/pages"}],"about":[{"href":"https:\/\/purjehduskurssi.com\/en\/wp-json\/wp\/v2\/types\/page"}],"author":[{"embeddable":true,"href":"https:\/\/purjehduskurssi.com\/en\/wp-json\/wp\/v2\/users\/1"}],"replies":[{"embeddable":true,"href":"https:\/\/purjehduskurssi.com\/en\/wp-json\/wp\/v2\/comments?post=3514"}],"version-history":[{"count":4,"href":"https:\/\/purjehduskurssi.com\/en\/wp-json\/wp\/v2\/pages\/3514\/revisions"}],"predecessor-version":[{"id":3642,"href":"https:\/\/purjehduskurssi.com\/en\/wp-json\/wp\/v2\/pages\/3514\/revisions\/3642"}],"wp:attachment":[{"href":"https:\/\/purjehduskurssi.com\/en\/wp-json\/wp\/v2\/media?parent=3514"}],"curies":[{"name":"wp","href":"https:\/\/api.w.org\/{rel}","templated":true}]}}