{"id":29,"date":"2013-12-14T16:19:15","date_gmt":"2013-12-14T16:19:15","guid":{"rendered":"https:\/\/purjehduskurssi.com\/2013\/12\/14\/navi\/"},"modified":"2025-12-31T12:26:28","modified_gmt":"2025-12-31T10:26:28","slug":"navi","status":"publish","type":"page","link":"https:\/\/purjehduskurssi.com\/en\/navi\/","title":{"rendered":"Navigation courses"},"content":{"rendered":"<style>.kb-row-layout-wrap.wp-block-kadence-rowlayout.kb-row-layout-id29_a5da96-67{margin-bottom:50px;}.kb-row-layout-id29_a5da96-67 > .kt-row-column-wrap{align-content:center;}:where(.kb-row-layout-id29_a5da96-67 > .kt-row-column-wrap) > .wp-block-kadence-column{justify-content:center;}.kb-row-layout-id29_a5da96-67 > .kt-row-column-wrap{column-gap:var(--global-kb-gap-md, 2rem);row-gap:var(--global-kb-gap-md, 2rem);max-width:var( --global-content-width, 935px );padding-left:var(--global-content-edge-padding);padding-right:var(--global-content-edge-padding);padding-top:25px;padding-right:70px;padding-bottom:25px;padding-left:70px;min-height:400px;grid-template-columns:minmax(0, 1fr);}.kb-row-layout-id29_a5da96-67{background-image:url('https:\/\/purjehduskurssi.com\/wp-content\/uploads\/2022\/03\/IMG_20181007_231651.jpg');background-size:cover;background-position:55.00000000000001% 68%;background-attachment:scroll;background-repeat:no-repeat;}.kb-row-layout-id29_a5da96-67 > .kt-row-layout-overlay{opacity:0.16;background:radial-gradient(ellipse at center center,var(--global-palette3,#222222) 0%,rgba(20,39,109,0) 100%);}.kb-row-layout-id29_a5da96-67 .kt-row-layout-bottom-sep{height:100px;}.kb-row-layout-id29_a5da96-67 .kt-row-layout-bottom-sep svg{width:100%;}.kb-row-layout-id29_a5da96-67 .kt-row-layout-bottom-sep svg{fill:var(--global-palette8, #F7FAFC)!important;}@media all and (max-width: 1024px){.kb-row-layout-id29_a5da96-67 > .kt-row-column-wrap{grid-template-columns:minmax(0, 1fr);}}@media all and (max-width: 1024px){.kb-row-layout-id29_a5da96-67 .kt-row-layout-bottom-sep{height:px;}}@media all and (max-width: 1024px){.kb-row-layout-id29_a5da96-67 .kt-row-layout-bottom-sep svg{width:%;}}@media all and (max-width: 767px){.kb-row-layout-id29_a5da96-67 > .kt-row-column-wrap{padding-right:30px;padding-left:30px;grid-template-columns:minmax(0, 1fr);}.kb-row-layout-id29_a5da96-67 .kt-row-layout-bottom-sep{height:px;}.kb-row-layout-id29_a5da96-67 .kt-row-layout-bottom-sep svg{width:%;}}<\/style><div class=\"kb-row-layout-wrap kb-row-layout-id29_a5da96-67 alignnone kt-row-has-bg wp-block-kadence-rowlayout\"><div class=\"kt-row-layout-overlay kt-row-overlay-gradient\"><\/div><div class=\"kt-row-layout-bottom-sep kt-row-sep-type-mtns\"><svg viewBox=\"0 0 1000 100\" preserveAspectRatio=\"none\"><path d=\"M1000,50l-182.69,-45.286l-292.031,61.197l-190.875,-41.075l-143.748,28.794l-190.656,-23.63l0,70l1000,0l0,-50Z\" style=\"opacity: 0.4\" \/><path d=\"M1000,57l-152.781,-22.589l-214.383,19.81l-159.318,-21.471l-177.44,25.875l-192.722,5.627l-103.356,-27.275l0,63.023l1000,0l0,-43Z\" \/><\/svg><\/div><div class=\"kt-row-column-wrap kt-has-1-columns kt-row-layout-equal kt-tab-layout-inherit kt-mobile-layout-row kt-row-valign-middle kb-theme-content-width\">\n<style>.kadence-column29_ddc34b-66 > .kt-inside-inner-col{display:flex;}.kadence-column29_ddc34b-66 > .kt-inside-inner-col,.kadence-column29_ddc34b-66 > .kt-inside-inner-col:before{border-top-left-radius:0px;border-top-right-radius:0px;border-bottom-right-radius:0px;border-bottom-left-radius:0px;}.kadence-column29_ddc34b-66 > .kt-inside-inner-col{column-gap:var(--global-kb-gap-sm, 1rem);}.kadence-column29_ddc34b-66 > .kt-inside-inner-col{flex-direction:column;justify-content:center;}.kadence-column29_ddc34b-66 > .kt-inside-inner-col > .aligncenter{width:100%;}.kt-row-column-wrap > .kadence-column29_ddc34b-66{align-self:center;}.kt-inner-column-height-full:not(.kt-has-1-columns) > .wp-block-kadence-column.kadence-column29_ddc34b-66{align-self:auto;}.kt-inner-column-height-full:not(.kt-has-1-columns) > .wp-block-kadence-column.kadence-column29_ddc34b-66 > .kt-inside-inner-col{flex-direction:column;justify-content:center;}.kadence-column29_ddc34b-66 > .kt-inside-inner-col:before{opacity:0.3;}.kadence-column29_ddc34b-66{position:relative;}@media all and (max-width: 1024px){.kt-row-column-wrap > .kadence-column29_ddc34b-66{align-self:center;}}@media all and (max-width: 1024px){.kt-inner-column-height-full:not(.kt-has-1-columns) > .wp-block-kadence-column.kadence-column29_ddc34b-66{align-self:auto;}}@media all and (max-width: 1024px){.kt-inner-column-height-full:not(.kt-has-1-columns) > .wp-block-kadence-column.kadence-column29_ddc34b-66 > .kt-inside-inner-col{flex-direction:column;justify-content:center;}}@media all and (max-width: 1024px){.kadence-column29_ddc34b-66 > .kt-inside-inner-col{flex-direction:column;justify-content:center;}}@media all and (max-width: 767px){.kt-row-column-wrap > .kadence-column29_ddc34b-66{align-self:center;}.kt-inner-column-height-full:not(.kt-has-1-columns) > .wp-block-kadence-column.kadence-column29_ddc34b-66{align-self:auto;}.kt-inner-column-height-full:not(.kt-has-1-columns) > .wp-block-kadence-column.kadence-column29_ddc34b-66 > .kt-inside-inner-col{flex-direction:column;justify-content:center;}.kadence-column29_ddc34b-66 > .kt-inside-inner-col{flex-direction:column;justify-content:center;}}<\/style>\n<div class=\"wp-block-kadence-column kadence-column29_ddc34b-66 inner-column-1\"><div class=\"kt-inside-inner-col\"><h1 class=\"has-text-align-center wp-block-post-title has-text-color has-theme-palette-9-color\">Navigointikurssit<\/h1><\/div><\/div>\n\n<\/div><\/div>\n\n<style>.kb-row-layout-id29_0b6fef-e9 > .kt-row-column-wrap{align-content:start;}:where(.kb-row-layout-id29_0b6fef-e9 > .kt-row-column-wrap) > .wp-block-kadence-column{justify-content:start;}.kb-row-layout-id29_0b6fef-e9 > .kt-row-column-wrap{column-gap:var(--global-kb-gap-md, 2rem);row-gap:var(--global-kb-gap-md, 2rem);max-width:900px;margin-left:auto;margin-right:auto;padding-top:25px;padding-right:70px;padding-bottom:25px;padding-left:70px;grid-template-columns:minmax(0, 1fr);}.kb-row-layout-id29_0b6fef-e9 > .kt-row-layout-overlay{opacity:0.30;}@media all and (max-width: 1024px){.kb-row-layout-id29_0b6fef-e9 > .kt-row-column-wrap{grid-template-columns:minmax(0, 1fr);}}@media all and (max-width: 767px){.kb-row-layout-id29_0b6fef-e9 > .kt-row-column-wrap{padding-right:30px;padding-left:30px;grid-template-columns:minmax(0, 1fr);}}<\/style><div class=\"kb-row-layout-wrap kb-row-layout-id29_0b6fef-e9 alignnone has-theme-palette8-background-color kt-row-has-bg wp-block-kadence-rowlayout\"><div class=\"kt-row-column-wrap kt-has-1-columns kt-row-layout-equal kt-tab-layout-inherit kt-mobile-layout-row kt-row-valign-top\">\n<style>.kadence-column29_00415c-f8 > .kt-inside-inner-col,.kadence-column29_00415c-f8 > .kt-inside-inner-col:before{border-top-left-radius:0px;border-top-right-radius:0px;border-bottom-right-radius:0px;border-bottom-left-radius:0px;}.kadence-column29_00415c-f8 > .kt-inside-inner-col{column-gap:var(--global-kb-gap-sm, 1rem);}.kadence-column29_00415c-f8 > .kt-inside-inner-col{flex-direction:column;}.kadence-column29_00415c-f8 > .kt-inside-inner-col > .aligncenter{width:100%;}.kadence-column29_00415c-f8 > .kt-inside-inner-col:before{opacity:0.3;}.kadence-column29_00415c-f8{position:relative;}@media all and (max-width: 1024px){.kadence-column29_00415c-f8 > .kt-inside-inner-col{flex-direction:column;justify-content:center;}}@media all and (max-width: 767px){.kadence-column29_00415c-f8 > .kt-inside-inner-col{flex-direction:column;justify-content:center;}}<\/style>\n<div class=\"wp-block-kadence-column kadence-column29_00415c-f8 inner-column-1\"><div class=\"kt-inside-inner-col\"><style>.wp-block-kadence-advancedheading.kt-adv-heading29_594887-a8, .wp-block-kadence-advancedheading.kt-adv-heading29_594887-a8[data-kb-block=\"kb-adv-heading29_594887-a8\"]{font-style:normal;color:#000000;}.wp-block-kadence-advancedheading.kt-adv-heading29_594887-a8 mark.kt-highlight, .wp-block-kadence-advancedheading.kt-adv-heading29_594887-a8[data-kb-block=\"kb-adv-heading29_594887-a8\"] mark.kt-highlight{font-style:normal;color:#f76a0c;-webkit-box-decoration-break:clone;box-decoration-break:clone;padding-top:0px;padding-right:0px;padding-bottom:0px;padding-left:0px;}.wp-block-kadence-advancedheading.kt-adv-heading29_594887-a8 img.kb-inline-image, .wp-block-kadence-advancedheading.kt-adv-heading29_594887-a8[data-kb-block=\"kb-adv-heading29_594887-a8\"] img.kb-inline-image{width:150px;vertical-align:baseline;}<\/style>\n<h3 class=\"kt-adv-heading29_594887-a8 wp-block-kadence-advancedheading\" data-kb-block=\"kb-adv-heading29_594887-a8\">Navigointikurssit ja hinnat <br><\/h3>\n\n\n\n<p>Veneilysesongin ulkopuolella j\u00e4rjest\u00e4mme navigointikursseja et\u00e4kursseina Suomen Navigoinninopettajat ry:n j\u00e4rjestelm\u00e4n mukaisesti.<\/p>\n\n\n\n<p>Navigointi 1 -kurssi 80e<br>Navigointi 2 -kurssi 90e<\/p>\n\n\n\n<p class=\"has-kb-palette-1-color has-text-color has-link-color has-medium-font-size wp-elements-1a4323a3a2066c6f7cbd7a5fda4ace88\"><br><br><strong>Et\u00e4tapaamiset nauhoitetaan, ja ne on katsottavissa sovitun ajan tapaamisten j\u00e4lkeen, ellet p\u00e4\u00e4se seuraamaan itse livetapaamista. <\/strong><br><\/p>\n\n\n\n<p class=\"has-medium-font-size\">Lis\u00e4tietoa:<br><a href=\"https:\/\/purjehduskurssi.com\/navigointi-1\/\" data-type=\"page\" data-id=\"1005\"><strong>Navigointi 1 &#8211; Sis\u00e4vedet ja It\u00e4meri<\/strong><\/a><br><\/p>\n\n\n\n<p class=\"has-medium-font-size\">Lis\u00e4tietoa:<br><a href=\"https:\/\/purjehduskurssi.com\/navigointi-2\/\" data-type=\"page\" data-id=\"1007\"><strong>Navigointi 2&nbsp; &#8211; vuorovesialueet<\/strong><\/a><\/p>\n\n\n\n<p class=\"has-medium-font-size\"><br><strong>Tiedustele kursseja my\u00f6s muina ajankohtina- n\u00e4it\u00e4 j\u00e4rjestet\u00e4\u00e4n kysynn\u00e4n ja mahdollisuuksien mukaan lis\u00e4\u00e4. My\u00f6s omalle porukalle!<\/strong><\/p>\n\n\n\n<p>Oletko jo opiskellut saaristo- tai rannikkonavigointia, mutta tutkinto on saattanut j\u00e4\u00e4d\u00e4 tekem\u00e4tt\u00e4 esimerkiksi poikkeusolojen takia? <strong>Ota yhteytt\u00e4, niin r\u00e4\u00e4t\u00e4l\u00f6id\u00e4\u00e4n<\/strong> <strong>my\u00f6s sinulle <\/strong>sopivaa mieleenpalauttelua ja valmistautuminen tutkintoon!<\/p>\n\n\n\n<p><\/p>\n\n\n<style>.wp-block-kadence-advancedheading.kt-adv-heading29_848dc9-c1, .wp-block-kadence-advancedheading.kt-adv-heading29_848dc9-c1[data-kb-block=\"kb-adv-heading29_848dc9-c1\"]{font-style:normal;}.wp-block-kadence-advancedheading.kt-adv-heading29_848dc9-c1 mark.kt-highlight, .wp-block-kadence-advancedheading.kt-adv-heading29_848dc9-c1[data-kb-block=\"kb-adv-heading29_848dc9-c1\"] mark.kt-highlight{font-style:normal;color:#f76a0c;-webkit-box-decoration-break:clone;box-decoration-break:clone;padding-top:0px;padding-right:0px;padding-bottom:0px;padding-left:0px;}.wp-block-kadence-advancedheading.kt-adv-heading29_848dc9-c1 img.kb-inline-image, .wp-block-kadence-advancedheading.kt-adv-heading29_848dc9-c1[data-kb-block=\"kb-adv-heading29_848dc9-c1\"] img.kb-inline-image{width:150px;vertical-align:baseline;}<\/style>\n<h6 class=\"kt-adv-heading29_848dc9-c1 wp-block-kadence-advancedheading\" data-kb-block=\"kb-adv-heading29_848dc9-c1\">Materiaali<\/h6>\n\n\n\n<p>Kursseilla k\u00e4ytet\u00e4\u00e4n Suomen Navigoinninopettajat ry:n kirjoja ja harjoituskarttoja. Lis\u00e4ksi harjoituksissa tarvitaan harppia ja astelevy\u00e4 tai kurssiplotteria. Materiaalit voi tilata ilmoittautumisen yhteydess\u00e4 kouluttajalta.<\/p>\n\n\n\n<ul class=\"wp-block-list\">\n<li>Navigointi 1 -kirja 37,50 e<\/li>\n\n\n\n<li>Navigointi&nbsp;2&nbsp;-kirja&nbsp;41 e<\/li>\n\n\n\n<li>Navi1 harjoituskartta 9 e<\/li>\n\n\n\n<li>Navi2 harjoituskartta&nbsp;(Imray&nbsp;C33A&nbsp;Channel&nbsp;Islands)&nbsp;35e<\/li>\n\n\n\n<li>harppi Linex 13e (tarkempi) tai harppi messinkinen 22,50e (perinteisempi)<\/li>\n\n\n\n<li>astelevy 12e<br>(hinnat sis alv)<\/li>\n<\/ul>\n\n\n<style>.wp-block-kadence-advancedheading.kt-adv-heading29_81e66a-ab, .wp-block-kadence-advancedheading.kt-adv-heading29_81e66a-ab[data-kb-block=\"kb-adv-heading29_81e66a-ab\"]{font-style:normal;}.wp-block-kadence-advancedheading.kt-adv-heading29_81e66a-ab mark.kt-highlight, .wp-block-kadence-advancedheading.kt-adv-heading29_81e66a-ab[data-kb-block=\"kb-adv-heading29_81e66a-ab\"] mark.kt-highlight{font-style:normal;color:#f76a0c;-webkit-box-decoration-break:clone;box-decoration-break:clone;padding-top:0px;padding-right:0px;padding-bottom:0px;padding-left:0px;}.wp-block-kadence-advancedheading.kt-adv-heading29_81e66a-ab img.kb-inline-image, .wp-block-kadence-advancedheading.kt-adv-heading29_81e66a-ab[data-kb-block=\"kb-adv-heading29_81e66a-ab\"] img.kb-inline-image{width:150px;vertical-align:baseline;}<\/style>\n<h6 class=\"kt-adv-heading29_81e66a-ab wp-block-kadence-advancedheading\" data-kb-block=\"kb-adv-heading29_81e66a-ab\">Kurssitodistus<\/h6>\n\n\n\n<p><em>Navigointi 1<\/em> tai <em>Navigointi 2<\/em>&nbsp;-todistuksen&nbsp;saamiseksi&nbsp;tulee&nbsp;suorittaa&nbsp;navigointitutkinto hyv\u00e4ksytysti. Kurssin j\u00e4lkeen voi osallistua tutkintoon  et\u00e4n\u00e4 haluamanaan ajankohtana (et\u00e4tutkinto on yhteisty\u00f6kumppanimme j\u00e4rjest\u00e4m\u00e4). J\u00e4rjest\u00e4mme my\u00f6s perinteisi\u00e4 tenttitilaisuuksia kysynn\u00e4n mukaan. <\/p>\n\n\n\n<p><em>Navigointi2<\/em> &#8211; tutkinto&nbsp;on&nbsp;riitt\u00e4v\u00e4&nbsp;osoitus&nbsp;navigointitaidoista&nbsp;haettaessa&nbsp;Traficomilta Kansainv\u00e4list\u00e4&nbsp;huviveneenkuljettajankirjaa.&nbsp;<\/p>\n<\/div><\/div>\n\n<\/div><\/div>\n\n\n<p><\/p>\n","protected":false},"excerpt":{"rendered":"<p>Navigointikurssit ja hinnat Veneilysesongin ulkopuolella j\u00e4rjest\u00e4mme navigointikursseja et\u00e4kursseina Suomen Navigoinninopettajat ry:n j\u00e4rjestelm\u00e4n mukaisesti. Navigointi 1 -kurssi 80eNavigointi 2 -kurssi 90e Et\u00e4tapaamiset nauhoitetaan, ja ne on katsottavissa sovitun ajan tapaamisten j\u00e4lkeen, ellet p\u00e4\u00e4se seuraamaan itse livetapaamista. Lis\u00e4tietoa:Navigointi 1 &#8211; Sis\u00e4vedet ja It\u00e4meri Lis\u00e4tietoa:Navigointi 2&nbsp; &#8211; vuorovesialueet Tiedustele kursseja my\u00f6s muina ajankohtina- n\u00e4it\u00e4 j\u00e4rjestet\u00e4\u00e4n kysynn\u00e4n ja mahdollisuuksien&#8230;<\/p>","protected":false},"author":1,"featured_media":2711,"parent":0,"menu_order":19,"comment_status":"open","ping_status":"open","template":"","meta":{"_kad_post_transparent":"default","_kad_post_title":"hide","_kad_post_layout":"fullwidth","_kad_post_sidebar_id":"","_kad_post_content_style":"","_kad_post_vertical_padding":"","_kad_post_feature":"hide","_kad_post_feature_position":"","_kad_post_header":false,"_kad_post_footer":false,"_kad_post_classname":"","footnotes":""},"class_list":["post-29","page","type-page","status-publish","has-post-thumbnail","hentry"],"_links":{"self":[{"href":"https:\/\/purjehduskurssi.com\/en\/wp-json\/wp\/v2\/pages\/29","targetHints":{"allow":["GET"]}}],"collection":[{"href":"https:\/\/purjehduskurssi.com\/en\/wp-json\/wp\/v2\/pages"}],"about":[{"href":"https:\/\/purjehduskurssi.com\/en\/wp-json\/wp\/v2\/types\/page"}],"author":[{"embeddable":true,"href":"https:\/\/purjehduskurssi.com\/en\/wp-json\/wp\/v2\/users\/1"}],"replies":[{"embeddable":true,"href":"https:\/\/purjehduskurssi.com\/en\/wp-json\/wp\/v2\/comments?post=29"}],"version-history":[{"count":88,"href":"https:\/\/purjehduskurssi.com\/en\/wp-json\/wp\/v2\/pages\/29\/revisions"}],"predecessor-version":[{"id":5586,"href":"https:\/\/purjehduskurssi.com\/en\/wp-json\/wp\/v2\/pages\/29\/revisions\/5586"}],"wp:featuredmedia":[{"embeddable":true,"href":"https:\/\/purjehduskurssi.com\/en\/wp-json\/wp\/v2\/media\/2711"}],"wp:attachment":[{"href":"https:\/\/purjehduskurssi.com\/en\/wp-json\/wp\/v2\/media?parent=29"}],"curies":[{"name":"wp","href":"https:\/\/api.w.org\/{rel}","templated":true}]}}