{"id":2200,"date":"2022-04-03T16:32:45","date_gmt":"2022-04-03T13:32:45","guid":{"rendered":"https:\/\/purjehduskurssi.com\/?page_id=2200"},"modified":"2023-10-06T09:46:29","modified_gmt":"2023-10-06T06:46:29","slug":"lyhytkurssit-ja-harjoitukset","status":"publish","type":"page","link":"https:\/\/purjehduskurssi.com\/en\/purjehduskurssit-suomessa-ja-valimerella\/lyhytkurssit-ja-harjoitukset\/","title":{"rendered":"Short courses and exercises"},"content":{"rendered":"<p>We organize various exercises related to sailing and boating, depending on the possibilities and demand. <\/p>\n\n\n\n<p>These include, for example, harbor training for  them who are practising to be skippers, navigation exercises during the day or at night, MOB training, i.e. training for operating in a \"man overboard\" situation. <\/p>\n\n\n\n<p>  <\/p>\n\n\n\n<p><\/p>","protected":false},"excerpt":{"rendered":"<p>J\u00e4rjest\u00e4mme mahdollisuuksien ja kysynn\u00e4nkin mukaan erilaisia purjehdukseen ja veneilyyn liittyvi\u00e4 harjoituksia. N\u00e4it\u00e4 on esimerkiksi satama-ajotreenit veneen p\u00e4\u00e4llikkyytt\u00e4 harjoitteleville purjehtijoille, navigointiharjoitukset p\u00e4iv\u00e4ll\u00e4 tai y\u00f6ll\u00e4, MOB-harjoitus eli &#8221;mies yli laidan&#8221; -tilanteessa toimimisen harjoitusta.<\/p>","protected":false},"author":2,"featured_media":0,"parent":21,"menu_order":0,"comment_status":"closed","ping_status":"closed","template":"","meta":{"_kad_post_transparent":"","_kad_post_title":"","_kad_post_layout":"normal","_kad_post_sidebar_id":"","_kad_post_content_style":"","_kad_post_vertical_padding":"","_kad_post_feature":"","_kad_post_feature_position":"","_kad_post_header":false,"_kad_post_footer":false,"_kad_post_classname":"","footnotes":""},"class_list":["post-2200","page","type-page","status-publish","hentry"],"_links":{"self":[{"href":"https:\/\/purjehduskurssi.com\/en\/wp-json\/wp\/v2\/pages\/2200","targetHints":{"allow":["GET"]}}],"collection":[{"href":"https:\/\/purjehduskurssi.com\/en\/wp-json\/wp\/v2\/pages"}],"about":[{"href":"https:\/\/purjehduskurssi.com\/en\/wp-json\/wp\/v2\/types\/page"}],"author":[{"embeddable":true,"href":"https:\/\/purjehduskurssi.com\/en\/wp-json\/wp\/v2\/users\/2"}],"replies":[{"embeddable":true,"href":"https:\/\/purjehduskurssi.com\/en\/wp-json\/wp\/v2\/comments?post=2200"}],"version-history":[{"count":2,"href":"https:\/\/purjehduskurssi.com\/en\/wp-json\/wp\/v2\/pages\/2200\/revisions"}],"predecessor-version":[{"id":2205,"href":"https:\/\/purjehduskurssi.com\/en\/wp-json\/wp\/v2\/pages\/2200\/revisions\/2205"}],"up":[{"embeddable":true,"href":"https:\/\/purjehduskurssi.com\/en\/wp-json\/wp\/v2\/pages\/21"}],"wp:attachment":[{"href":"https:\/\/purjehduskurssi.com\/en\/wp-json\/wp\/v2\/media?parent=2200"}],"curies":[{"name":"wp","href":"https:\/\/api.w.org\/{rel}","templated":true}]}}