{"id":22,"date":"2013-12-14T16:12:08","date_gmt":"2013-12-14T16:12:08","guid":{"rendered":"https:\/\/purjehduskurssi.com\/2013\/12\/14\/retkipurjehdukset\/"},"modified":"2023-10-06T09:44:34","modified_gmt":"2023-10-06T06:44:34","slug":"retkipurjehdukset","status":"publish","type":"page","link":"https:\/\/purjehduskurssi.com\/en\/retkipurjehdukset\/","title":{"rendered":"Sailings"},"content":{"rendered":"<style>.kb-row-layout-wrap.wp-block-kadence-rowlayout.kb-row-layout-id22_6d7a91-e5{margin-bottom:0px;}.kb-row-layout-id22_6d7a91-e5 > .kt-row-column-wrap{align-content:center;}:where(.kb-row-layout-id22_6d7a91-e5 > .kt-row-column-wrap) > .wp-block-kadence-column{justify-content:center;}.kb-row-layout-id22_6d7a91-e5 > .kt-row-column-wrap{column-gap:var(--global-kb-gap-md, 2rem);row-gap:var(--global-kb-gap-md, 2rem);max-width:var( --global-content-width, 935px );padding-left:var(--global-content-edge-padding);padding-right:var(--global-content-edge-padding);padding-top:25px;padding-right:70px;padding-bottom:25px;padding-left:70px;min-height:400px;grid-template-columns:minmax(0, 1fr);}.kb-row-layout-id22_6d7a91-e5{background-image:url('https:\/\/purjehduskurssi.com\/wp-content\/uploads\/2022\/11\/hanko-MM.jpg');background-size:cover;background-position:50% 75%;background-attachment:scroll;background-repeat:no-repeat;}.kb-row-layout-id22_6d7a91-e5 > .kt-row-layout-overlay{opacity:0.06;background-color:var(--global-palette1, #3182CE);}.kb-row-layout-id22_6d7a91-e5 .kt-row-layout-bottom-sep{height:100px;}.kb-row-layout-id22_6d7a91-e5 .kt-row-layout-bottom-sep svg{width:100%;}.kb-row-layout-id22_6d7a91-e5 .kt-row-layout-bottom-sep svg{fill:var(--global-palette8, #F7FAFC)!important;}@media all and (max-width: 1024px){.kb-row-layout-id22_6d7a91-e5 > .kt-row-column-wrap{grid-template-columns:minmax(0, 1fr);}}@media all and (max-width: 1024px){.kb-row-layout-id22_6d7a91-e5 .kt-row-layout-bottom-sep{height:px;}}@media all and (max-width: 1024px){.kb-row-layout-id22_6d7a91-e5 .kt-row-layout-bottom-sep svg{width:%;}}@media all and (max-width: 767px){.kb-row-layout-id22_6d7a91-e5 > .kt-row-column-wrap{padding-right:30px;padding-left:30px;grid-template-columns:minmax(0, 1fr);}.kb-row-layout-id22_6d7a91-e5 .kt-row-layout-bottom-sep{height:px;}.kb-row-layout-id22_6d7a91-e5 .kt-row-layout-bottom-sep svg{width:%;}}<\/style><div class=\"kb-row-layout-wrap kb-row-layout-id22_6d7a91-e5 alignnone kt-row-has-bg wp-block-kadence-rowlayout\"><div class=\"kt-row-layout-overlay kt-row-overlay-normal\"><\/div><div class=\"kt-row-layout-bottom-sep kt-row-sep-type-mtns\"><svg viewBox=\"0 0 1000 100\" preserveAspectRatio=\"none\"><path d=\"M1000,50l-182.69,-45.286l-292.031,61.197l-190.875,-41.075l-143.748,28.794l-190.656,-23.63l0,70l1000,0l0,-50Z\" style=\"opacity: 0.4\" \/><path d=\"M1000,57l-152.781,-22.589l-214.383,19.81l-159.318,-21.471l-177.44,25.875l-192.722,5.627l-103.356,-27.275l0,63.023l1000,0l0,-43Z\" \/><\/svg><\/div><div class=\"kt-row-column-wrap kt-has-1-columns kt-row-layout-equal kt-tab-layout-inherit kt-mobile-layout-row kt-row-valign-middle kb-theme-content-width\">\n<style>.kadence-column22_4abdbf-1c > .kt-inside-inner-col{display:flex;}.kadence-column22_4abdbf-1c > .kt-inside-inner-col,.kadence-column22_4abdbf-1c > .kt-inside-inner-col:before{border-top-left-radius:0px;border-top-right-radius:0px;border-bottom-right-radius:0px;border-bottom-left-radius:0px;}.kadence-column22_4abdbf-1c > .kt-inside-inner-col{column-gap:var(--global-kb-gap-sm, 1rem);}.kadence-column22_4abdbf-1c > .kt-inside-inner-col{flex-direction:column;justify-content:center;}.kadence-column22_4abdbf-1c > .kt-inside-inner-col > .aligncenter{width:100%;}.kt-row-column-wrap > .kadence-column22_4abdbf-1c{align-self:center;}.kt-inner-column-height-full:not(.kt-has-1-columns) > .wp-block-kadence-column.kadence-column22_4abdbf-1c{align-self:auto;}.kt-inner-column-height-full:not(.kt-has-1-columns) > .wp-block-kadence-column.kadence-column22_4abdbf-1c > .kt-inside-inner-col{flex-direction:column;justify-content:center;}.kadence-column22_4abdbf-1c > .kt-inside-inner-col:before{opacity:0.3;}.kadence-column22_4abdbf-1c{position:relative;}@media all and (max-width: 1024px){.kt-row-column-wrap > .kadence-column22_4abdbf-1c{align-self:center;}}@media all and (max-width: 1024px){.kt-inner-column-height-full:not(.kt-has-1-columns) > .wp-block-kadence-column.kadence-column22_4abdbf-1c{align-self:auto;}}@media all and (max-width: 1024px){.kt-inner-column-height-full:not(.kt-has-1-columns) > .wp-block-kadence-column.kadence-column22_4abdbf-1c > .kt-inside-inner-col{flex-direction:column;justify-content:center;}}@media all and (max-width: 1024px){.kadence-column22_4abdbf-1c > .kt-inside-inner-col{flex-direction:column;justify-content:center;}}@media all and (max-width: 767px){.kt-row-column-wrap > .kadence-column22_4abdbf-1c{align-self:center;}.kt-inner-column-height-full:not(.kt-has-1-columns) > .wp-block-kadence-column.kadence-column22_4abdbf-1c{align-self:auto;}.kt-inner-column-height-full:not(.kt-has-1-columns) > .wp-block-kadence-column.kadence-column22_4abdbf-1c > .kt-inside-inner-col{flex-direction:column;justify-content:center;}.kadence-column22_4abdbf-1c > .kt-inside-inner-col{flex-direction:column;justify-content:center;}}<\/style>\n<div class=\"wp-block-kadence-column kadence-column22_4abdbf-1c inner-column-1\"><div class=\"kt-inside-inner-col\"><h1 class=\"has-text-align-center wp-block-post-title has-text-color has-theme-palette-9-color\">Purjehdukset<\/h1><\/div><\/div>\n\n<\/div><\/div>\n\n<style>.kb-row-layout-id22_7b1024-06 > .kt-row-column-wrap{align-content:start;}:where(.kb-row-layout-id22_7b1024-06 > .kt-row-column-wrap) > .wp-block-kadence-column{justify-content:start;}.kb-row-layout-id22_7b1024-06 > .kt-row-column-wrap{column-gap:var(--global-kb-gap-md, 2rem);row-gap:var(--global-kb-gap-md, 2rem);max-width:900px;margin-left:auto;margin-right:auto;padding-top:0px;padding-right:70px;padding-bottom:100px;padding-left:70px;grid-template-columns:minmax(0, 1fr);}.kb-row-layout-id22_7b1024-06 > .kt-row-layout-overlay{opacity:0.30;}.kb-row-layout-id22_7b1024-06 .kt-row-layout-bottom-sep{height:100px;}.kb-row-layout-id22_7b1024-06 .kt-row-layout-bottom-sep svg{width:100%;}.kb-row-layout-id22_7b1024-06 .kt-row-layout-bottom-sep svg{fill:var(--global-palette1, #3182CE)!important;}@media all and (max-width: 1024px){.kb-row-layout-id22_7b1024-06 > .kt-row-column-wrap{grid-template-columns:minmax(0, 1fr);}}@media all and (max-width: 1024px){.kb-row-layout-id22_7b1024-06 .kt-row-layout-bottom-sep{height:px;}}@media all and (max-width: 1024px){.kb-row-layout-id22_7b1024-06 .kt-row-layout-bottom-sep svg{width:%;}}@media all and (max-width: 767px){.kb-row-layout-id22_7b1024-06 > .kt-row-column-wrap{padding-right:30px;padding-left:30px;grid-template-columns:minmax(0, 1fr);}.kb-row-layout-id22_7b1024-06 .kt-row-layout-bottom-sep{height:px;}.kb-row-layout-id22_7b1024-06 .kt-row-layout-bottom-sep svg{width:%;}}<\/style><div class=\"kb-row-layout-wrap kb-row-layout-id22_7b1024-06 alignnone wp-block-kadence-rowlayout\"><div class=\"kt-row-layout-bottom-sep kt-row-sep-type-mtns\"><svg viewBox=\"0 0 1000 100\" preserveAspectRatio=\"none\"><path d=\"M1000,50l-182.69,-45.286l-292.031,61.197l-190.875,-41.075l-143.748,28.794l-190.656,-23.63l0,70l1000,0l0,-50Z\" style=\"opacity: 0.4\" \/><path d=\"M1000,57l-152.781,-22.589l-214.383,19.81l-159.318,-21.471l-177.44,25.875l-192.722,5.627l-103.356,-27.275l0,63.023l1000,0l0,-43Z\" \/><\/svg><\/div><div class=\"kt-row-column-wrap kt-has-1-columns kt-row-layout-equal kt-tab-layout-inherit kt-mobile-layout-row kt-row-valign-top\">\n<style>.kadence-column22_59f769-5f > .kt-inside-inner-col,.kadence-column22_59f769-5f > .kt-inside-inner-col:before{border-top-left-radius:0px;border-top-right-radius:0px;border-bottom-right-radius:0px;border-bottom-left-radius:0px;}.kadence-column22_59f769-5f > .kt-inside-inner-col{column-gap:var(--global-kb-gap-sm, 1rem);}.kadence-column22_59f769-5f > .kt-inside-inner-col{flex-direction:column;}.kadence-column22_59f769-5f > .kt-inside-inner-col > .aligncenter{width:100%;}.kadence-column22_59f769-5f > .kt-inside-inner-col:before{opacity:0.3;}.kadence-column22_59f769-5f{position:relative;}@media all and (max-width: 1024px){.kadence-column22_59f769-5f > .kt-inside-inner-col{flex-direction:column;justify-content:center;}}@media all and (max-width: 767px){.kadence-column22_59f769-5f > .kt-inside-inner-col{flex-direction:column;justify-content:center;}}<\/style>\n<div class=\"wp-block-kadence-column kadence-column22_59f769-5f inner-column-1\"><div class=\"kt-inside-inner-col\">\n<p>P\u00e4iv\u00e4- ja iltapurjehduksille sek\u00e4 pidemmille retkipurjehduksille voi osallistua kuka tahansa purjehduksesta kiinnostunut ilman aiempaa kokemusta.&nbsp;<\/p>\n\n\n\n<p>Retkipurjehdukset sopivat hyvin my\u00f6s kurssin k\u00e4yneille lis\u00e4harjoitteluun. Purjehduksilla kaikki saavat osallistua sek\u00e4 purjehdukseen ett\u00e4 kaikkiin veneess\u00e4 el\u00e4miseen liittyviin askareisiin.&nbsp;<\/p>\n\n\n\n<p>Purjehdukset sopivat hyvin my\u00f6s lahjakorteiksi yst\u00e4ville&#8230; <\/p>\n<\/div><\/div>\n\n<\/div><\/div>\n\n<style>.kb-row-layout-id22_1d2352-8f > .kt-row-column-wrap{align-content:start;}:where(.kb-row-layout-id22_1d2352-8f > .kt-row-column-wrap) > .wp-block-kadence-column{justify-content:start;}.kb-row-layout-id22_1d2352-8f > .kt-row-column-wrap{column-gap:var(--global-kb-gap-md, 2rem);row-gap:var(--global-kb-gap-md, 2rem);max-width:900px;margin-left:auto;margin-right:auto;padding-top:25px;padding-right:70px;padding-bottom:100px;padding-left:70px;grid-template-columns:minmax(0, 1fr);}.kb-row-layout-id22_1d2352-8f > .kt-row-layout-overlay{opacity:0.30;}.kb-row-layout-id22_1d2352-8f .kt-row-layout-bottom-sep{height:100px;}.kb-row-layout-id22_1d2352-8f .kt-row-layout-bottom-sep svg{width:100%;}.kb-row-layout-id22_1d2352-8f .kt-row-layout-bottom-sep svg{fill:var(--global-palette2, #2B6CB0)!important;}.kb-row-layout-id22_1d2352-8f .kt-row-layout-top-sep{height:100px;}.kb-row-layout-id22_1d2352-8f .kt-row-layout-top-sep svg{width:100%;}.kb-row-layout-id22_1d2352-8f .kt-row-layout-top-sep svg{fill:#ffffff!important;}@media all and (max-width: 1024px){.kb-row-layout-id22_1d2352-8f > .kt-row-column-wrap{grid-template-columns:minmax(0, 1fr);}}@media all and (max-width: 1024px){.kb-row-layout-id22_1d2352-8f .kt-row-layout-bottom-sep{height:px;}}@media all and (max-width: 1024px){.kb-row-layout-id22_1d2352-8f .kt-row-layout-bottom-sep svg{width:%;}}@media all and (max-width: 767px){.kb-row-layout-id22_1d2352-8f > .kt-row-column-wrap{padding-right:30px;padding-left:30px;grid-template-columns:minmax(0, 1fr);}.kb-row-layout-id22_1d2352-8f .kt-row-layout-bottom-sep{height:px;}.kb-row-layout-id22_1d2352-8f .kt-row-layout-bottom-sep svg{width:%;}}<\/style><div class=\"kb-row-layout-wrap kb-row-layout-id22_1d2352-8f alignnone has-theme-palette1-background-color kt-row-has-bg wp-block-kadence-rowlayout\"><div class=\"kt-row-layout-bottom-sep kt-row-sep-type-mtns\"><svg viewBox=\"0 0 1000 100\" preserveAspectRatio=\"none\"><path d=\"M1000,50l-182.69,-45.286l-292.031,61.197l-190.875,-41.075l-143.748,28.794l-190.656,-23.63l0,70l1000,0l0,-50Z\" style=\"opacity: 0.4\" \/><path d=\"M1000,57l-152.781,-22.589l-214.383,19.81l-159.318,-21.471l-177.44,25.875l-192.722,5.627l-103.356,-27.275l0,63.023l1000,0l0,-43Z\" \/><\/svg><\/div><div class=\"kt-row-column-wrap kt-has-1-columns kt-row-layout-equal kt-tab-layout-inherit kt-mobile-layout-row kt-row-valign-top\">\n<style>.kadence-column22_5dbc58-d5 > .kt-inside-inner-col,.kadence-column22_5dbc58-d5 > .kt-inside-inner-col:before{border-top-left-radius:0px;border-top-right-radius:0px;border-bottom-right-radius:0px;border-bottom-left-radius:0px;}.kadence-column22_5dbc58-d5 > .kt-inside-inner-col{column-gap:var(--global-kb-gap-sm, 1rem);}.kadence-column22_5dbc58-d5 > .kt-inside-inner-col{flex-direction:column;}.kadence-column22_5dbc58-d5 > .kt-inside-inner-col > .aligncenter{width:100%;}.kadence-column22_5dbc58-d5 > .kt-inside-inner-col:before{opacity:0.3;}.kadence-column22_5dbc58-d5{position:relative;}@media all and (max-width: 1024px){.kadence-column22_5dbc58-d5 > .kt-inside-inner-col{flex-direction:column;justify-content:center;}}@media all and (max-width: 767px){.kadence-column22_5dbc58-d5 > .kt-inside-inner-col{flex-direction:column;justify-content:center;}}<\/style>\n<div class=\"wp-block-kadence-column kadence-column22_5dbc58-d5 inner-column-1\"><div class=\"kt-inside-inner-col\"><style>.wp-block-kadence-advancedheading.kt-adv-heading22_feb599-a7, .wp-block-kadence-advancedheading.kt-adv-heading22_feb599-a7[data-kb-block=\"kb-adv-heading22_feb599-a7\"]{font-style:normal;}.wp-block-kadence-advancedheading.kt-adv-heading22_feb599-a7 mark.kt-highlight, .wp-block-kadence-advancedheading.kt-adv-heading22_feb599-a7[data-kb-block=\"kb-adv-heading22_feb599-a7\"] mark.kt-highlight{font-style:normal;color:#f76a0c;-webkit-box-decoration-break:clone;box-decoration-break:clone;padding-top:0px;padding-right:0px;padding-bottom:0px;padding-left:0px;}.wp-block-kadence-advancedheading.kt-adv-heading22_feb599-a7 img.kb-inline-image, .wp-block-kadence-advancedheading.kt-adv-heading22_feb599-a7[data-kb-block=\"kb-adv-heading22_feb599-a7\"] img.kb-inline-image{width:150px;vertical-align:baseline;}<\/style>\n<h3 class=\"kt-adv-heading22_feb599-a7 wp-block-kadence-advancedheading has-theme-palette-9-color has-text-color\" data-kb-block=\"kb-adv-heading22_feb599-a7\">Lis\u00e4tietoja ja varaus<\/h3>\n\n\n<style>.kb-posts-id-22_3eadf4-71 .kb-post-list-item{display:grid;}<\/style><p>No posts<\/p>\n\n\n<p><\/p>\n<\/div><\/div>\n\n<\/div><\/div>\n\n<style>.kb-row-layout-wrap.wp-block-kadence-rowlayout.kb-row-layout-id22_3d4115-ca{margin-top:0px;margin-bottom:0px;}.kb-row-layout-id22_3d4115-ca > .kt-row-column-wrap{align-content:center;}:where(.kb-row-layout-id22_3d4115-ca > .kt-row-column-wrap) > .wp-block-kadence-column{justify-content:center;}.kb-row-layout-id22_3d4115-ca > .kt-row-column-wrap{column-gap:var(--global-kb-gap-md, 2rem);row-gap:var(--global-kb-gap-md, 2rem);max-width:960px;margin-left:auto;margin-right:auto;padding-top:40px;padding-right:70px;padding-bottom:40px;padding-left:70px;grid-template-columns:minmax(0, 1fr);}.kb-row-layout-id22_3d4115-ca > .kt-row-layout-overlay{opacity:0.30;}.kb-row-layout-id22_3d4115-ca .kt-row-layout-bottom-sep{height:100px;}.kb-row-layout-id22_3d4115-ca .kt-row-layout-bottom-sep svg{width:100%;}.kb-row-layout-id22_3d4115-ca .kt-row-layout-bottom-sep svg{fill:var(--global-palette2, #2B6CB0)!important;}.kb-row-layout-id22_3d4115-ca .kt-row-layout-top-sep{height:100px;}.kb-row-layout-id22_3d4115-ca .kt-row-layout-top-sep svg{width:100%;}.kb-row-layout-id22_3d4115-ca .kt-row-layout-top-sep svg{fill:var(--global-palette8, #F7FAFC)!important;}@media all and (max-width: 1024px){.kb-row-layout-id22_3d4115-ca > .kt-row-column-wrap{grid-template-columns:minmax(0, 1fr);}}@media all and (max-width: 1024px){.kb-row-layout-id22_3d4115-ca .kt-row-layout-bottom-sep{height:px;}}@media all and (max-width: 1024px){.kb-row-layout-id22_3d4115-ca .kt-row-layout-bottom-sep svg{width:%;}}@media all and (max-width: 767px){.kb-row-layout-id22_3d4115-ca > .kt-row-column-wrap{padding-top:12px;padding-right:12px;padding-left:12px;grid-template-columns:minmax(0, 1fr);}.kb-row-layout-id22_3d4115-ca .kt-row-layout-bottom-sep{height:px;}.kb-row-layout-id22_3d4115-ca .kt-row-layout-bottom-sep svg{width:%;}}<\/style><div class=\"kb-row-layout-wrap kb-row-layout-id22_3d4115-ca alignnone has-theme-palette2-background-color kt-row-has-bg wp-block-kadence-rowlayout\"><div class=\"kt-row-column-wrap kt-has-1-columns kt-row-layout-equal kt-tab-layout-inherit kt-mobile-layout-row kt-row-valign-middle\">\n<style>.kadence-column22_3f1c56-f1 > .kt-inside-inner-col,.kadence-column22_3f1c56-f1 > .kt-inside-inner-col:before{border-top-left-radius:0px;border-top-right-radius:0px;border-bottom-right-radius:0px;border-bottom-left-radius:0px;}.kadence-column22_3f1c56-f1 > .kt-inside-inner-col{column-gap:var(--global-kb-gap-sm, 1rem);}.kadence-column22_3f1c56-f1 > .kt-inside-inner-col{flex-direction:column;}.kadence-column22_3f1c56-f1 > .kt-inside-inner-col > .aligncenter{width:100%;}.kadence-column22_3f1c56-f1 > .kt-inside-inner-col:before{opacity:0.3;}.kadence-column22_3f1c56-f1{position:relative;}@media all and (max-width: 1024px){.kadence-column22_3f1c56-f1 > .kt-inside-inner-col{flex-direction:column;justify-content:center;}}@media all and (max-width: 767px){.kadence-column22_3f1c56-f1 > .kt-inside-inner-col{flex-direction:column;justify-content:center;}.kadence-column22_3f1c56-f1, .kt-inside-inner-col > .kadence-column22_3f1c56-f1:not(.specificity){margin-top:70px;}}<\/style>\n<div class=\"wp-block-kadence-column kadence-column22_3f1c56-f1 inner-column-1\"><div class=\"kt-inside-inner-col\"><style>.wp-block-kadence-advancedgallery .kb-gallery-type-masonry.kb-gallery-id-22_9c45aa-29{margin:-5px;}.kb-gallery-type-masonry.kb-gallery-id-22_9c45aa-29 .kadence-blocks-gallery-item{padding:5px;}.kb-gallery-id-22_9c45aa-29 .kadence-blocks-gallery-item .kb-gal-image-radius, .kb-gallery-id-22_9c45aa-29 .kb-slide-item .kb-gal-image-radius img{border-radius:0px 0px 0px 0px;;}<\/style><div class=\"kb-gallery-wrap-id-22_9c45aa-29 alignnone wp-block-kadence-advancedgallery\"><ul class=\"kb-gallery-ul kb-gallery-non-static kb-gallery-type-masonry kb-masonry-init kb-gallery-id-22_9c45aa-29 kb-gallery-caption-style-bottom-hover kb-gallery-filter-none\" data-image-filter=\"none\" data-item-selector=\".kadence-blocks-gallery-item\" data-lightbox-caption=\"true\" data-columns-xxl=\"3\" data-columns-xl=\"3\" data-columns-md=\"3\" data-columns-sm=\"2\" data-columns-xs=\"1\" data-columns-ss=\"1\"><li class=\"kadence-blocks-gallery-item\" tabindex=\"0\"><div class=\"kadence-blocks-gallery-item-inner\"><figure class=\"kb-gallery-figure kadence-blocks-gallery-item-hide-caption\"><div class=\"kb-gal-image-radius\" style=\"max-width:768px;\"><div class=\"kb-gallery-image-contain kadence-blocks-gallery-intrinsic\" style=\"padding-bottom:133%;\"><img loading=\"lazy\" decoding=\"async\" src=\"https:\/\/purjehduskurssi.com\/wp-content\/uploads\/2022\/03\/IMG_20210611_150525_2-768x1024.jpg\" width=\"768\" height=\"1024\" alt=\"\" data-full-image=\"https:\/\/purjehduskurssi.com\/wp-content\/uploads\/2022\/03\/IMG_20210611_150525_2-scaled.jpg\" data-light-image=\"https:\/\/purjehduskurssi.com\/wp-content\/uploads\/2022\/03\/IMG_20210611_150525_2-scaled.jpg\" data-id=\"1185\" class=\"wp-image-1185\" srcset=\"https:\/\/purjehduskurssi.com\/wp-content\/uploads\/2022\/03\/IMG_20210611_150525_2-768x1024.jpg 768w, https:\/\/purjehduskurssi.com\/wp-content\/uploads\/2022\/03\/IMG_20210611_150525_2-225x300.jpg 225w, https:\/\/purjehduskurssi.com\/wp-content\/uploads\/2022\/03\/IMG_20210611_150525_2-1152x1536.jpg 1152w, https:\/\/purjehduskurssi.com\/wp-content\/uploads\/2022\/03\/IMG_20210611_150525_2-1536x2048.jpg 1536w, https:\/\/purjehduskurssi.com\/wp-content\/uploads\/2022\/03\/IMG_20210611_150525_2-9x12.jpg 9w, https:\/\/purjehduskurssi.com\/wp-content\/uploads\/2022\/03\/IMG_20210611_150525_2-scaled.jpg 1919w\" sizes=\"auto, (max-width: 768px) 100vw, 768px\" \/><\/div><\/div><\/figure><\/div><\/li><li class=\"kadence-blocks-gallery-item\" tabindex=\"0\"><div class=\"kadence-blocks-gallery-item-inner\"><figure class=\"kb-gallery-figure kadence-blocks-gallery-item-hide-caption\"><div class=\"kb-gal-image-radius\" style=\"max-width:1024px;\"><div class=\"kb-gallery-image-contain kadence-blocks-gallery-intrinsic\" style=\"padding-bottom:71%;\"><img loading=\"lazy\" decoding=\"async\" src=\"https:\/\/purjehduskurssi.com\/wp-content\/uploads\/2022\/03\/IMG-20210814-WA0015-1024x733.jpg\" width=\"1024\" height=\"733\" alt=\"\" data-full-image=\"https:\/\/purjehduskurssi.com\/wp-content\/uploads\/2022\/03\/IMG-20210814-WA0015.jpg\" data-light-image=\"https:\/\/purjehduskurssi.com\/wp-content\/uploads\/2022\/03\/IMG-20210814-WA0015.jpg\" data-id=\"1212\" class=\"wp-image-1212\" srcset=\"https:\/\/purjehduskurssi.com\/wp-content\/uploads\/2022\/03\/IMG-20210814-WA0015-1024x733.jpg 1024w, https:\/\/purjehduskurssi.com\/wp-content\/uploads\/2022\/03\/IMG-20210814-WA0015-300x215.jpg 300w, https:\/\/purjehduskurssi.com\/wp-content\/uploads\/2022\/03\/IMG-20210814-WA0015-768x550.jpg 768w, https:\/\/purjehduskurssi.com\/wp-content\/uploads\/2022\/03\/IMG-20210814-WA0015-1536x1099.jpg 1536w, https:\/\/purjehduskurssi.com\/wp-content\/uploads\/2022\/03\/IMG-20210814-WA0015-18x12.jpg 18w, https:\/\/purjehduskurssi.com\/wp-content\/uploads\/2022\/03\/IMG-20210814-WA0015.jpg 1600w\" sizes=\"auto, (max-width: 1024px) 100vw, 1024px\" \/><\/div><\/div><\/figure><\/div><\/li><li class=\"kadence-blocks-gallery-item\" tabindex=\"0\"><div class=\"kadence-blocks-gallery-item-inner\"><figure class=\"kb-gallery-figure kadence-blocks-gallery-item-hide-caption\"><div class=\"kb-gal-image-radius\" style=\"max-width:1024px;\"><div class=\"kb-gallery-image-contain kadence-blocks-gallery-intrinsic\" style=\"padding-bottom:75%;\"><img loading=\"lazy\" decoding=\"async\" src=\"https:\/\/purjehduskurssi.com\/wp-content\/uploads\/2022\/03\/IMG-20210918-WA0040-1024x768.jpg\" width=\"1024\" height=\"768\" alt=\"\" data-full-image=\"https:\/\/purjehduskurssi.com\/wp-content\/uploads\/2022\/03\/IMG-20210918-WA0040.jpg\" data-light-image=\"https:\/\/purjehduskurssi.com\/wp-content\/uploads\/2022\/03\/IMG-20210918-WA0040.jpg\" data-id=\"1218\" class=\"wp-image-1218\" srcset=\"https:\/\/purjehduskurssi.com\/wp-content\/uploads\/2022\/03\/IMG-20210918-WA0040-1024x768.jpg 1024w, https:\/\/purjehduskurssi.com\/wp-content\/uploads\/2022\/03\/IMG-20210918-WA0040-300x225.jpg 300w, https:\/\/purjehduskurssi.com\/wp-content\/uploads\/2022\/03\/IMG-20210918-WA0040-768x576.jpg 768w, https:\/\/purjehduskurssi.com\/wp-content\/uploads\/2022\/03\/IMG-20210918-WA0040-1536x1152.jpg 1536w, https:\/\/purjehduskurssi.com\/wp-content\/uploads\/2022\/03\/IMG-20210918-WA0040-16x12.jpg 16w, https:\/\/purjehduskurssi.com\/wp-content\/uploads\/2022\/03\/IMG-20210918-WA0040.jpg 2048w\" sizes=\"auto, (max-width: 1024px) 100vw, 1024px\" \/><\/div><\/div><\/figure><\/div><\/li><li class=\"kadence-blocks-gallery-item\" tabindex=\"0\"><div class=\"kadence-blocks-gallery-item-inner\"><figure class=\"kb-gallery-figure kadence-blocks-gallery-item-hide-caption\"><div class=\"kb-gal-image-radius\" style=\"max-width:1024px;\"><div class=\"kb-gallery-image-contain kadence-blocks-gallery-intrinsic\" style=\"padding-bottom:75%;\"><img loading=\"lazy\" decoding=\"async\" src=\"https:\/\/purjehduskurssi.com\/wp-content\/uploads\/2022\/11\/IMG_20180714_040325-1-1024x768.jpg\" width=\"1024\" height=\"768\" alt=\"\" data-full-image=\"https:\/\/purjehduskurssi.com\/wp-content\/uploads\/2022\/11\/IMG_20180714_040325-1-scaled.jpg\" data-light-image=\"https:\/\/purjehduskurssi.com\/wp-content\/uploads\/2022\/11\/IMG_20180714_040325-1-scaled.jpg\" data-id=\"2559\" class=\"wp-image-2559\" srcset=\"https:\/\/purjehduskurssi.com\/wp-content\/uploads\/2022\/11\/IMG_20180714_040325-1-1024x768.jpg 1024w, https:\/\/purjehduskurssi.com\/wp-content\/uploads\/2022\/11\/IMG_20180714_040325-1-300x225.jpg 300w, https:\/\/purjehduskurssi.com\/wp-content\/uploads\/2022\/11\/IMG_20180714_040325-1-768x576.jpg 768w, https:\/\/purjehduskurssi.com\/wp-content\/uploads\/2022\/11\/IMG_20180714_040325-1-1536x1152.jpg 1536w, https:\/\/purjehduskurssi.com\/wp-content\/uploads\/2022\/11\/IMG_20180714_040325-1-2048x1536.jpg 2048w, https:\/\/purjehduskurssi.com\/wp-content\/uploads\/2022\/11\/IMG_20180714_040325-1-16x12.jpg 16w\" sizes=\"auto, (max-width: 1024px) 100vw, 1024px\" \/><\/div><\/div><\/figure><\/div><\/li><\/ul><\/div>\n\n\n<p class=\"has-theme-palette-9-color has-text-color\">V\u00e4hint\u00e4\u00e4n nelj\u00e4 p\u00e4iv\u00e4\u00e4 kest\u00e4vien retkien yhteydess\u00e4 voi suorittaa my\u00f6s purjehtija- tai saaristop\u00e4\u00e4llikk\u00f6kurssin.&nbsp;<\/p>\n<\/div><\/div>\n\n<\/div><\/div>","protected":false},"excerpt":{"rendered":"<p>P\u00e4iv\u00e4- ja iltapurjehduksille sek\u00e4 pidemmille retkipurjehduksille voi osallistua kuka tahansa purjehduksesta kiinnostunut ilman aiempaa kokemusta.&nbsp; Retkipurjehdukset sopivat hyvin my\u00f6s kurssin k\u00e4yneille lis\u00e4harjoitteluun. Purjehduksilla kaikki saavat osallistua sek\u00e4 purjehdukseen ett\u00e4 kaikkiin veneess\u00e4 el\u00e4miseen liittyviin askareisiin.&nbsp; Purjehdukset sopivat hyvin my\u00f6s lahjakorteiksi yst\u00e4ville&#8230; Lis\u00e4tietoja ja varaus V\u00e4hint\u00e4\u00e4n nelj\u00e4 p\u00e4iv\u00e4\u00e4 kest\u00e4vien retkien yhteydess\u00e4 voi suorittaa my\u00f6s purjehtija- tai saaristop\u00e4\u00e4llikk\u00f6kurssin.&nbsp;<\/p>","protected":false},"author":1,"featured_media":0,"parent":0,"menu_order":22,"comment_status":"open","ping_status":"open","template":"","meta":{"_kad_post_transparent":"default","_kad_post_title":"hide","_kad_post_layout":"default","_kad_post_sidebar_id":"sidebar-secondary","_kad_post_content_style":"","_kad_post_vertical_padding":"","_kad_post_feature":"","_kad_post_feature_position":"","_kad_post_header":false,"_kad_post_footer":false,"_kad_post_classname":"","footnotes":""},"class_list":["post-22","page","type-page","status-publish","hentry"],"_links":{"self":[{"href":"https:\/\/purjehduskurssi.com\/en\/wp-json\/wp\/v2\/pages\/22","targetHints":{"allow":["GET"]}}],"collection":[{"href":"https:\/\/purjehduskurssi.com\/en\/wp-json\/wp\/v2\/pages"}],"about":[{"href":"https:\/\/purjehduskurssi.com\/en\/wp-json\/wp\/v2\/types\/page"}],"author":[{"embeddable":true,"href":"https:\/\/purjehduskurssi.com\/en\/wp-json\/wp\/v2\/users\/1"}],"replies":[{"embeddable":true,"href":"https:\/\/purjehduskurssi.com\/en\/wp-json\/wp\/v2\/comments?post=22"}],"version-history":[{"count":33,"href":"https:\/\/purjehduskurssi.com\/en\/wp-json\/wp\/v2\/pages\/22\/revisions"}],"predecessor-version":[{"id":3985,"href":"https:\/\/purjehduskurssi.com\/en\/wp-json\/wp\/v2\/pages\/22\/revisions\/3985"}],"wp:attachment":[{"href":"https:\/\/purjehduskurssi.com\/en\/wp-json\/wp\/v2\/media?parent=22"}],"curies":[{"name":"wp","href":"https:\/\/api.w.org\/{rel}","templated":true}]}}