{"id":1019,"date":"2022-03-06T00:02:00","date_gmt":"2022-03-05T22:02:00","guid":{"rendered":"https:\/\/purjehduskurssi.com\/?page_id=1019"},"modified":"2023-10-06T08:56:00","modified_gmt":"2023-10-06T05:56:00","slug":"johdatus-purjehdukseen","status":"publish","type":"page","link":"https:\/\/purjehduskurssi.com\/en\/johdatus-purjehdukseen\/","title":{"rendered":"Introduction to sailing"},"content":{"rendered":"<style>.kb-row-layout-wrap.wp-block-kadence-rowlayout.kb-row-layout-id1019_7a2c1d-6a{margin-bottom:50px;}.kb-row-layout-id1019_7a2c1d-6a > .kt-row-column-wrap{align-content:center;}:where(.kb-row-layout-id1019_7a2c1d-6a > .kt-row-column-wrap) > .wp-block-kadence-column{justify-content:center;}.kb-row-layout-id1019_7a2c1d-6a > .kt-row-column-wrap{column-gap:var(--global-kb-gap-md, 2rem);row-gap:var(--global-kb-gap-md, 2rem);max-width:var( --global-content-width, 935px );padding-left:var(--global-content-edge-padding);padding-right:var(--global-content-edge-padding);padding-top:25px;padding-right:70px;padding-bottom:25px;padding-left:70px;min-height:400px;grid-template-columns:minmax(0, 1fr);}.kb-row-layout-id1019_7a2c1d-6a{background-image:url('https:\/\/purjehduskurssi.com\/wp-content\/uploads\/2022\/03\/IMG_20210613_172052__01.jpg');background-size:cover;background-position:56.99999999999999% 40%;background-attachment:scroll;background-repeat:no-repeat;}.kb-row-layout-id1019_7a2c1d-6a > .kt-row-layout-overlay{opacity:0.12;background:radial-gradient(ellipse at center center,var(--global-palette3,#222222) 0%,rgba(20,39,109,0) 99%);}.kb-row-layout-id1019_7a2c1d-6a .kt-row-layout-bottom-sep{height:100px;}.kb-row-layout-id1019_7a2c1d-6a .kt-row-layout-bottom-sep svg{width:100%;}.kb-row-layout-id1019_7a2c1d-6a .kt-row-layout-bottom-sep svg{fill:var(--global-palette8, #F7FAFC)!important;}@media all and (max-width: 1024px){.kb-row-layout-id1019_7a2c1d-6a > .kt-row-column-wrap{grid-template-columns:minmax(0, 1fr);}}@media all and (max-width: 1024px){.kb-row-layout-id1019_7a2c1d-6a .kt-row-layout-bottom-sep{height:px;}}@media all and (max-width: 1024px){.kb-row-layout-id1019_7a2c1d-6a .kt-row-layout-bottom-sep svg{width:%;}}@media all and (max-width: 767px){.kb-row-layout-id1019_7a2c1d-6a > .kt-row-column-wrap{padding-right:30px;padding-left:30px;grid-template-columns:minmax(0, 1fr);}.kb-row-layout-id1019_7a2c1d-6a .kt-row-layout-bottom-sep{height:px;}.kb-row-layout-id1019_7a2c1d-6a .kt-row-layout-bottom-sep svg{width:%;}}<\/style><div class=\"kb-row-layout-wrap kb-row-layout-id1019_7a2c1d-6a alignnone kt-row-has-bg wp-block-kadence-rowlayout\"><div class=\"kt-row-layout-overlay kt-row-overlay-gradient\"><\/div><div class=\"kt-row-layout-bottom-sep kt-row-sep-type-mtns\"><svg viewbox=\"0 0 1000 100\" preserveaspectratio=\"none\"><path d=\"M1000,50l-182.69,-45.286l-292.031,61.197l-190.875,-41.075l-143.748,28.794l-190.656,-23.63l0,70l1000,0l0,-50Z\" style=\"opacity: 0.4\" \/><path d=\"M1000,57l-152.781,-22.589l-214.383,19.81l-159.318,-21.471l-177.44,25.875l-192.722,5.627l-103.356,-27.275l0,63.023l1000,0l0,-43Z\" \/><\/svg><\/div><div class=\"kt-row-column-wrap kt-has-1-columns kt-row-layout-equal kt-tab-layout-inherit kt-mobile-layout-row kt-row-valign-middle kb-theme-content-width\">\n<style>.kadence-column1019_b03604-a4 > .kt-inside-inner-col{display:flex;}.kadence-column1019_b03604-a4 > .kt-inside-inner-col,.kadence-column1019_b03604-a4 > .kt-inside-inner-col:before{border-top-left-radius:0px;border-top-right-radius:0px;border-bottom-right-radius:0px;border-bottom-left-radius:0px;}.kadence-column1019_b03604-a4 > .kt-inside-inner-col{column-gap:var(--global-kb-gap-sm, 1rem);}.kadence-column1019_b03604-a4 > .kt-inside-inner-col{flex-direction:column;justify-content:center;}.kadence-column1019_b03604-a4 > .kt-inside-inner-col > .aligncenter{width:100%;}.kt-row-column-wrap > .kadence-column1019_b03604-a4{align-self:center;}.kt-inner-column-height-full:not(.kt-has-1-columns) > .wp-block-kadence-column.kadence-column1019_b03604-a4{align-self:auto;}.kt-inner-column-height-full:not(.kt-has-1-columns) > .wp-block-kadence-column.kadence-column1019_b03604-a4 > .kt-inside-inner-col{flex-direction:column;justify-content:center;}.kadence-column1019_b03604-a4 > .kt-inside-inner-col:before{opacity:0.3;}.kadence-column1019_b03604-a4{position:relative;}@media all and (max-width: 1024px){.kt-row-column-wrap > .kadence-column1019_b03604-a4{align-self:center;}}@media all and (max-width: 1024px){.kt-inner-column-height-full:not(.kt-has-1-columns) > .wp-block-kadence-column.kadence-column1019_b03604-a4{align-self:auto;}}@media all and (max-width: 1024px){.kt-inner-column-height-full:not(.kt-has-1-columns) > .wp-block-kadence-column.kadence-column1019_b03604-a4 > .kt-inside-inner-col{flex-direction:column;justify-content:center;}}@media all and (max-width: 1024px){.kadence-column1019_b03604-a4 > .kt-inside-inner-col{flex-direction:column;justify-content:center;}}@media all and (max-width: 767px){.kt-row-column-wrap > .kadence-column1019_b03604-a4{align-self:center;}.kt-inner-column-height-full:not(.kt-has-1-columns) > .wp-block-kadence-column.kadence-column1019_b03604-a4{align-self:auto;}.kt-inner-column-height-full:not(.kt-has-1-columns) > .wp-block-kadence-column.kadence-column1019_b03604-a4 > .kt-inside-inner-col{flex-direction:column;justify-content:center;}.kadence-column1019_b03604-a4 > .kt-inside-inner-col{flex-direction:column;justify-content:center;}}<\/style>\n<div class=\"wp-block-kadence-column kadence-column1019_b03604-a4 inner-column-1\"><div class=\"kt-inside-inner-col\"><h1 class=\"has-text-align-center wp-block-post-title has-text-color has-theme-palette-9-color\">Introduction to sailing<\/h1><\/div><\/div>\n\n<\/div><\/div>\n\n<style>.kb-row-layout-id1019_0d5c32-17 > .kt-row-column-wrap{align-content:start;}:where(.kb-row-layout-id1019_0d5c32-17 > .kt-row-column-wrap) > .wp-block-kadence-column{justify-content:start;}.kb-row-layout-id1019_0d5c32-17 > .kt-row-column-wrap{column-gap:var(--global-kb-gap-md, 2rem);row-gap:var(--global-kb-gap-md, 2rem);max-width:900px;margin-left:auto;margin-right:auto;padding-top:25px;padding-right:70px;padding-bottom:100px;padding-left:70px;grid-template-columns:minmax(0, 1fr);}.kb-row-layout-id1019_0d5c32-17 > .kt-row-layout-overlay{opacity:0.30;}.kb-row-layout-id1019_0d5c32-17 .kt-row-layout-bottom-sep{height:100px;}.kb-row-layout-id1019_0d5c32-17 .kt-row-layout-bottom-sep svg{width:100%;}.kb-row-layout-id1019_0d5c32-17 .kt-row-layout-bottom-sep svg{fill:var(--global-palette1, #3182CE)!important;}@media all and (max-width: 1024px){.kb-row-layout-id1019_0d5c32-17 > .kt-row-column-wrap{grid-template-columns:minmax(0, 1fr);}}@media all and (max-width: 1024px){.kb-row-layout-id1019_0d5c32-17 .kt-row-layout-bottom-sep{height:px;}}@media all and (max-width: 1024px){.kb-row-layout-id1019_0d5c32-17 .kt-row-layout-bottom-sep svg{width:%;}}@media all and (max-width: 767px){.kb-row-layout-id1019_0d5c32-17 > .kt-row-column-wrap{padding-right:30px;padding-left:30px;grid-template-columns:minmax(0, 1fr);}.kb-row-layout-id1019_0d5c32-17 .kt-row-layout-bottom-sep{height:px;}.kb-row-layout-id1019_0d5c32-17 .kt-row-layout-bottom-sep svg{width:%;}}<\/style><div class=\"kb-row-layout-wrap kb-row-layout-id1019_0d5c32-17 alignnone has-theme-palette8-background-color kt-row-has-bg wp-block-kadence-rowlayout\"><div class=\"kt-row-layout-bottom-sep kt-row-sep-type-mtns\"><svg viewbox=\"0 0 1000 100\" preserveaspectratio=\"none\"><path d=\"M1000,50l-182.69,-45.286l-292.031,61.197l-190.875,-41.075l-143.748,28.794l-190.656,-23.63l0,70l1000,0l0,-50Z\" style=\"opacity: 0.4\" \/><path d=\"M1000,57l-152.781,-22.589l-214.383,19.81l-159.318,-21.471l-177.44,25.875l-192.722,5.627l-103.356,-27.275l0,63.023l1000,0l0,-43Z\" \/><\/svg><\/div><div class=\"kt-row-column-wrap kt-has-1-columns kt-row-layout-equal kt-tab-layout-inherit kt-mobile-layout-row kt-row-valign-top\">\n<style>.kadence-column1019_873f36-ab > .kt-inside-inner-col,.kadence-column1019_873f36-ab > .kt-inside-inner-col:before{border-top-left-radius:0px;border-top-right-radius:0px;border-bottom-right-radius:0px;border-bottom-left-radius:0px;}.kadence-column1019_873f36-ab > .kt-inside-inner-col{column-gap:var(--global-kb-gap-sm, 1rem);}.kadence-column1019_873f36-ab > .kt-inside-inner-col{flex-direction:column;}.kadence-column1019_873f36-ab > .kt-inside-inner-col > .aligncenter{width:100%;}.kadence-column1019_873f36-ab > .kt-inside-inner-col:before{opacity:0.3;}.kadence-column1019_873f36-ab{position:relative;}@media all and (max-width: 1024px){.kadence-column1019_873f36-ab > .kt-inside-inner-col{flex-direction:column;justify-content:center;}}@media all and (max-width: 767px){.kadence-column1019_873f36-ab > .kt-inside-inner-col{flex-direction:column;justify-content:center;}}<\/style>\n<div class=\"wp-block-kadence-column kadence-column1019_873f36-ab inner-column-1\"><div class=\"kt-inside-inner-col\">\n<p>As the name suggests, this is a small introduction for sailing. You can come to this mini-course to get to know sailing for 4 to 8 hours. <\/p>\n\n\n\n<p>In the course, you get to steer the boat, you get to participate actively in everything that is done on the boat, and you get to know how to handle ropes and sails, get a feel for observing and navigating other water traffic and sea marks. We will also familiarize ourselves with the safety equipment and safe operation on the boat. <\/p>\n\n\n\n<p>If your enthusiasm for sailing continues, you can continue this hobby and take part in, for example, evening sailings or sign up for a sailing course.<\/p>\n\n\n\n<p><\/p>\n<\/div><\/div>\n\n<\/div><\/div>\n\n<style>.kb-row-layout-id1019_06d38b-94 > .kt-row-column-wrap{align-content:start;}:where(.kb-row-layout-id1019_06d38b-94 > .kt-row-column-wrap) > .wp-block-kadence-column{justify-content:start;}.kb-row-layout-id1019_06d38b-94 > .kt-row-column-wrap{column-gap:var(--global-kb-gap-md, 2rem);row-gap:var(--global-kb-gap-md, 2rem);max-width:900px;margin-left:auto;margin-right:auto;padding-top:25px;padding-right:70px;padding-bottom:100px;padding-left:70px;grid-template-columns:minmax(0, 1fr);}.kb-row-layout-id1019_06d38b-94 > .kt-row-layout-overlay{opacity:0.30;}.kb-row-layout-id1019_06d38b-94 .kt-row-layout-bottom-sep{height:100px;}.kb-row-layout-id1019_06d38b-94 .kt-row-layout-bottom-sep svg{width:100%;}.kb-row-layout-id1019_06d38b-94 .kt-row-layout-bottom-sep svg{fill:var(--global-palette2, #2B6CB0)!important;}.kb-row-layout-id1019_06d38b-94 .kt-row-layout-top-sep{height:100px;}.kb-row-layout-id1019_06d38b-94 .kt-row-layout-top-sep svg{width:100%;}.kb-row-layout-id1019_06d38b-94 .kt-row-layout-top-sep svg{fill:#ffffff!important;}@media all and (max-width: 1024px){.kb-row-layout-id1019_06d38b-94 > .kt-row-column-wrap{grid-template-columns:minmax(0, 1fr);}}@media all and (max-width: 1024px){.kb-row-layout-id1019_06d38b-94 .kt-row-layout-bottom-sep{height:px;}}@media all and (max-width: 1024px){.kb-row-layout-id1019_06d38b-94 .kt-row-layout-bottom-sep svg{width:%;}}@media all and (max-width: 767px){.kb-row-layout-id1019_06d38b-94 > .kt-row-column-wrap{padding-right:30px;padding-left:30px;grid-template-columns:minmax(0, 1fr);}.kb-row-layout-id1019_06d38b-94 .kt-row-layout-bottom-sep{height:px;}.kb-row-layout-id1019_06d38b-94 .kt-row-layout-bottom-sep svg{width:%;}}<\/style><div class=\"kb-row-layout-wrap kb-row-layout-id1019_06d38b-94 alignnone has-theme-palette1-background-color kt-row-has-bg wp-block-kadence-rowlayout\"><div class=\"kt-row-layout-bottom-sep kt-row-sep-type-mtns\"><svg viewbox=\"0 0 1000 100\" preserveaspectratio=\"none\"><path d=\"M1000,50l-182.69,-45.286l-292.031,61.197l-190.875,-41.075l-143.748,28.794l-190.656,-23.63l0,70l1000,0l0,-50Z\" style=\"opacity: 0.4\" \/><path d=\"M1000,57l-152.781,-22.589l-214.383,19.81l-159.318,-21.471l-177.44,25.875l-192.722,5.627l-103.356,-27.275l0,63.023l1000,0l0,-43Z\" \/><\/svg><\/div><div class=\"kt-row-column-wrap kt-has-1-columns kt-row-layout-equal kt-tab-layout-inherit kt-mobile-layout-row kt-row-valign-top\">\n<style>.kadence-column1019_274b55-0c > .kt-inside-inner-col,.kadence-column1019_274b55-0c > .kt-inside-inner-col:before{border-top-left-radius:0px;border-top-right-radius:0px;border-bottom-right-radius:0px;border-bottom-left-radius:0px;}.kadence-column1019_274b55-0c > .kt-inside-inner-col{column-gap:var(--global-kb-gap-sm, 1rem);}.kadence-column1019_274b55-0c > .kt-inside-inner-col{flex-direction:column;}.kadence-column1019_274b55-0c > .kt-inside-inner-col > .aligncenter{width:100%;}.kadence-column1019_274b55-0c > .kt-inside-inner-col:before{opacity:0.3;}.kadence-column1019_274b55-0c{position:relative;}@media all and (max-width: 1024px){.kadence-column1019_274b55-0c > .kt-inside-inner-col{flex-direction:column;justify-content:center;}}@media all and (max-width: 767px){.kadence-column1019_274b55-0c > .kt-inside-inner-col{flex-direction:column;justify-content:center;}}<\/style>\n<div class=\"wp-block-kadence-column kadence-column1019_274b55-0c inner-column-1\"><div class=\"kt-inside-inner-col\"><style>.kb-posts-id-1019_64e2ac-e5 .kb-post-list-item{display:grid;}<\/style><ul class=\"wp-block-kadence-posts kb-posts kadence-posts-list kb-posts-id-1019_64e2ac-e5 content-wrap grid-cols kb-posts-style-boxed grid-sm-col-2 grid-lg-col-3 item-image-style-above\"><li class=\"kb-post-list-item\">\n\t<article class=\"entry content-bg loop-entry kb-post-no-image post-5682 post type-post status-publish format-standard has-post-thumbnail hentry category-johdatus category-harjoitukset category-purjehtijakurssit tag-purjehdus tag-purjehduskurssi\">\n\t\t\t\t<div class=\"entry-content-wrap\">\n\t\t\t<header class=\"entry-header\">\n\t<h5 class=\"entry-title\"><a href=\"https:\/\/purjehduskurssi.com\/en\/an-introduction-to-sailing-24-5-2026\/\" rel=\"bookmark\">An Introduction to sailing 24.5.2026<\/a><\/h5>\t<div class=\"entry-meta entry-meta-divider-dot\">\n\t\t<\/div><!-- .entry-meta -->\n\t<\/header><!-- .entry-header -->\n\t<div class=\"entry-summary\">\n\t\t<p>24.5.2026 10-18 from Lauttasaari, Helsinki, Dufour 375GL<\/p>\n\t<\/div><!-- .entry-summary -->\n\t<footer class=\"entry-footer\">\n\t<\/footer><!-- .entry-footer -->\t\t<\/div>\n\t<\/article>\n<\/li>\n<li class=\"kb-post-list-item\">\n\t<article class=\"entry content-bg loop-entry kb-post-no-image post-5641 post type-post status-publish format-standard has-post-thumbnail hentry category-johdatus category-harjoitukset category-purjehtijakurssit tag-purjehdus tag-purjehduskurssi\">\n\t\t\t\t<div class=\"entry-content-wrap\">\n\t\t\t<header class=\"entry-header\">\n\t<h5 class=\"entry-title\"><a href=\"https:\/\/purjehduskurssi.com\/en\/johdatus-purjehdukseen-helatorstaina-14-5-2026\/\" rel=\"bookmark\">Johdatus purjehdukseen helatorstaina 14.5.2026<\/a><\/h5>\t<div class=\"entry-meta entry-meta-divider-dot\">\n\t\t<\/div><!-- .entry-meta -->\n\t<\/header><!-- .entry-header -->\n\t<div class=\"entry-summary\">\n\t\t<p>14.5.2026 helatorstaina 10-18 Lauttasaaresta, Dufour 375GL<\/p>\n\t<\/div><!-- .entry-summary -->\n\t<footer class=\"entry-footer\">\n\t<\/footer><!-- .entry-footer -->\t\t<\/div>\n\t<\/article>\n<\/li>\n<li class=\"kb-post-list-item\">\n\t<article class=\"entry content-bg loop-entry kb-post-no-image post-4342 post type-post status-publish format-standard has-post-thumbnail hentry category-harjoitukset category-iltapurjehdus category-johdatus category-purjehtijakurssit tag-purjehdus tag-purjehduskurssi\">\n\t\t\t\t<div class=\"entry-content-wrap\">\n\t\t\t<header class=\"entry-header\">\n\t<h5 class=\"entry-title\"><a href=\"https:\/\/purjehduskurssi.com\/en\/maanantaiseiluut\/\" rel=\"bookmark\">Maanantain iltapurjehdukset Lauttasaaresta<\/a><\/h5>\t<div class=\"entry-meta entry-meta-divider-dot\">\n\t\t<\/div><!-- .entry-meta -->\n\t<\/header><!-- .entry-header -->\n\t<div class=\"entry-summary\">\n\t\t<p>maanantai-iltaisin 17-20.30 Lauttasaaresta, Dufour 375GL <\/p>\n\t<\/div><!-- .entry-summary -->\n\t<footer class=\"entry-footer\">\n\t<\/footer><!-- .entry-footer -->\t\t<\/div>\n\t<\/article>\n<\/li>\n<li class=\"kb-post-list-item\">\n\t<article class=\"entry content-bg loop-entry kb-post-no-image post-4180 post type-post status-publish format-standard has-post-thumbnail hentry category-johdatus category-harjoitukset category-purjehtijakurssit tag-purjehdus tag-purjehduskurssi\">\n\t\t\t\t<div class=\"entry-content-wrap\">\n\t\t\t<header class=\"entry-header\">\n\t<h5 class=\"entry-title\"><a href=\"https:\/\/purjehduskurssi.com\/en\/johdatus-purjehdukseen-2026\/\" rel=\"bookmark\">Johdatus purjehdukseen 2026<\/a><\/h5>\t<div class=\"entry-meta entry-meta-divider-dot\">\n\t\t<\/div><!-- .entry-meta -->\n\t<\/header><!-- .entry-header -->\n\t<div class=\"entry-summary\">\n\t\t<p>4 tunnin ja koko p\u00e4iv\u00e4n minikursseja tulossa<\/p>\n\t<\/div><!-- .entry-summary -->\n\t<footer class=\"entry-footer\">\n\t<\/footer><!-- .entry-footer -->\t\t<\/div>\n\t<\/article>\n<\/li>\n<li class=\"kb-post-list-item\">\n\t<article class=\"entry content-bg loop-entry kb-post-no-image post-4743 post type-post status-publish format-standard has-post-thumbnail hentry category-harjoitukset category-iltapurjehdus category-johdatus category-purjehtijakurssit category-vanhat tag-purjehdus tag-purjehduskurssi\">\n\t\t\t\t<div class=\"entry-content-wrap\">\n\t\t\t<header class=\"entry-header\">\n\t<h5 class=\"entry-title\"><a href=\"https:\/\/purjehduskurssi.com\/en\/sail-in-helsinki\/\" rel=\"bookmark\">Sail in Helsinki<\/a><\/h5>\t<div class=\"entry-meta entry-meta-divider-dot\">\n\t\t<\/div><!-- .entry-meta -->\n\t<\/header><!-- .entry-header -->\n\t<div class=\"entry-summary\">\n\t\t<p>Evening sailings in English from Lauttasaari, Helsinki.<\/p>\n\t<\/div><!-- .entry-summary -->\n\t<footer class=\"entry-footer\">\n\t<\/footer><!-- .entry-footer -->\t\t<\/div>\n\t<\/article>\n<\/li>\n<li class=\"kb-post-list-item\">\n\t<article class=\"entry content-bg loop-entry kb-post-no-image post-4919 post type-post status-publish format-standard has-post-thumbnail hentry category-harjoitukset category-iltapurjehdus category-johdatus category-purjehtijakurssit category-vanhat tag-purjehdus tag-purjehduskurssi\">\n\t\t\t\t<div class=\"entry-content-wrap\">\n\t\t\t<header class=\"entry-header\">\n\t<h5 class=\"entry-title\"><a href=\"https:\/\/purjehduskurssi.com\/en\/sailing-course-in-english\/\" rel=\"bookmark\">Sailing course in English 20.-21.7.2024<\/a><\/h5>\t<div class=\"entry-meta entry-meta-divider-dot\">\n\t\t<\/div><!-- .entry-meta -->\n\t<\/header><!-- .entry-header -->\n\t<div class=\"entry-summary\">\n\t\t<p>20.-21.7. Lauttasaari, Helsinki<\/p>\n\t<\/div><!-- .entry-summary -->\n\t<footer class=\"entry-footer\">\n\t<\/footer><!-- .entry-footer -->\t\t<\/div>\n\t<\/article>\n<\/li>\n<\/ul>\n\n\n<p><\/p>\n<\/div><\/div>\n\n<\/div><\/div>","protected":false},"excerpt":{"rendered":"<p>T\u00e4m\u00e4 on nimens\u00e4 mukaisesti pieni tutustumiskurssi purjehdukseen. T\u00e4lle minikurssille voi tulla tutustumaan lajiin ja toimintaymp\u00e4rist\u00f6\u00f6n 4 &#8211; 8 tunniksi. Kurssilla p\u00e4\u00e4see ohjaamaan venett\u00e4, saa osallistua aktiivisesti kaikkeen tekemiseen veneess\u00e4 sek\u00e4 tutustutaan k\u00f6ysien ja purjeiden k\u00e4sittelyyn, otetaan tuntumaa muun vesiliikenteen ja merimerkkien t\u00e4hyst\u00e4miseen ja navigointiin. Tutustutaan my\u00f6s turvallisuusvarusteisiin ja turvalliseen toimintaan veneess\u00e4. Jos purjehdusinnostus jatkuu, t\u00e4st\u00e4&#8230;<\/p>","protected":false},"author":2,"featured_media":0,"parent":0,"menu_order":0,"comment_status":"closed","ping_status":"closed","template":"","meta":{"_kad_post_transparent":"","_kad_post_title":"hide","_kad_post_layout":"fullwidth","_kad_post_sidebar_id":"","_kad_post_content_style":"","_kad_post_vertical_padding":"","_kad_post_feature":"","_kad_post_feature_position":"","_kad_post_header":false,"_kad_post_footer":false,"_kad_post_classname":"","footnotes":""},"class_list":["post-1019","page","type-page","status-publish","hentry"],"_links":{"self":[{"href":"https:\/\/purjehduskurssi.com\/en\/wp-json\/wp\/v2\/pages\/1019","targetHints":{"allow":["GET"]}}],"collection":[{"href":"https:\/\/purjehduskurssi.com\/en\/wp-json\/wp\/v2\/pages"}],"about":[{"href":"https:\/\/purjehduskurssi.com\/en\/wp-json\/wp\/v2\/types\/page"}],"author":[{"embeddable":true,"href":"https:\/\/purjehduskurssi.com\/en\/wp-json\/wp\/v2\/users\/2"}],"replies":[{"embeddable":true,"href":"https:\/\/purjehduskurssi.com\/en\/wp-json\/wp\/v2\/comments?post=1019"}],"version-history":[{"count":19,"href":"https:\/\/purjehduskurssi.com\/en\/wp-json\/wp\/v2\/pages\/1019\/revisions"}],"predecessor-version":[{"id":3956,"href":"https:\/\/purjehduskurssi.com\/en\/wp-json\/wp\/v2\/pages\/1019\/revisions\/3956"}],"wp:attachment":[{"href":"https:\/\/purjehduskurssi.com\/en\/wp-json\/wp\/v2\/media?parent=1019"}],"curies":[{"name":"wp","href":"https:\/\/api.w.org\/{rel}","templated":true}]}}