{"id":1017,"date":"2022-03-05T23:52:01","date_gmt":"2022-03-05T21:52:01","guid":{"rendered":"https:\/\/purjehduskurssi.com\/?page_id=1017"},"modified":"2023-10-06T11:33:21","modified_gmt":"2023-10-06T08:33:21","slug":"iltapurjehdukset","status":"publish","type":"page","link":"https:\/\/purjehduskurssi.com\/en\/iltapurjehdukset\/","title":{"rendered":"Day and evening sailings"},"content":{"rendered":"<style>.kb-row-layout-wrap.wp-block-kadence-rowlayout.kb-row-layout-id1017_94bf06-51{margin-bottom:1px;}.kb-row-layout-id1017_94bf06-51 > .kt-row-column-wrap{align-content:center;}:where(.kb-row-layout-id1017_94bf06-51 > .kt-row-column-wrap) > .wp-block-kadence-column{justify-content:center;}.kb-row-layout-id1017_94bf06-51 > .kt-row-column-wrap{column-gap:var(--global-kb-gap-md, 2rem);row-gap:var(--global-kb-gap-md, 2rem);max-width:var( --global-content-width, 935px );padding-left:var(--global-content-edge-padding);padding-right:var(--global-content-edge-padding);padding-top:25px;padding-right:70px;padding-bottom:25px;padding-left:70px;min-height:400px;grid-template-columns:minmax(0, 1fr);}.kb-row-layout-id1017_94bf06-51{background-image:url('https:\/\/purjehduskurssi.com\/wp-content\/uploads\/2022\/03\/IMG-20210904-WA0010.jpg');background-size:cover;background-position:47% 72%;background-attachment:scroll;background-repeat:no-repeat;}.kb-row-layout-id1017_94bf06-51 > .kt-row-layout-overlay{opacity:0.38;background:radial-gradient(ellipse at center center,var(--global-palette3,#222222) 0%,rgba(20,39,109,0) 99%);}.kb-row-layout-id1017_94bf06-51 .kt-row-layout-bottom-sep{height:100px;}.kb-row-layout-id1017_94bf06-51 .kt-row-layout-bottom-sep svg{width:100%;}.kb-row-layout-id1017_94bf06-51 .kt-row-layout-bottom-sep svg{fill:var(--global-palette8, #F7FAFC)!important;}@media all and (max-width: 1024px){.kb-row-layout-id1017_94bf06-51 > .kt-row-column-wrap{grid-template-columns:minmax(0, 1fr);}}@media all and (max-width: 1024px){.kb-row-layout-id1017_94bf06-51 .kt-row-layout-bottom-sep{height:px;}}@media all and (max-width: 1024px){.kb-row-layout-id1017_94bf06-51 .kt-row-layout-bottom-sep svg{width:%;}}@media all and (max-width: 767px){.kb-row-layout-id1017_94bf06-51 > .kt-row-column-wrap{padding-right:30px;padding-left:30px;grid-template-columns:minmax(0, 1fr);}.kb-row-layout-id1017_94bf06-51 .kt-row-layout-bottom-sep{height:px;}.kb-row-layout-id1017_94bf06-51 .kt-row-layout-bottom-sep svg{width:%;}}<\/style><div class=\"kb-row-layout-wrap kb-row-layout-id1017_94bf06-51 alignnone kt-row-has-bg wp-block-kadence-rowlayout\"><div class=\"kt-row-layout-overlay kt-row-overlay-gradient\"><\/div><div class=\"kt-row-layout-bottom-sep kt-row-sep-type-mtns\"><svg viewBox=\"0 0 1000 100\" preserveAspectRatio=\"none\"><path d=\"M1000,50l-182.69,-45.286l-292.031,61.197l-190.875,-41.075l-143.748,28.794l-190.656,-23.63l0,70l1000,0l0,-50Z\" style=\"opacity: 0.4\" \/><path d=\"M1000,57l-152.781,-22.589l-214.383,19.81l-159.318,-21.471l-177.44,25.875l-192.722,5.627l-103.356,-27.275l0,63.023l1000,0l0,-43Z\" \/><\/svg><\/div><div class=\"kt-row-column-wrap kt-has-1-columns kt-row-layout-equal kt-tab-layout-inherit kt-mobile-layout-row kt-row-valign-middle kb-theme-content-width\">\n<style>.kadence-column1017_9cae83-1a > .kt-inside-inner-col{display:flex;}.kadence-column1017_9cae83-1a > .kt-inside-inner-col,.kadence-column1017_9cae83-1a > .kt-inside-inner-col:before{border-top-left-radius:0px;border-top-right-radius:0px;border-bottom-right-radius:0px;border-bottom-left-radius:0px;}.kadence-column1017_9cae83-1a > .kt-inside-inner-col{column-gap:var(--global-kb-gap-sm, 1rem);}.kadence-column1017_9cae83-1a > .kt-inside-inner-col{flex-direction:column;justify-content:center;}.kadence-column1017_9cae83-1a > .kt-inside-inner-col > .aligncenter{width:100%;}.kt-row-column-wrap > .kadence-column1017_9cae83-1a{align-self:center;}.kt-inner-column-height-full:not(.kt-has-1-columns) > .wp-block-kadence-column.kadence-column1017_9cae83-1a{align-self:auto;}.kt-inner-column-height-full:not(.kt-has-1-columns) > .wp-block-kadence-column.kadence-column1017_9cae83-1a > .kt-inside-inner-col{flex-direction:column;justify-content:center;}.kadence-column1017_9cae83-1a > .kt-inside-inner-col:before{opacity:0.3;}.kadence-column1017_9cae83-1a{position:relative;}@media all and (max-width: 1024px){.kt-row-column-wrap > .kadence-column1017_9cae83-1a{align-self:center;}}@media all and (max-width: 1024px){.kt-inner-column-height-full:not(.kt-has-1-columns) > .wp-block-kadence-column.kadence-column1017_9cae83-1a{align-self:auto;}}@media all and (max-width: 1024px){.kt-inner-column-height-full:not(.kt-has-1-columns) > .wp-block-kadence-column.kadence-column1017_9cae83-1a > .kt-inside-inner-col{flex-direction:column;justify-content:center;}}@media all and (max-width: 1024px){.kadence-column1017_9cae83-1a > .kt-inside-inner-col{flex-direction:column;justify-content:center;}}@media all and (max-width: 767px){.kt-row-column-wrap > .kadence-column1017_9cae83-1a{align-self:center;}.kt-inner-column-height-full:not(.kt-has-1-columns) > .wp-block-kadence-column.kadence-column1017_9cae83-1a{align-self:auto;}.kt-inner-column-height-full:not(.kt-has-1-columns) > .wp-block-kadence-column.kadence-column1017_9cae83-1a > .kt-inside-inner-col{flex-direction:column;justify-content:center;}.kadence-column1017_9cae83-1a > .kt-inside-inner-col{flex-direction:column;justify-content:center;}}<\/style>\n<div class=\"wp-block-kadence-column kadence-column1017_9cae83-1a inner-column-1\"><div class=\"kt-inside-inner-col\"><h1 class=\"has-text-align-center wp-block-post-title has-text-color has-theme-palette-9-color\">P\u00e4iv\u00e4- ja iltapurjehdukset<\/h1><\/div><\/div>\n\n<\/div><\/div>\n\n<style>.kb-row-layout-id1017_bfd611-e2 > .kt-row-column-wrap{align-content:start;}:where(.kb-row-layout-id1017_bfd611-e2 > .kt-row-column-wrap) > .wp-block-kadence-column{justify-content:start;}.kb-row-layout-id1017_bfd611-e2 > .kt-row-column-wrap{column-gap:var(--global-kb-gap-md, 2rem);row-gap:var(--global-kb-gap-md, 2rem);max-width:900px;margin-left:auto;margin-right:auto;padding-top:0px;padding-right:70px;padding-bottom:100px;padding-left:70px;grid-template-columns:minmax(0, 1fr);}.kb-row-layout-id1017_bfd611-e2 > .kt-row-layout-overlay{opacity:0.30;}.kb-row-layout-id1017_bfd611-e2 .kt-row-layout-bottom-sep{height:100px;}.kb-row-layout-id1017_bfd611-e2 .kt-row-layout-bottom-sep svg{width:100%;}.kb-row-layout-id1017_bfd611-e2 .kt-row-layout-bottom-sep svg{fill:var(--global-palette1, #3182CE)!important;}@media all and (max-width: 1024px){.kb-row-layout-id1017_bfd611-e2 > .kt-row-column-wrap{grid-template-columns:minmax(0, 1fr);}}@media all and (max-width: 1024px){.kb-row-layout-id1017_bfd611-e2 .kt-row-layout-bottom-sep{height:px;}}@media all and (max-width: 1024px){.kb-row-layout-id1017_bfd611-e2 .kt-row-layout-bottom-sep svg{width:%;}}@media all and (max-width: 767px){.kb-row-layout-id1017_bfd611-e2 > .kt-row-column-wrap{padding-right:30px;padding-left:30px;grid-template-columns:minmax(0, 1fr);}.kb-row-layout-id1017_bfd611-e2 .kt-row-layout-bottom-sep{height:px;}.kb-row-layout-id1017_bfd611-e2 .kt-row-layout-bottom-sep svg{width:%;}}<\/style><div class=\"kb-row-layout-wrap kb-row-layout-id1017_bfd611-e2 alignnone wp-block-kadence-rowlayout\"><div class=\"kt-row-layout-bottom-sep kt-row-sep-type-mtns\"><svg viewBox=\"0 0 1000 100\" preserveAspectRatio=\"none\"><path d=\"M1000,50l-182.69,-45.286l-292.031,61.197l-190.875,-41.075l-143.748,28.794l-190.656,-23.63l0,70l1000,0l0,-50Z\" style=\"opacity: 0.4\" \/><path d=\"M1000,57l-152.781,-22.589l-214.383,19.81l-159.318,-21.471l-177.44,25.875l-192.722,5.627l-103.356,-27.275l0,63.023l1000,0l0,-43Z\" \/><\/svg><\/div><div class=\"kt-row-column-wrap kt-has-1-columns kt-row-layout-equal kt-tab-layout-inherit kt-mobile-layout-row kt-row-valign-top\">\n<style>.kadence-column1017_a93485-8a > .kt-inside-inner-col,.kadence-column1017_a93485-8a > .kt-inside-inner-col:before{border-top-left-radius:0px;border-top-right-radius:0px;border-bottom-right-radius:0px;border-bottom-left-radius:0px;}.kadence-column1017_a93485-8a > .kt-inside-inner-col{column-gap:var(--global-kb-gap-sm, 1rem);}.kadence-column1017_a93485-8a > .kt-inside-inner-col{flex-direction:column;}.kadence-column1017_a93485-8a > .kt-inside-inner-col > .aligncenter{width:100%;}.kadence-column1017_a93485-8a > .kt-inside-inner-col:before{opacity:0.3;}.kadence-column1017_a93485-8a{position:relative;}@media all and (max-width: 1024px){.kadence-column1017_a93485-8a > .kt-inside-inner-col{flex-direction:column;justify-content:center;}}@media all and (max-width: 767px){.kadence-column1017_a93485-8a > .kt-inside-inner-col{flex-direction:column;justify-content:center;}}<\/style>\n<div class=\"wp-block-kadence-column kadence-column1017_a93485-8a inner-column-1\"><div class=\"kt-inside-inner-col\">\n<p>J\u00e4rjest\u00e4mme veneilysesongin aikana my\u00f6s lyhyit\u00e4 purjehdusreissuja, joihin voi tulla kuka tahansa &#8211; sek\u00e4 aloittelijat ett\u00e4 konkarit, kun haluaa p\u00e4\u00e4st\u00e4 nautiskelemaan illasta vesill\u00e4 tai saamaan lis\u00e4\u00e4 purjehduskokemusta.  J\u00e4rjest\u00e4mme iltapurjehduksia my\u00f6s omalle ryhm\u00e4lle tilauksesta. Voit varata yst\u00e4viesi kanssa pienen tuuletusreissun. <\/p>\n\n\n<style>.wp-block-kadence-advancedheading.kt-adv-heading1017_c45190-56, .wp-block-kadence-advancedheading.kt-adv-heading1017_c45190-56[data-kb-block=\"kb-adv-heading1017_c45190-56\"]{font-style:normal;}.wp-block-kadence-advancedheading.kt-adv-heading1017_c45190-56 mark.kt-highlight, .wp-block-kadence-advancedheading.kt-adv-heading1017_c45190-56[data-kb-block=\"kb-adv-heading1017_c45190-56\"] mark.kt-highlight{font-style:normal;color:#f76a0c;-webkit-box-decoration-break:clone;box-decoration-break:clone;padding-top:0px;padding-right:0px;padding-bottom:0px;padding-left:0px;}.wp-block-kadence-advancedheading.kt-adv-heading1017_c45190-56 img.kb-inline-image, .wp-block-kadence-advancedheading.kt-adv-heading1017_c45190-56[data-kb-block=\"kb-adv-heading1017_c45190-56\"] img.kb-inline-image{width:150px;vertical-align:baseline;}<\/style>\n<h6 class=\"kt-adv-heading1017_c45190-56 wp-block-kadence-advancedheading\" data-kb-block=\"kb-adv-heading1017_c45190-56\">P\u00e4iv\u00e4purjehdus<\/h6>\n\n\n\n<p>P\u00e4iv\u00e4purjehduksen kesto on 8 tuntia (10-18) tai sopimuksen mukaan.<\/p>\n\n\n<style>.wp-block-kadence-advancedheading.kt-adv-heading1017_b79cd1-ba, .wp-block-kadence-advancedheading.kt-adv-heading1017_b79cd1-ba[data-kb-block=\"kb-adv-heading1017_b79cd1-ba\"]{font-style:normal;}.wp-block-kadence-advancedheading.kt-adv-heading1017_b79cd1-ba mark.kt-highlight, .wp-block-kadence-advancedheading.kt-adv-heading1017_b79cd1-ba[data-kb-block=\"kb-adv-heading1017_b79cd1-ba\"] mark.kt-highlight{font-style:normal;color:#f76a0c;-webkit-box-decoration-break:clone;box-decoration-break:clone;padding-top:0px;padding-right:0px;padding-bottom:0px;padding-left:0px;}.wp-block-kadence-advancedheading.kt-adv-heading1017_b79cd1-ba img.kb-inline-image, .wp-block-kadence-advancedheading.kt-adv-heading1017_b79cd1-ba[data-kb-block=\"kb-adv-heading1017_b79cd1-ba\"] img.kb-inline-image{width:150px;vertical-align:baseline;}<\/style>\n<h6 class=\"kt-adv-heading1017_b79cd1-ba wp-block-kadence-advancedheading\" data-kb-block=\"kb-adv-heading1017_b79cd1-ba\">Iltapurjehdus<\/h6>\n\n\n\n<p>Iltapurjehduksen kesto on tavallisimmin nelj\u00e4 tuntia (17-21).<\/p>\n<\/div><\/div>\n\n<\/div><\/div>\n\n<style>.kb-row-layout-id1017_ea131e-c8 > .kt-row-column-wrap{align-content:start;}:where(.kb-row-layout-id1017_ea131e-c8 > .kt-row-column-wrap) > .wp-block-kadence-column{justify-content:start;}.kb-row-layout-id1017_ea131e-c8 > .kt-row-column-wrap{column-gap:var(--global-kb-gap-md, 2rem);row-gap:var(--global-kb-gap-md, 2rem);max-width:900px;margin-left:auto;margin-right:auto;padding-top:25px;padding-right:70px;padding-bottom:100px;padding-left:70px;grid-template-columns:minmax(0, 1fr);}.kb-row-layout-id1017_ea131e-c8 > .kt-row-layout-overlay{opacity:0.30;}.kb-row-layout-id1017_ea131e-c8 .kt-row-layout-bottom-sep{height:100px;}.kb-row-layout-id1017_ea131e-c8 .kt-row-layout-bottom-sep svg{width:100%;}.kb-row-layout-id1017_ea131e-c8 .kt-row-layout-bottom-sep svg{fill:var(--global-palette2, #2B6CB0)!important;}.kb-row-layout-id1017_ea131e-c8 .kt-row-layout-top-sep{height:100px;}.kb-row-layout-id1017_ea131e-c8 .kt-row-layout-top-sep svg{width:100%;}.kb-row-layout-id1017_ea131e-c8 .kt-row-layout-top-sep svg{fill:#ffffff!important;}@media all and (max-width: 1024px){.kb-row-layout-id1017_ea131e-c8 > .kt-row-column-wrap{grid-template-columns:minmax(0, 1fr);}}@media all and (max-width: 1024px){.kb-row-layout-id1017_ea131e-c8 .kt-row-layout-bottom-sep{height:px;}}@media all and (max-width: 1024px){.kb-row-layout-id1017_ea131e-c8 .kt-row-layout-bottom-sep svg{width:%;}}@media all and (max-width: 767px){.kb-row-layout-id1017_ea131e-c8 > .kt-row-column-wrap{padding-right:30px;padding-left:30px;grid-template-columns:minmax(0, 1fr);}.kb-row-layout-id1017_ea131e-c8 .kt-row-layout-bottom-sep{height:px;}.kb-row-layout-id1017_ea131e-c8 .kt-row-layout-bottom-sep svg{width:%;}}<\/style><div class=\"kb-row-layout-wrap kb-row-layout-id1017_ea131e-c8 alignnone has-theme-palette1-background-color kt-row-has-bg wp-block-kadence-rowlayout\"><div class=\"kt-row-layout-bottom-sep kt-row-sep-type-mtns\"><svg viewBox=\"0 0 1000 100\" preserveAspectRatio=\"none\"><path d=\"M1000,50l-182.69,-45.286l-292.031,61.197l-190.875,-41.075l-143.748,28.794l-190.656,-23.63l0,70l1000,0l0,-50Z\" style=\"opacity: 0.4\" \/><path d=\"M1000,57l-152.781,-22.589l-214.383,19.81l-159.318,-21.471l-177.44,25.875l-192.722,5.627l-103.356,-27.275l0,63.023l1000,0l0,-43Z\" \/><\/svg><\/div><div class=\"kt-row-column-wrap kt-has-1-columns kt-row-layout-equal kt-tab-layout-inherit kt-mobile-layout-row kt-row-valign-top\">\n<style>.kadence-column1017_f2def8-20 > .kt-inside-inner-col,.kadence-column1017_f2def8-20 > .kt-inside-inner-col:before{border-top-left-radius:0px;border-top-right-radius:0px;border-bottom-right-radius:0px;border-bottom-left-radius:0px;}.kadence-column1017_f2def8-20 > .kt-inside-inner-col{column-gap:var(--global-kb-gap-sm, 1rem);}.kadence-column1017_f2def8-20 > .kt-inside-inner-col{flex-direction:column;}.kadence-column1017_f2def8-20 > .kt-inside-inner-col > .aligncenter{width:100%;}.kadence-column1017_f2def8-20 > .kt-inside-inner-col:before{opacity:0.3;}.kadence-column1017_f2def8-20{position:relative;}@media all and (max-width: 1024px){.kadence-column1017_f2def8-20 > .kt-inside-inner-col{flex-direction:column;justify-content:center;}}@media all and (max-width: 767px){.kadence-column1017_f2def8-20 > .kt-inside-inner-col{flex-direction:column;justify-content:center;}}<\/style>\n<div class=\"wp-block-kadence-column kadence-column1017_f2def8-20 inner-column-1\"><div class=\"kt-inside-inner-col\"><style>.wp-block-kadence-advancedheading.kt-adv-heading1017_5f1010-24, .wp-block-kadence-advancedheading.kt-adv-heading1017_5f1010-24[data-kb-block=\"kb-adv-heading1017_5f1010-24\"]{font-style:normal;}.wp-block-kadence-advancedheading.kt-adv-heading1017_5f1010-24 mark.kt-highlight, .wp-block-kadence-advancedheading.kt-adv-heading1017_5f1010-24[data-kb-block=\"kb-adv-heading1017_5f1010-24\"] mark.kt-highlight{font-style:normal;color:#f76a0c;-webkit-box-decoration-break:clone;box-decoration-break:clone;padding-top:0px;padding-right:0px;padding-bottom:0px;padding-left:0px;}.wp-block-kadence-advancedheading.kt-adv-heading1017_5f1010-24 img.kb-inline-image, .wp-block-kadence-advancedheading.kt-adv-heading1017_5f1010-24[data-kb-block=\"kb-adv-heading1017_5f1010-24\"] img.kb-inline-image{width:150px;vertical-align:baseline;}<\/style>\n<h3 class=\"kt-adv-heading1017_5f1010-24 wp-block-kadence-advancedheading has-theme-palette-9-color has-text-color\" data-kb-block=\"kb-adv-heading1017_5f1010-24\">Lis\u00e4tietoja ja varaus<\/h3>\n\n\n<style>.kb-posts-id-1017_4bcb6d-5e .kb-post-list-item{display:grid;}<\/style><ul class=\"wp-block-kadence-posts kb-posts kadence-posts-list kb-posts-id-1017_4bcb6d-5e content-wrap grid-cols kb-posts-style-boxed grid-sm-col-2 grid-lg-col-3 item-image-style-above\"><li class=\"kb-post-list-item\">\n\t<article class=\"entry content-bg loop-entry kb-post-no-image post-4342 post type-post status-publish format-standard has-post-thumbnail hentry category-harjoitukset category-iltapurjehdus category-johdatus category-purjehtijakurssit tag-purjehdus tag-purjehduskurssi\">\n\t\t\t\t<div class=\"entry-content-wrap\">\n\t\t\t<header class=\"entry-header\">\n\t<h5 class=\"entry-title\"><a href=\"https:\/\/purjehduskurssi.com\/en\/maanantaiseiluut\/\" rel=\"bookmark\">Maanantain iltapurjehdukset Lauttasaaresta<\/a><\/h5>\t<div class=\"entry-meta entry-meta-divider-dot\">\n\t\t<\/div><!-- .entry-meta -->\n\t<\/header><!-- .entry-header -->\n\t<div class=\"entry-summary\">\n\t\t<p>maanantai-iltaisin 17-20.30 Lauttasaaresta, Dufour 375GL <\/p>\n\t<\/div><!-- .entry-summary -->\n\t<footer class=\"entry-footer\">\n\t<\/footer><!-- .entry-footer -->\t\t<\/div>\n\t<\/article>\n<\/li>\n<li class=\"kb-post-list-item\">\n\t<article class=\"entry content-bg loop-entry kb-post-no-image post-4743 post type-post status-publish format-standard has-post-thumbnail hentry category-harjoitukset category-iltapurjehdus category-johdatus category-purjehtijakurssit category-vanhat tag-purjehdus tag-purjehduskurssi\">\n\t\t\t\t<div class=\"entry-content-wrap\">\n\t\t\t<header class=\"entry-header\">\n\t<h5 class=\"entry-title\"><a href=\"https:\/\/purjehduskurssi.com\/en\/sail-in-helsinki\/\" rel=\"bookmark\">Sail in Helsinki<\/a><\/h5>\t<div class=\"entry-meta entry-meta-divider-dot\">\n\t\t<\/div><!-- .entry-meta -->\n\t<\/header><!-- .entry-header -->\n\t<div class=\"entry-summary\">\n\t\t<p>Evening sailings in English from Lauttasaari, Helsinki.<\/p>\n\t<\/div><!-- .entry-summary -->\n\t<footer class=\"entry-footer\">\n\t<\/footer><!-- .entry-footer -->\t\t<\/div>\n\t<\/article>\n<\/li>\n<li class=\"kb-post-list-item\">\n\t<article class=\"entry content-bg loop-entry kb-post-no-image post-4919 post type-post status-publish format-standard has-post-thumbnail hentry category-harjoitukset category-iltapurjehdus category-johdatus category-purjehtijakurssit category-vanhat tag-purjehdus tag-purjehduskurssi\">\n\t\t\t\t<div class=\"entry-content-wrap\">\n\t\t\t<header class=\"entry-header\">\n\t<h5 class=\"entry-title\"><a href=\"https:\/\/purjehduskurssi.com\/en\/sailing-course-in-english\/\" rel=\"bookmark\">Sailing course in English 20.-21.7.2024<\/a><\/h5>\t<div class=\"entry-meta entry-meta-divider-dot\">\n\t\t<\/div><!-- .entry-meta -->\n\t<\/header><!-- .entry-header -->\n\t<div class=\"entry-summary\">\n\t\t<p>20.-21.7. Lauttasaari, Helsinki<\/p>\n\t<\/div><!-- .entry-summary -->\n\t<footer class=\"entry-footer\">\n\t<\/footer><!-- .entry-footer -->\t\t<\/div>\n\t<\/article>\n<\/li>\n<\/ul>\n\n\n<p><\/p>\n<\/div><\/div>\n\n<\/div><\/div>","protected":false},"excerpt":{"rendered":"<p>J\u00e4rjest\u00e4mme veneilysesongin aikana my\u00f6s lyhyit\u00e4 purjehdusreissuja, joihin voi tulla kuka tahansa &#8211; sek\u00e4 aloittelijat ett\u00e4 konkarit, kun haluaa p\u00e4\u00e4st\u00e4 nautiskelemaan illasta vesill\u00e4 tai saamaan lis\u00e4\u00e4 purjehduskokemusta. J\u00e4rjest\u00e4mme iltapurjehduksia my\u00f6s omalle ryhm\u00e4lle tilauksesta. Voit varata yst\u00e4viesi kanssa pienen tuuletusreissun. P\u00e4iv\u00e4purjehdus P\u00e4iv\u00e4purjehduksen kesto on 8 tuntia (10-18) tai sopimuksen mukaan. Iltapurjehdus Iltapurjehduksen kesto on tavallisimmin nelj\u00e4 tuntia&#8230;<\/p>","protected":false},"author":2,"featured_media":0,"parent":0,"menu_order":0,"comment_status":"closed","ping_status":"closed","template":"","meta":{"_kad_post_transparent":"","_kad_post_title":"hide","_kad_post_layout":"","_kad_post_sidebar_id":"","_kad_post_content_style":"","_kad_post_vertical_padding":"","_kad_post_feature":"","_kad_post_feature_position":"","_kad_post_header":false,"_kad_post_footer":false,"_kad_post_classname":"","footnotes":""},"class_list":["post-1017","page","type-page","status-publish","hentry"],"_links":{"self":[{"href":"https:\/\/purjehduskurssi.com\/en\/wp-json\/wp\/v2\/pages\/1017","targetHints":{"allow":["GET"]}}],"collection":[{"href":"https:\/\/purjehduskurssi.com\/en\/wp-json\/wp\/v2\/pages"}],"about":[{"href":"https:\/\/purjehduskurssi.com\/en\/wp-json\/wp\/v2\/types\/page"}],"author":[{"embeddable":true,"href":"https:\/\/purjehduskurssi.com\/en\/wp-json\/wp\/v2\/users\/2"}],"replies":[{"embeddable":true,"href":"https:\/\/purjehduskurssi.com\/en\/wp-json\/wp\/v2\/comments?post=1017"}],"version-history":[{"count":17,"href":"https:\/\/purjehduskurssi.com\/en\/wp-json\/wp\/v2\/pages\/1017\/revisions"}],"predecessor-version":[{"id":4013,"href":"https:\/\/purjehduskurssi.com\/en\/wp-json\/wp\/v2\/pages\/1017\/revisions\/4013"}],"wp:attachment":[{"href":"https:\/\/purjehduskurssi.com\/en\/wp-json\/wp\/v2\/media?parent=1017"}],"curies":[{"name":"wp","href":"https:\/\/api.w.org\/{rel}","templated":true}]}}